{"id":1038,"date":"2012-03-18T00:59:16","date_gmt":"2012-03-17T23:59:16","guid":{"rendered":"http:\/\/vjeronauk.net\/?page_id=1038"},"modified":"2026-04-01T22:28:44","modified_gmt":"2026-04-01T21:28:44","slug":"krizni-put","status":"publish","type":"page","link":"https:\/\/vjeronauk.net\/?page_id=1038","title":{"rendered":"Kri\u017eni put"},"content":{"rendered":"<p><em><span style=\"color: #000080;\">Pobo\u017enost Kri\u017enoga puta mo\u017ee se uvijek moliti, no naj\u010de\u0161\u0107e se moli u korizmi, a posebno utorkom i petkom.<\/span><\/em><\/p>\n<p><span style=\"color: #ff0000;\">P.<\/span> U ime Oca i Sina i Duha Svetoga.<br \/>\n<span style=\"color: #ff0000;\">O.<\/span> Amen.<\/p>\n<p><span style=\"color: #000080;\"><strong>PRISTUPNA MOLITVA<\/strong><\/span><br \/>\nMilostivi Bo\u017ee, Isuse Kriste! Evo moja du\u0161a s Tvojom rastu\u017eenom Majkom Marijom ide za Tobom i prati Te na te\u0161kom putu Tvoje gorke muke. Okrijepi me svojom milo\u0161\u0107u da mogu strpljivo nositi svoj kri\u017e, \u0161to sam ga svojim grijesima zaslu\u017eio. Daj mi jakost da ne klonem i ne iznemognem na tom putu. Daj da mi svaka postaja bude korak u nebo. Amen.<\/p>\n<p>Idu\u0107i k prvoj postaji, pjeva se ili moli:<\/p>\n<p><em><span style=\"color: #800000;\">Stala pla\u010du\u0107 tu\u017ena Mati,<\/span><\/em><br \/>\n<em><span style=\"color: #800000;\"> Gledala je kako pati<\/span><\/em><br \/>\n<em><span style=\"color: #800000;\"> Sin joj na kri\u017e uzdignut.<\/span><\/em><\/p>\n<p><strong><span style=\"color: #000080;\">PRVA POSTAJA<\/span><\/strong><br \/>\n<strong>Isusa osu\u0111uju na smrt<\/strong><\/p>\n<p><span style=\"color: #ff0000;\">P.<\/span> Klanjamo Ti se, Kriste, i blagoslivljamo Te.<br \/>\n<span style=\"color: #ff0000;\">O.<\/span> Jer si po svojem svetom Kri\u017eu otkupio svijet.<\/p>\n<p>Gledaj, nedu\u017enog Isusa gdje stoji pred sucem! Slu\u0161aj, kako ga krivo optu\u017euju i tu\u017ee, a on ni ne otvara svojih usta! Razdra\u017een narod, koji ga je prije nekoliko dana slavio kao kralja, mahnito vi\u010de: &#8220;Propni ga, propni!&#8221; Osudi\u0161e ga; On drage volje prima osudu, samo da nas oslobodi od osude vje\u010dnoga prokletstva.<\/p>\n<p>POMOLIMO SE: Gospodine Isuse! Na tu nepravednu osudu pristao sam i ja po grijehu. I ja sam Te osudio svojim zlim \u017eivljenjem. Oprosti mi! Daj mi milost, da i ja krotko i strpljivo primam krivi sud te da se rije\u0161im osude na vje\u010dne muke. Amen.<br \/>\n<em>O\u010de na\u0161, Zdravo Marijo, Slava Ocu.<\/em><\/p>\n<p><span style=\"color: #ff0000;\">P.<\/span> Smiluj nam se, Gospodine!<br \/>\n<span style=\"color: #ff0000;\">O.<\/span> Smiluj nam se!<\/p>\n<p><em><span style=\"color: #800000;\">Du\u0161om njenom razboljenom,<\/span><\/em><br \/>\n<em><span style=\"color: #800000;\"> Rastu\u017eenom, ra\u017ealjenom,<\/span><\/em><br \/>\n<em><span style=\"color: #800000;\"> prolazio ma\u010d je ljut.<\/span><\/em><\/p>\n<p><span style=\"color: #000080;\"><strong>DRUGA POSTAJA<\/strong><\/span><br \/>\n<strong>Isus prima na se kri\u017e<\/strong><\/p>\n<p><span style=\"color: #ff0000;\">P.<\/span> Klanjamo Ti se, Kriste, i blagoslivljamo Te.<br \/>\n<span style=\"color: #ff0000;\">O.<\/span> Jer si po svojem svetom Kri\u017eu otkupio svijet.<\/p>\n<p>Gledaj te\u0161ki kri\u017e \u0161to ga na Isusa navali\u0161e njegovi neprijatelji. Ne nosi ga on za sebe, ve\u0107 za tebe i za \u010ditav svijet. Njegova sveta ramena ti\u0161te tvoji grijesi i grijesi sviju ljudi, a ti se jo\u0161 ne\u0107e\u0161 popraviti! \u0160to prije skini sa sebe te\u0161ko breme svojih grijeha u skru\u0161enoj i valjanoj ispovijedi.<\/p>\n<p>POMOLIMO SE: Blagi Spasitelju, Isuse Kriste! Ti si dragovoljno na sebe primio kri\u017e \u0161to Ti ga priredi\u0161e moji grijesi i grijesi svega svijeta. Daj mi milost da o\u0107utim te\u0161ko breme svojih grijeha i da ih skru\u0161eno opla\u010dem. Amen.<br \/>\n<em>O\u010de na\u0161, Zdravo Marijo, Slava Ocu.<\/em><\/p>\n<p><span style=\"color: #ff0000;\">P.<\/span> Smiluj nam se, Gospodine!<br \/>\n<span style=\"color: #ff0000;\">O.<\/span> Smiluj nam se!<\/p>\n<p><span style=\"color: #800000;\"><em>O koliko ucviljena<\/em><\/span><br \/>\n<span style=\"color: #800000;\"><em> Bje\u0161e ona uzvi\u0161ena<\/em><\/span><br \/>\n<span style=\"color: #800000;\"><em> Majka Sina jedinog!<\/em><\/span><\/p>\n<p><span style=\"color: #000080;\"><strong>TRE\u0106A POSTAJA<\/strong><\/span><br \/>\n<strong>Isus pada prvi put pod kri\u017eem<\/strong><\/p>\n<p><span style=\"color: #ff0000;\">P.<\/span> Klanjamo Ti se, Kriste, i blagoslivljamo Te.<br \/>\n<span style=\"color: #ff0000;\">O.<\/span> Jer si po svojem svetom Kri\u017eu otkupio svijet.<\/p>\n<p>Kako su te\u0161ki na\u0161i grijesi! Pod njihovim teretom pada onaj, koji sve dr\u017ei svojom svemo\u0107nom rije\u010dju; pada zato, da se mi podignemo iz svojih zlo\u0107a. Gledaj, kako Isus strpljivo podnosi sve pogrde i nemile udarce! A ti se tu\u017ei\u0161 na svaku malenkost, i nepromi\u0161ljeno mrmlja\u0161, ti, koji si i vi\u0161e toga zaslu\u017eio<\/p>\n<p>POMOLIMO SE: Nedu\u017eni Isuse Kriste! Pod te\u017einom mojih grijeha pada\u0161 Ti, da mene bijednika podigne\u0161. Okrijepi me, dragi Isuse, da nikada vi\u0161e ne padnem u grijeh! Daj mi milost, da me nikakvo zlo ne odijeli od Tvoje ljubavi. Amen.<br \/>\n<em>O\u010de na\u0161, Zdravo Marijo, Slava Ocu.<\/em><\/p>\n<p><span style=\"color: #ff0000;\">P.<\/span> Smiluj nam se, Gospodine!<br \/>\n<span style=\"color: #ff0000;\">O.<\/span> Smiluj nam se!<\/p>\n<p><em><span style=\"color: #800000;\">Bol bolova sve to lju\u0107i<\/span><\/em><br \/>\n<em><span style=\"color: #800000;\"> Blaga Mati gledaju\u0107i<\/span><\/em><br \/>\n<em><span style=\"color: #800000;\"> Muke slavnog \u010ceda svog<\/span><\/em><\/p>\n<p><span style=\"color: #000080;\"><strong>\u010cETVRTA POSTAJA<\/strong><\/span><br \/>\n<strong>Isus susre\u0107e svoju svetu Majku<\/strong><\/p>\n<p><span style=\"color: #ff0000;\">P.<\/span> Klanjamo Ti se, Kriste, i blagoslivljamo Te.<br \/>\n<span style=\"color: #ff0000;\">O.<\/span> Jer si po svojem svetom Kri\u017eu otkupio svijet.<\/p>\n<p>Gledaj \u017ealosnu Isusovu Majku, kako rasplakana ide za svojim Sinom! Kolika joj bol obuze srce, kad ga vidje onako nagr\u0111ena i izmu\u010dena! A tko joj prouzro\u010di toliku bol? Mi i na\u0161i grijesi. Ho\u0107emo li i nadalje svojim grijesima zadavati bol svetoj Spasiteljevoj Majci? Ne, nikada vi\u0161e!<\/p>\n<p>POMOLIMO SE: Dragi Isuse! Molim Te za onu tugu, \u0161to si je podnio kad si susreo svoju Majku: udijeli mi pravu pobo\u017enost prema svojoj svetoj Majci. A ti, \u017ealosna Majko, pomozi mi, da se uvijek spominjem muke tvoga Sina, i da po njoj do\u0111em u nebo. Amen.<br \/>\n<em>O\u010de na\u0161, Zdravo Marijo, Slava Ocu.<\/em><\/p>\n<p><span style=\"color: #ff0000;\">P.<\/span> Smiluj nam se, Gospodine!<br \/>\n<span style=\"color: #ff0000;\">O.<\/span> Smiluj nam se!<\/p>\n<p><span style=\"color: #800000;\"><em>Koji \u010dovjek ne bi plako<\/em><\/span><br \/>\n<span style=\"color: #800000;\"><em> Majku Bo\u017eju vide\u0107 tako<\/em><\/span><br \/>\n<span style=\"color: #800000;\"><em> U tjeskobi tolikoj!<\/em><\/span><\/p>\n<p><span style=\"color: #000080;\"><strong>PETA POSTAJA<\/strong><\/span><br \/>\n<strong>\u0160imun Cirenac poma\u017ee Isusu nositi kri\u017e<\/strong><\/p>\n<p><span style=\"color: #ff0000;\">P.<\/span> Klanjamo Ti se, Kriste, i blagoslivljamo Te.<br \/>\n<span style=\"color: #ff0000;\">O.<\/span> Jer si po svojem svetom Kri\u017eu otkupio svijet.<\/p>\n<p>Spasitelj je tako iznemogao da ve\u0107 ne mo\u017ee nositi kri\u017e, ali tvrdo ljudsko srce nema smilovanja. Isus je mnogoga bolesnika ozdravio, mnogomu mrtvacu vratio \u017eivot; sada sam treba pomo\u0107i, ali mu nema nikoga u pomo\u0107. Ne preosta, dakle, njegovim neprijateljima drugo, ve\u0107 prisile \u0160imuna da pomogne Isusu nositi kri\u017e. O sretna li \u0160imuna! A kako ti nosi\u0161 kri\u017e?<\/p>\n<p>POMOLIMO SE: Mili moj Isuse! Prosvijetli me svojom milo\u0161\u0107u, da spoznam kolika je vrijednost Tvojega kri\u017ea; i daj mi milost da kri\u017e, od Tebe meni poslan, zagrlim i nosim drage volje dokle god Ti ho\u0107e\u0161. Amen.<br \/>\n<em>O\u010de na\u0161, Zdravo Marijo, Slava Ocu.<\/em><\/p>\n<p><span style=\"color: #ff0000;\">P.<\/span> Smiluj nam se, Gospodine!<br \/>\n<span style=\"color: #ff0000;\">O.<\/span> Smiluj nam se!<\/p>\n<p><em><span style=\"color: #800000;\">Tko protu\u017eit ne\u0107e s \u010cistom,<\/span><\/em><br \/>\n<em><span style=\"color: #800000;\"> Kada vidi gdje za Kristom<\/span><\/em><br \/>\n<em><span style=\"color: #800000;\"> Razdire se srce njoj?<\/span><\/em><\/p>\n<p><span style=\"color: #000080;\"><strong>\u0160ESTA POSTAJA<\/strong><\/span><br \/>\n<strong>Veronika pru\u017ea Isusu rubac<\/strong><\/p>\n<p><span style=\"color: #ff0000;\">P.<\/span> Klanjamo Ti se, Kriste, i blagoslivljamo Te.<br \/>\n<span style=\"color: #ff0000;\">O.<\/span> Jer si po svojem svetom Kri\u017eu otkupio svijet.<\/p>\n<p>Me\u0111u silnom svjetinom, koja se nasla\u0111ivala Isusovim mukama, na\u0161la se jedna pobo\u017ena \u017eena koja po\u017eali Isusa. Ona mu pru\u017ei rubac da otare svoje krvavo lice. A za nagradu vra\u0107a joj Spasitelj sliku svoga svetoga obraza, utisnutu u rubac. Kako je lijepo ogledalo dobila sveta Veronika! Ogledaj se u to ogledalo \u010desto!<\/p>\n<p>POMOLIMO SE: Dobri Isuse, koji si smrtnim znojem svoga lica meni spasio \u017eivot: daj, vrati mojoj du\u0161i ljepotu koju je primila na kr\u0161tenju! Daj mi onako nje\u017eno srce, kakvim Ti je sveta Veronika pru\u017eila rubac, pa i meni utisni u srce biljeg svoje muke. Amen.<br \/>\n<em>O\u010de na\u0161, Zdravo Marijo, Slava Ocu.<\/em><\/p>\n<p><span style=\"color: #ff0000;\">P.<\/span> Smiluj nam se, Gospodine!<br \/>\n<span style=\"color: #ff0000;\">O.<\/span> Smiluj nam se!<\/p>\n<p><em><span style=\"color: #800000;\">Zarad grijeha svoga puka<\/span><\/em><br \/>\n<em><span style=\"color: #800000;\"> Gleda njega usred muka,<\/span><\/em><br \/>\n<em><span style=\"color: #800000;\"> I gdje bi\u010dem bijen bi.<\/span><\/em><\/p>\n<p><span style=\"color: #000080;\"><strong>SEDMA POSTAJA<\/strong><\/span><br \/>\n<strong>Isus pada drugi put pod kri\u017eem<\/strong><\/p>\n<p><span style=\"color: #ff0000;\">P.<\/span> Klanjamo Ti se, Kriste, i blagoslivljamo Te.<br \/>\n<span style=\"color: #ff0000;\">O.<\/span> Jer si po svojem svetom Kri\u017eu otkupio svijet.<\/p>\n<p>Eto, i opet pada Isus, da iz gliba grijeha podigne tebe i sve ljude. Kako ga moraju boljeti rane na svetom tijelu! Ali jo\u0161 vi\u0161e nego rane bole ga tvoji grijesi, u koje jednako pada\u0161. Prigni ve\u0107 jednom svoju oholu glavu, budi od srca ponizan i nau\u010di se, Bogu za ljubav i za pokoru svojih grijeha, strpljivo podnositi svaki kri\u017e!<\/p>\n<p>POMOLIMO SE: Ljubljeni Isuse! Ti opet pada\u0161 pod te\u0161kim kri\u017eem. Molim Te za boli, \u0161to si ih o\u0107utio kod ovoga pada. Digni me iz mojih grijeha, i ne daj da se ikada vi\u0161e u njih vratim. Amen.<br \/>\n<em>O\u010de na\u0161, Zdravo Marijo, Slava Ocu.<\/em><\/p>\n<p><span style=\"color: #ff0000;\">P.<\/span> Smiluj nam se, Gospodine!<br \/>\n<span style=\"color: #ff0000;\">O.<\/span> Smiluj nam se!<\/p>\n<p><em><span style=\"color: #800000;\">Gleda svoga milog Sina,<\/span><\/em><br \/>\n<em><span style=\"color: #800000;\"> Ostavljenog sred gor\u010dina,<\/span><\/em><br \/>\n<em><span style=\"color: #800000;\"> Gdje se s du\u0161om odijeli.<\/span><\/em><\/p>\n<p><span style=\"color: #000080;\"><strong>OSMA POSTAJA<\/strong><\/span><br \/>\n<strong>Isus tje\u0161i jeruzalemske \u017eene<\/strong><\/p>\n<p><span style=\"color: #ff0000;\">P.<\/span> Klanjamo Ti se, Kriste, i blagoslivljamo Te.<br \/>\n<span style=\"color: #ff0000;\">O.<\/span> Jer si po svojem svetom Kri\u017eu otkupio svijet.<\/p>\n<p>Bogoljubne \u017eene po\u017eali\u0161e Isusa kad ga vidje\u0161e svega krvava i izranjena, i zato uze\u0161e nad njim plakati. A Isus im re\u010de: &#8220;K\u0107eri jeruzalemske, ne oplakujte mene, nego oplakujte sebe i svoju djecu!&#8221; I tebi Isus veli isto, \u0161to je rekao \u017eenama: &#8220;Ne oplakuj, sinko, mene, nego oplakuj sebe i svoje grijehe!&#8221; A gdje su tvoje suze, da opla\u010de\u0161 svoje grijehe?<\/p>\n<p>POMOLIMO SE: Dragi Isuse, koji oplakuje\u0161 na\u0161e grijehe vi\u0161e nego svoju muku, daj mi milost, da skru\u0161enim srcem opla\u010dem grijehe i uvrede, \u0161to sam Ti ih nanio, i da zavrijedim veseliti se s Tobom u nebeskom kraljevstvu. Amen.<br \/>\n<em>O\u010de na\u0161, Zdravo Marijo, Slava Ocu.<\/em><\/p>\n<p><span style=\"color: #ff0000;\">P.<\/span> Smiluj nam se, Gospodine!<br \/>\n<span style=\"color: #ff0000;\">O.<\/span> Smiluj nam se!<\/p>\n<p><em><span style=\"color: #800000;\">Vrelo milja, slatka Mati,<\/span><\/em><br \/>\n<em><span style=\"color: #800000;\"> Bol mi gorku osje\u0107ati<\/span><\/em><br \/>\n<em><span style=\"color: #800000;\"> Daj, da s tobom procvilim!<\/span><\/em><\/p>\n<p><span style=\"color: #000080;\"><strong>DEVETA POSTAJA<\/strong><\/span><br \/>\n<strong> Isus pada tre\u0107i put pod kri\u017eem<\/strong><\/p>\n<p><span style=\"color: #ff0000;\">P.<\/span> Klanjamo Ti se, Kriste, i blagoslivljamo Te.<br \/>\n<span style=\"color: #ff0000;\">O.<\/span> Jer si po svojem svetom Kri\u017eu otkupio svijet.<\/p>\n<p>Po tre\u0107i put pada Isus pod kri\u017eem, ali ga ne prestaje nositi dok ne dovr\u0161i djelo ljudskoga spasenja. Za\u0161to ti ne\u0107e\u0161 nositi kri\u017e koji te vodi u nebo? U kri\u017eu je spasenje, u kri\u017eu je za\u0161tita i obrana, u kri\u017eu je \u017eivot. Zato prigrli kri\u017e, da \u017eivi\u0161 uvijeke.<\/p>\n<p>POMOLIMO SE: Dobri Isuse, koji si od silne muke i po tre\u0107i put pao pod kri\u017eem, ali se opet pridigao i prigrlio kri\u017e da dovr\u0161i\u0161 za me \u017ertvu, daj mi jakost i ustrajnost da sa strahom i trepetom mislim na spasenje svoje du\u0161e, i da me breme grijeha ne obori u vje\u010dni ponor, odakle nema spasenja. Amen.<br \/>\n<em>O\u010de na\u0161, Zdravo Marijo, Slava Ocu.<\/em><\/p>\n<p><span style=\"color: #ff0000;\">P.<\/span> Smiluj nam se, Gospodine!<br \/>\n<span style=\"color: #ff0000;\">O.<\/span> Smiluj nam se!<\/p>\n<p><span style=\"color: #800000;\"><em>Neka ljubav srca moga<\/em><\/span><br \/>\n<span style=\"color: #800000;\"><em> Gori sve\u0111 za Krista Boga,<\/em><\/span><br \/>\n<span style=\"color: #800000;\"><em> Da mu u svem omilim.<\/em><\/span><\/p>\n<p><span style=\"color: #000080;\"><strong>DESETA POSTAJA<\/strong><\/span><br \/>\n<strong> Isusa svla\u010de<\/strong><\/p>\n<p><span style=\"color: #ff0000;\">P.<\/span> Klanjamo Ti se, Kriste, i blagoslivljamo Te.<br \/>\n<span style=\"color: #ff0000;\">O.<\/span> Jer si po svojem svetom Kri\u017eu otkupio svijet.<\/p>\n<p>Gledaj, kako Isusovi krvnici svuko\u0161e s njega i odijelo! Oh, strahote! Gol stoji Bog koji sve odijeva! Njegovo sveto i \u010disto tijelo izvrgava se ruglu. Zbog na\u0161e ta\u0161te gizde i puste ta\u0161tine on mora podnositi toliku sramotu; mora biti bez odijela, da nas zaodjene odijelom nedu\u017enosti koje smo izgubili sramotnim mislima, rije\u010dima i djelima.<\/p>\n<p>POMOLIMO SE: Nedu\u017eni Isuse, koji si na Kalvariji bio sramotno svu\u010den, daj mi milost da i ja sa sebe svu\u010dem staru zlu \u0107ud i zle po\u017eude. Daj, da sve \u0161to je ta\u0161tim ljudima slatko, meni bude gorko, a Ti jedini da mi bude\u0161 prava slast i utjeha. Amen.<br \/>\n<em>O\u010de na\u0161, Zdravo Marijo, Slava Ocu.<\/em><\/p>\n<p><span style=\"color: #ff0000;\">P.<\/span> Smiluj nam se, Gospodine!<br \/>\n<span style=\"color: #ff0000;\">O.<\/span> Smiluj nam se!<\/p>\n<p><em><span style=\"color: #800000;\">Rane drage, Majko sveta,<\/span><\/em><br \/>\n<em><span style=\"color: #800000;\"> Spasa za me razapeta<\/span><\/em><br \/>\n<em><span style=\"color: #800000;\"> Tisni usred srca mog!<\/span><\/em><\/p>\n<p><span style=\"color: #000080;\"><strong>JEDANAESTA POSTAJA<\/strong><\/span><br \/>\n<strong> Isusa pribijaju na kri\u017e<\/strong><\/p>\n<p><span style=\"color: #ff0000;\">P.<\/span> Klanjamo Ti se, Kriste, i blagoslivljamo Te.<br \/>\n<span style=\"color: #ff0000;\">O.<\/span> Jer si po svojem svetom Kri\u017eu otkupio svijet.<\/p>\n<p>Zamisli kako o\u0161trim \u010davlima pribijaju na kri\u017e svete Isusove ruke, koje su ljudima u\u010dinile toliko dobra! Zamisli kako mu probijaju noge koje su kora\u010dale jedino za ljudsko spasenje! \u0160to si ti zaslu\u017eio, koji si svojim rukama po\u010dinio tolike nepravde, koji si \u010desto stupao po zabranjenom i krivom putu? Pravdi se Bo\u017ejoj mora svakako potpuno zadovoljiti: bolje na ovom svijetu, nego i na drugom.<\/p>\n<p>POMOLIMO SE: Klanjam Ti se, moj Isuse, i molim Te za tvoju svetu muku: daj da mi protrnu sva uda od svetoga straha. Daj da razapnem grje\u0161ne po\u017eude svoga tijela i da vazda budem tvoj. Amen.<br \/>\n<em>O\u010de na\u0161, Zdravo Marijo, Slava Ocu.<\/em><\/p>\n<p><span style=\"color: #ff0000;\">P.<\/span> Smiluj nam se, Gospodine!<br \/>\n<span style=\"color: #ff0000;\">O.<\/span> Smiluj nam se!<\/p>\n<p><em><span style=\"color: #800000;\">Neka do\u0111u i na mene<\/span><\/em><br \/>\n<em><span style=\"color: #800000;\"> Patnje za me podnesene<\/span><\/em><br \/>\n<em><span style=\"color: #800000;\"> Sina tvojeg ranjenog.<\/span><\/em><\/p>\n<p><span style=\"color: #000080;\"><strong>DVANAESTA POSTAJA<\/strong><\/span><br \/>\n<strong> Isus umire na kri\u017eu<\/strong><\/p>\n<p><span style=\"color: #ff0000;\">P.<\/span> Klanjamo Ti se, Kriste, i blagoslivljamo Te.<br \/>\n<span style=\"color: #ff0000;\">O.<\/span> Jer si po svojem svetom Kri\u017eu otkupio svijet.<\/p>\n<p>Spasitelj visi na kri\u017eu u groznim mukama, a njegovi ga neprijatelji jo\u0161 ru\u017ee i grde. Ali on ih ne proklinje, ve\u0107 za njih moli: &#8220;O\u010de, oprosti im, jer ne znaju \u0161to \u010dine!&#8221; Opra\u0161ta\u0161 li i ti svojim neprijateljima? Isus je umro, da mi \u017eivimo. Svojom smr\u0107u Isus je pobijedio smrt.<\/p>\n<p>POMOLIMO SE: Strpljivi Isuse, koji si na kri\u017eu izdahnuo, molim Te, pritegni me k sebi na sveti Kri\u017e! Zaslu\u017eio sam nesretnu smrt, ali Te molim, smiluj mi se poradi pregorke svoje smrti, i daj da jednom, s kri\u017eem u ruci, umrem u Tvojoj milosti. Amen.<br \/>\n<em>O\u010de na\u0161, Zdravo Marijo, Slava Ocu.<\/em><\/p>\n<p><span style=\"color: #ff0000;\">P.<\/span> Smiluj nam se, Gospodine!<br \/>\n<span style=\"color: #ff0000;\">O.<\/span> Smiluj nam se!<\/p>\n<p><em><span style=\"color: #800000;\">Daj mi s tobom suze livat,<\/span><\/em><br \/>\n<em><span style=\"color: #800000;\"> Raspetoga oplakivat,<\/span><\/em><br \/>\n<em><span style=\"color: #800000;\"> Dokle diso budem ja.<\/span><\/em><\/p>\n<p><span style=\"color: #000080;\"><strong>TRINAESTA POSTAJA<\/strong><\/span><br \/>\n<strong> Isusa skidaju s kri\u017ea<\/strong><\/p>\n<p><span style=\"color: #ff0000;\">P.<\/span> Klanjamo Ti se, Kriste, i blagoslivljamo Te.<br \/>\n<span style=\"color: #ff0000;\">O.<\/span> Jer si po svojem svetom Kri\u017eu otkupio svijet.<\/p>\n<p>Promisli, koliku je bol morala o\u0107utjeti bla\u017eena Djevica Marija, kad joj u krilo polo\u017ei\u0161e mrtvo tijelo ljubljenog Sina! Grijeh probode ma\u010dem neopisive \u017ealosti njezino maj\u010dinsko srce. Opla\u010di svoje grijehe i \u017eali Majku koja za te toliko trpi! \u010cuvaj se ponovnog pada, da je i opet ljuto ne ucvili\u0161.<\/p>\n<p>POMOLIMO SE: Rastu\u017eena Majko Isusova i moja Majko! Molim te za onu ljutu bol, \u0161to si je pretrpjela kad si primila u krilo mrtvo tijelo bo\u017eanskog Sina: primi i moju du\u0161u na samrti u svoje materinsko krilo. Amen.<br \/>\n<em>O\u010de na\u0161, Zdravo Marijo, Slava Ocu.<\/em><\/p>\n<p><span style=\"color: #ff0000;\">P.<\/span> Smiluj nam se, Gospodine!<br \/>\n<span style=\"color: #ff0000;\">O.<\/span> Smiluj nam se!<\/p>\n<p><em><span style=\"color: #800000;\">U tvom dru\u0161tvu uz kri\u017e stati,<\/span><\/em><br \/>\n<em><span style=\"color: #800000;\"> S tobom jade jadovati<\/span><\/em><br \/>\n<em><span style=\"color: #800000;\"> \u017delja mi je jedina.<\/span><\/em><\/p>\n<p><span style=\"color: #000080;\"><strong>\u010cETRNAESTA POSTAJA<\/strong><\/span><br \/>\n<strong> Isusa pola\u017eu u grob<\/strong><\/p>\n<p><span style=\"color: #ff0000;\">P.<\/span> Klanjamo Ti se, Kriste, i blagoslivljamo Te.<br \/>\n<span style=\"color: #ff0000;\">O.<\/span> Jer si po svojem svetom Kri\u017eu otkupio svijet.<\/p>\n<p>Pobo\u017eni Josip Arimatejac i Nikodem, iskaza\u0161e Spasitelju posljednju po\u010dast polo\u017eiv\u0161i mu sveto Tijelo u novu grobnicu, u kojoj ne bija\u0161e jo\u0161 nitko ukopan. No, Isusovo tijelo nije ostalo u grobu, slavno je ustalo iz groba i zdru\u017eilo se opet s du\u0161om. I tebe \u0107e jednom polo\u017eiti u grob. Gledaj, da ti tijelo bude izmu\u010deno trudom i naporom dobrih djela, da tako slavno ustane na vje\u010dni \u017eivot.<\/p>\n<p>POMOLIMO SE: Isuse, za\u010detni\u010de \u017eivota, daj da na tvom grobu o\u017eivim novim \u017eivotom i da, umrijev\u0161i posvema grijehu, s tobom jednom uskrsnem na vje\u010dni \u017eivot. Amen.<br \/>\n<em>O\u010de na\u0161, Zdravo Marijo, Slava Ocu.<\/em><\/p>\n<p><span style=\"color: #ff0000;\">P.<\/span> Smiluj nam se, Gospodine!<br \/>\n<span style=\"color: #ff0000;\">O.<\/span> Smiluj nam se!<\/p>\n<p><em><span style=\"color: #800000;\">Kada do\u0111u smrtni \u010dasi,<\/span><br \/>\n<span style=\"color: #800000;\"> Kriste, Bo\u017ee, nek me spasi<\/span><br \/>\n<span style=\"color: #800000;\"> Majke tvoje zagovor.<\/span><br \/>\n<\/em><\/p>\n<p><strong><span style=\"color: #000080;\">ZAVR\u0160NA MOLITVA<\/span><\/strong><\/p>\n<p>Dobri Isuse! Zahvaljujem Ti na milosti koju si mi udijelio pri ovoj pobo\u017enosti. Primi ovu moju bogoljubnost na slavu svoje muke, na zadovolj\u0161tinu za moje grijehe, na utjehu i pomo\u0107 du\u0161ama u \u010distili\u0161tu! Ne daj, Isuse, da neizmjerna vrijednost tvoje svete Krvi bude za me izgubljena, nego mi udijeli svoju milost i uvedi me poslije ovoga \u017eivota u vje\u010dnu radost. Amen.<\/p>\n<p>Hvaljen budi Isus Krist, raspeti na\u0161 Otkupitelj,<br \/>\ni njegova, pod kri\u017eem \u017ealosna, Majka Marija.<\/p>\n<p><span style=\"color: #800000;\"><em>Kad mi zemlja tijelo primi,<\/em><\/span><br \/>\n<span style=\"color: #800000;\"><em> Du\u0161u onda uzmi ti mi<\/em><\/span><br \/>\n<span style=\"color: #800000;\"><em> U nebeski bla\u017een dvor.<\/em><\/span><\/p>\n","protected":false},"excerpt":{"rendered":"<p>Pobo\u017enost Kri\u017enoga puta mo\u017ee se uvijek moliti, no naj\u010de\u0161\u0107e se moli u korizmi, a posebno utorkom i petkom. P. U ime Oca i Sina i Duha Svetoga. O. Amen. PRISTUPNA MOLITVA Milostivi Bo\u017ee, Isuse Kriste! Evo moja du\u0161a s Tvojom rastu\u017eenom Majkom Marijom ide za Tobom i prati Te na te\u0161kom putu Tvoje gorke muke. &hellip; <a href=\"https:\/\/vjeronauk.net\/?page_id=1038\" class=\"more-link\">Nastavi \u010ditati <span class=\"screen-reader-text\">Kri\u017eni put<\/span><\/a><\/p>\n","protected":false},"author":5,"featured_media":0,"parent":383,"menu_order":0,"comment_status":"closed","ping_status":"closed","template":"","meta":{"footnotes":""},"class_list":["post-1038","page","type-page","status-publish","hentry"],"_links":{"self":[{"href":"https:\/\/vjeronauk.net\/index.php?rest_route=\/wp\/v2\/pages\/1038","targetHints":{"allow":["GET"]}}],"collection":[{"href":"https:\/\/vjeronauk.net\/index.php?rest_route=\/wp\/v2\/pages"}],"about":[{"href":"https:\/\/vjeronauk.net\/index.php?rest_route=\/wp\/v2\/types\/page"}],"author":[{"embeddable":true,"href":"https:\/\/vjeronauk.net\/index.php?rest_route=\/wp\/v2\/users\/5"}],"replies":[{"embeddable":true,"href":"https:\/\/vjeronauk.net\/index.php?rest_route=%2Fwp%2Fv2%2Fcomments&post=1038"}],"version-history":[{"count":12,"href":"https:\/\/vjeronauk.net\/index.php?rest_route=\/wp\/v2\/pages\/1038\/revisions"}],"predecessor-version":[{"id":3151,"href":"https:\/\/vjeronauk.net\/index.php?rest_route=\/wp\/v2\/pages\/1038\/revisions\/3151"}],"up":[{"embeddable":true,"href":"https:\/\/vjeronauk.net\/index.php?rest_route=\/wp\/v2\/pages\/383"}],"wp:attachment":[{"href":"https:\/\/vjeronauk.net\/index.php?rest_route=%2Fwp%2Fv2%2Fmedia&parent=1038"}],"curies":[{"name":"wp","href":"https:\/\/api.w.org\/{rel}","templated":true}]}}