{"id":162,"date":"2011-03-30T20:29:59","date_gmt":"2011-03-30T20:29:59","guid":{"rendered":"http:\/\/vjeronauk.net\/?page_id=162"},"modified":"2011-04-09T10:12:10","modified_gmt":"2011-04-09T10:12:10","slug":"treci-dan-uskrsnuo-od-mrtvih","status":"publish","type":"page","link":"https:\/\/vjeronauk.net\/?page_id=162","title":{"rendered":"tre\u0107i dan uskrsnuo od mrtvih&#8230;"},"content":{"rendered":"<p>Sva evan\u0111elja izvje\u0161\u0107uju o <strong>Isusovu uskrsnu\u0107u<\/strong> tre\u0107i dan nakon raspe\u0107a, smrti i ukopa. Ta ne\u010duvena i neizreciva pobjeda Isusa Krista, Sina Bo\u017ejega i na\u0161ega Gospodina, <strong>sredi\u0161nji je doga\u0111aj<\/strong> Evan\u0111elja i <strong>temeljna \u010dinjenica na\u0161e vjere<\/strong>.<\/p>\n<p>\u010cinjenica Isusova uskrsnu\u0107a u prvom je kr\u0161\u0107anstvu bila tako prisutna da je sv. Pavao mogao napisati negdje oko god. 57: \u00bb<strong><em>Ako Krist nije uskrsnuo, uzalud je propovijedanje na\u0161e, uzalud je i vjera va\u0161a&#8230; Ali Krist je uskrsnuo&#8230;I kao \u0161to u Adamu svi umiru, tako \u0107e i u Kristu svi biti o\u017eivljeni<\/em><\/strong>\u00ab (1 Kor 15,14.20.22).<\/p>\n<p>Isus je iz ljubavi prema Ocu i prema nama ljudima preuzeo na se najve\u0107u patnju i poni\u017eenje, \u017ertvovao je svoj ljudski \u017eivot. <strong>Uskrsnu\u0107e<\/strong> dokazuje da je on uistinu omiljeli Sin O\u010dev; da je obe\u0107ani Pomazanik i Spasitelj; da je njegova rije\u010d bo\u017eanska istina i sigurnost; da je stvarnost sve ono \u0161to je navje\u0161\u0107ivao i osnovao: <strong>Crkva<\/strong>, <strong>sakramenti<\/strong>, <strong>\u017eivot vje\u010dni<\/strong>; i da se isplati sve to vjerovati i za to polo\u017eiti svoj \u017eivot.<\/p>\n<p>Uskrsnu\u0107e ne zna\u010di puki povratak u zemaljski \u017eivot. Uskrsnu\u0107em je \u010ditava ljudska priroda Kristova &#8211; du\u0161a i tijelo &#8211; uzdignuta na <strong>nov na\u010din postojanja<\/strong> u kojemu je Isusovo bo\u017eanstvo posve \u00bbprosjajilo\u00ab sve njegovo \u010dovje\u0161tvo.<\/p>\n<p>Stoga mi kr\u0161\u0107ani ne slavimo i ne priznajemo Krista samo kao U\u010ditelja, ne zanosimo se samo njegovim zemaljskim \u017eivotom i njegovim naukom. On ne \u017eivi samo u na\u0161em divljenju i sje\u0107anju. On je za nas <strong>\u017divi<\/strong> (Otk 1,17), <strong>Proslavljeni<\/strong> i <strong>Uskrsli<\/strong>. To nisu samo njegovi atributi (svojstva), to su njegovi nazivi &#8211; njegova imena. Mi mu se klanjamo i zazivamo ga kao Onoga koji ima \u00bbklju\u010deve \u017eivota i smrti\u00ab (Otk 1,18).<\/p>\n<p>U svjetlu uskrsnu\u0107a jo\u0161 sna\u017enije do\u017eivljavamo njegove rije\u010di kojima nam je obe\u0107ao da \u0107e <strong>uvijek biti s nama<\/strong> i da \u0107e se nastaniti u nama. To otajstvo Isusove blizine i zajedni\u0161tva s njime \u017divim i \u017divotvornim mi nadasve slavimo u sakramentu <strong>euharistije<\/strong>. &#8211; Euharistija, ili sveta misa, jest sastanak Isusovih vjernika s Kristom \u017divim i Uskrslim, nevidljivo ali stvarno prisutnim. Po svetoj pri\u010desti on nas \u010dini dionicima svoga bo\u017eanskoga \u017eivota i neumrlosti. On je sam to usporedio s \u010dokotom (trsom) i lozom. Kao \u0161to loza \u017eivi i donosi rod po povezanosti s \u010dokotom, tako i mi \u017eivimo bo\u017eanskim \u017eivotom i donosimo rod dobrih djela po povezanosti s Kristom (usp. Iv 15,1-8).<\/p>\n<p>Svi doga\u0111aji <strong>Isusova \u017eivota<\/strong>, a nadasve <strong>uskrsnu\u0107e<\/strong> duboko zasijeca u <strong>\u017eivot svakoga kr\u0161\u0107anina<\/strong> i sve <strong>kr\u0161\u0107anske zajednice<\/strong> te u \u017eivot svega <strong>\u010dovje\u010danstva<\/strong> i <strong>kozmosa<\/strong>. Isusovim uskrsnu\u0107em otpo\u010deo je veliki preobra\u017eaj i <strong>velika obnova stvorenja<\/strong>. Njegovo uskrsnu\u0107e po\u010detak je novoga neba i nove zemlje.<\/p>\n<p>Da istakne kako je Isusovo uskrsnu\u0107e uzrok na\u0161ega uskrsnu\u0107a, sv. Pavao ka\u017ee: s Kristom Uskrslim mi smo \u00bb<strong>su-uskrsli<\/strong>\u00ab. Njegovo uskrsnu\u0107e ve\u0107 sada skriveno djeluje u nama, jer po milosti posvetnoj u nama &#8211; kao u lozama s bo\u017eanskoga \u010dokota, Krista &#8211; struji bo\u017eanski \u017eivot. Isusova pobjeda nad smr\u0107u bit \u0107e dovr\u0161ena u <strong>op\u0107em uskrsnu\u0107u tijela<\/strong> na kraju vremena. Sv. Pavao pi\u0161e: \u00bb<strong><em>On \u0107e preobraziti ovo na\u0161e bijedno tijelo i suobli\u010diti ga tijelu svome slavnome<\/em><\/strong>\u00ab (Fil 3,21).<\/p>\n<p>Isusova slika o \u017eivotnoj povezanosti izme\u0111u \u010dokota i loze vrlo nam dobro osvjetljuje kako <strong>svi<\/strong> <strong>sakramenti<\/strong> proistje\u010du iz Krista \u017divoga i Uskrsloga da u nas \u00bbpreto\u010de\u00ab njegove bo\u017eanske i \u017eivotvorne energije. &#8211; Osim euharistije, s Isusovim je uskrsnu\u0107em posebno povezan sakramenat <strong>krsta<\/strong> <strong>(kr\u0161tenja)<\/strong>. Stoga se krst od najstarijih vremena Crkve najsve\u010danije podjeljuje ba\u0161 u <strong>uskrsnoj no\u0107i<\/strong>. Neko\u0107 su krstili uranjanjem u vodu. To je bilo puno slikovitosti: uranjanjem je \u00bbstari\u00ab \u010dovjek \u00bbukopan\u00ab u Isusovu smrt, a izranjanjem on postaje <strong>\u00bbsuuskrsli\u00ab<\/strong> s Kristom Uskrslim.<\/p>\n<p>Za kr\u0161\u0107ane iz njihova kr\u0161tenja, iz tih tajanstvenih ali stvarnih veza s Kristom, proistje\u010du sve <strong>moralne obveze<\/strong>: da se zala\u017eu za novi Bo\u017eji svijet; za nove odnose me\u0111u ljudima koji su Bo\u017eja djeca i bra\u0107a Kristova; da pridonesu svoj anga\u017eman za ostvarenje \u00bbnovoga neba i nove zemlje\u00ab. O tome nas u\u010di Drugi vatikanski koncil u dokumentu o Crkvi u suvremenom svijetu pod naslovom \u00bbUskrs usavr\u0161uje ljudsku radinost\u00ab: <strong><em>Onima koji vjeruju u bo\u017eansku ljubav, Krist Uskrsli donosi sigurnost da je svim ljudima otvoren put ljubavi i da nije uzaludno nastojanje da se ostvari sveop\u0107e bratstvo&#8230; Isus Uskrsli snagom svoga Duha ve\u0107 djeluje u srcima ljudi i u njima budi ne samo \u017eelju za budu\u0107im vijekom nego samim tim nadahnjuje, pro\u010di\u0161\u0107uje i u\u010dvr\u0161\u0107uje ona velikodu\u0161na nastojanja kojima se ljudska obitelj trudi da pobolj\u0161a \u017eivotne uvjete i da u tom cilju podlo\u017ei svu zemlju<\/em><\/strong>.\u00ab<\/p>\n","protected":false},"excerpt":{"rendered":"<p>Sva evan\u0111elja izvje\u0161\u0107uju o Isusovu uskrsnu\u0107u tre\u0107i dan nakon raspe\u0107a, smrti i ukopa. Ta ne\u010duvena i neizreciva pobjeda Isusa Krista, Sina Bo\u017ejega i na\u0161ega Gospodina, sredi\u0161nji je doga\u0111aj Evan\u0111elja i temeljna \u010dinjenica na\u0161e vjere. \u010cinjenica Isusova uskrsnu\u0107a u prvom je kr\u0161\u0107anstvu bila tako prisutna da je sv. Pavao mogao napisati negdje oko god. 57: \u00bbAko &hellip; <a href=\"https:\/\/vjeronauk.net\/?page_id=162\" class=\"more-link\">Nastavi \u010ditati <span class=\"screen-reader-text\">tre\u0107i dan uskrsnuo od mrtvih&#8230;<\/span><\/a><\/p>\n","protected":false},"author":5,"featured_media":0,"parent":28,"menu_order":9,"comment_status":"closed","ping_status":"closed","template":"","meta":{"footnotes":""},"class_list":["post-162","page","type-page","status-publish","hentry"],"_links":{"self":[{"href":"https:\/\/vjeronauk.net\/index.php?rest_route=\/wp\/v2\/pages\/162","targetHints":{"allow":["GET"]}}],"collection":[{"href":"https:\/\/vjeronauk.net\/index.php?rest_route=\/wp\/v2\/pages"}],"about":[{"href":"https:\/\/vjeronauk.net\/index.php?rest_route=\/wp\/v2\/types\/page"}],"author":[{"embeddable":true,"href":"https:\/\/vjeronauk.net\/index.php?rest_route=\/wp\/v2\/users\/5"}],"replies":[{"embeddable":true,"href":"https:\/\/vjeronauk.net\/index.php?rest_route=%2Fwp%2Fv2%2Fcomments&post=162"}],"version-history":[{"count":5,"href":"https:\/\/vjeronauk.net\/index.php?rest_route=\/wp\/v2\/pages\/162\/revisions"}],"predecessor-version":[{"id":283,"href":"https:\/\/vjeronauk.net\/index.php?rest_route=\/wp\/v2\/pages\/162\/revisions\/283"}],"up":[{"embeddable":true,"href":"https:\/\/vjeronauk.net\/index.php?rest_route=\/wp\/v2\/pages\/28"}],"wp:attachment":[{"href":"https:\/\/vjeronauk.net\/index.php?rest_route=%2Fwp%2Fv2%2Fmedia&parent=162"}],"curies":[{"name":"wp","href":"https:\/\/api.w.org\/{rel}","templated":true}]}}