{"id":166,"date":"2011-03-30T20:16:56","date_gmt":"2011-03-30T20:16:56","guid":{"rendered":"http:\/\/vjeronauk.net\/?page_id=166"},"modified":"2011-03-30T20:56:28","modified_gmt":"2011-03-30T20:56:28","slug":"uzasao-na-nebesa-sjedi-o-desnu-boga-oca-svemogucega","status":"publish","type":"page","link":"https:\/\/vjeronauk.net\/?page_id=166","title":{"rendered":"uza\u0161ao na nebesa, sjedi o desnu Boga Oca svemogu\u0107ega&#8230;"},"content":{"rendered":"<p>Pobjedni\u010dka slava Krista Uskrsloga stvarno se <strong>dovr\u0161uje<\/strong> u njegovu <strong>uza\u0161a\u0161\u0107u<\/strong>. Isus <strong>poni\u017eeni<\/strong>, uza\u0161a\u0161\u0107em je kona\u010dno <strong>proslavljen<\/strong> te je i kao \u010dovjek zadobio vlast i slavu koju kao Sin Bo\u017eji ima odvijeka.<\/p>\n<p>Otada on \u017eivi kao <strong>posrednik<\/strong> izme\u0111u Boga i ljudi (1 Tim 2,5) i kao na\u0161 uspje\u0161ni zagovornik kod Oca (Rim 8,34). Kao glava Bo\u017ejega naroda, Crkve, on Ocu prikazuje sve te\u017enje i napore ljudi za boljim svijetom i za vje\u010dnim spasenjem. On od Oca svojima <strong>daje Duha Svetoga<\/strong> i obilje Bo\u017eje pomo\u0107i koju nazivamo <strong>milost<\/strong>.<\/p>\n<p>To \u017eeli ista\u0107i i izri\u010daj Vjerovanja \u201cSjedi o desnu Boga Oca Svemogu\u0107ega\u201d. Izraz se oslanja na proro\u010dki psalam 110: \u201c<strong><em>Re\u010de Gospodin (Bog Otac) Gospodinu mojemu (Isusu Kristu): \u2018Sjedi mi zdesna!\u2019<\/em><\/strong>.\u201d Taj se psalam u Novom zavjetu razumije ovako: kralj David u proro\u010dkoj viziji gleda svoga potomka Isusa Krista kako je od Boga uzvi\u0161en do bo\u017eanskog dostojanstva i vlasti. Isus Krist i kao \u010dovjek sudjeluje u bo\u017eanskoj vlasti i dostojanstvu. Zajedno s Ocem on je Svevladar i Sudac \u017eivih i mrtvih.<\/p>\n<p>Isus je uza\u0161ao na nebo i kao na\u0161 <strong>predvodnik<\/strong>. On sam veli: \u201c<strong><em>U ku\u0107i moga Oca ima mnogo stanova\u2026Idem da vam pripravim mjesto\u2026 da i vi budete gdje sam ja<\/em><\/strong>\u201d (Iv 74,2\u20133).<\/p>\n<p>Prema Bibliji, Isusovi su u\u010denici kroz \u010detrdeset dana na poseban na\u010din u\u017eivali iskustvenu prisutnost Uskrsloga. Stoga se <strong>Uza\u0161a\u0161\u0107e<\/strong> slavi \u010detrdeseti dan nakon Uskrsa.<\/p>\n<p>Oni su kroz to vrijeme jasno spoznali: da je njihov Gospodin <strong>oslobo\u0111en od smrti<\/strong> i groba; da je proslavljeni <strong>Spasitelj<\/strong> svijeta; da ih je ovlastio za <strong>misiju<\/strong> svojih <strong>svjedoka<\/strong>. Najbolje se to vidi iz svr\u0161etka Matejeva evan\u0111elja koje donosi kratak, ali vrlo zna\u010dajan opro\u0161taj Isusa Uskrsloga od svojih apostola na Maslinskoj gori. Isus govori kao Gospodin i U\u010ditelj:<\/p>\n<p><strong><em>\u201cDana mi je sva vlast na nebu i na zemlji.<br \/>\nPo\u0111ite i u\u010dinite mojim u\u010denicima sve narode.<br \/>\nKrstite ih u ime Oca i Sina i Duha Svetoga.<br \/>\ni u\u010dite ih \u010duvati sve \u0161to sam vam zapovjedio.<br \/>\nI evo, ja sam s vama u sve dane \u2013 do svr\u0161etka svijeta.\u201d<\/em><\/strong> (Mt 28,18\u201320)<\/p>\n<p>Iz tih je Isusovih rije\u010di vidljivo ovo: Isus je svojim u\u010denicima, Crkvi, povjerio <strong>veliku misiju<\/strong> (poslanje) da nastavi njegovo djelo u svijetu. Uvjet da tko pristupi me\u0111u Kristove u\u010denike, u Crkvu, jest: <strong>vjerovati<\/strong> u Krista Isusa i <strong>krstiti se<\/strong>. Dakako, ta vjera i kr\u0161tenje zahtijeva i \u017eivot po vjeri: potrebno je u \u017eivot provoditi sve \u0161to je Isus zapovjedio. Pod tim se podrazumijeva ne samo sav <strong>moralni \u017eivot<\/strong> i zalaganje nego i primanje svetih <strong>sakramenata<\/strong>.<\/p>\n<p>Posljednja Isusova rije\u010d na Maslinskoj gori obe\u0107ava da \u0107e Isus biti <strong>uvijek prisutan u Crkvi<\/strong>. On je prisutan me\u0111u nama i u nama na vi\u0161e na\u010dina. Prisutan je u svojoj rije\u010di: kad god \u010ditamo <strong>Sveto<\/strong> <strong>pismo<\/strong>, on nam upu\u0107uje svoju rije\u010d. Prisutan je kad god se zajedno <strong>molimo<\/strong>, jer je rekao: \u201c<strong><em>Gdje su dvojica ili trojica sabrana u moje ime, tu sam i ja me\u0111u njima<\/em><\/strong>\u201d (Mt 18,20). Posebno je prisutan pod prilikama <strong>kruha<\/strong> i <strong>vina<\/strong>, jer je sam rekao: \u201c<strong><em>Ovo je tijelo moje! Ovo je krv moja!<\/em><\/strong>\u201d A ne smijemo zaboraviti jo\u0161 jedan oblik njegove prisutnosti: on je prisutan u <strong>svakom \u010dovjeku<\/strong>, osobito onome tko treba na\u0161u dobrotu, \u010dovje\u010dnost i ljubav. U svom govoru o posljednjem sudu ka\u017ee: \u201c<strong><em>\u0161to god ste u\u010dinili jednome od ove moje najmanje bra\u0107e, meni ste u\u010dinili<\/em><\/strong>\u201d (Mt 25,40). Isus je, dakle, svojim u\u010denicima, Crkvi, povjerio misiju da u svijetu \u017eivi i navije\u0161ta <strong>Evan\u0111elje<\/strong>. Ta se du\u017enost i poslanje danas naziva \u201c<strong>evangelizacija<\/strong>\u201d ili \u201c<strong>poevan\u0111eljenje<\/strong>\u201d\u2026<\/p>\n<p>Du\u017enost evangelizacije uklju\u010duje u sebi i du\u017enost <strong>humanizacije<\/strong> ili o\u010dovje\u010denja svijeta. Kr\u0161\u0107ani su od Isusa Krista primili kao glavnu i temeljnu zapovijed: ljubav prema \u010dovjeku i \u010dovje\u010danstvu. Stoga treba da s jednakim \u017earom kao i drugi ljudi, i jo\u0161 vi\u0161e, nastoje u ljudske odnose unijeti \u0161to vi\u0161e istine i slobode, ljubavi i radosti, pravednosti i po\u017ertvovnosti.<\/p>\n<p>Krist je ulo\u017eio svoj mukotrpni \u017eivot u napredak \u010dovje\u010danstva. Stoga ho\u0107e da i njegovi u\u010denici \u2013 pojedinci i vjerni\u010dke grupe i sva Crkva \u2013 ne izostanu, nego naprotiv da budu me\u0111u prvima koji se bore za bolji svijet u kojemu vlada ljubav i istina, pravednost i mir. Na\u0161e ljudske i me\u0111uljudske du\u017enosti nisu bez povezanosti s <strong>Kristom<\/strong>. On \u0107e nam suditi na temelju dobrih djela koja smo u\u010dinili ljudima ili zbog na\u0161ih propusta i zlodjela koja smo drugim nanijeli. Zapravo, Isus Krist nikoga ne\u0107e osuditi nego \u0107e nam u njegovoj svjetlosti svima postati jasno jesmo li prihvatili ili odbili Bo\u017eji poziv da \u017eivimo po zapovijedi ljubavi; sami sebe osu\u0111uju oni koji odbijaju taj poziv, (usp. Iv 3,17\u201321).<\/p>\n","protected":false},"excerpt":{"rendered":"<p>Pobjedni\u010dka slava Krista Uskrsloga stvarno se dovr\u0161uje u njegovu uza\u0161a\u0161\u0107u. Isus poni\u017eeni, uza\u0161a\u0161\u0107em je kona\u010dno proslavljen te je i kao \u010dovjek zadobio vlast i slavu koju kao Sin Bo\u017eji ima odvijeka. Otada on \u017eivi kao posrednik izme\u0111u Boga i ljudi (1 Tim 2,5) i kao na\u0161 uspje\u0161ni zagovornik kod Oca (Rim 8,34). Kao glava Bo\u017ejega &hellip; <a href=\"https:\/\/vjeronauk.net\/?page_id=166\" class=\"more-link\">Nastavi \u010ditati <span class=\"screen-reader-text\">uza\u0161ao na nebesa, sjedi o desnu Boga Oca svemogu\u0107ega&#8230;<\/span><\/a><\/p>\n","protected":false},"author":5,"featured_media":0,"parent":28,"menu_order":10,"comment_status":"closed","ping_status":"closed","template":"","meta":{"footnotes":""},"class_list":["post-166","page","type-page","status-publish","hentry"],"_links":{"self":[{"href":"https:\/\/vjeronauk.net\/index.php?rest_route=\/wp\/v2\/pages\/166","targetHints":{"allow":["GET"]}}],"collection":[{"href":"https:\/\/vjeronauk.net\/index.php?rest_route=\/wp\/v2\/pages"}],"about":[{"href":"https:\/\/vjeronauk.net\/index.php?rest_route=\/wp\/v2\/types\/page"}],"author":[{"embeddable":true,"href":"https:\/\/vjeronauk.net\/index.php?rest_route=\/wp\/v2\/users\/5"}],"replies":[{"embeddable":true,"href":"https:\/\/vjeronauk.net\/index.php?rest_route=%2Fwp%2Fv2%2Fcomments&post=166"}],"version-history":[{"count":6,"href":"https:\/\/vjeronauk.net\/index.php?rest_route=\/wp\/v2\/pages\/166\/revisions"}],"predecessor-version":[{"id":250,"href":"https:\/\/vjeronauk.net\/index.php?rest_route=\/wp\/v2\/pages\/166\/revisions\/250"}],"up":[{"embeddable":true,"href":"https:\/\/vjeronauk.net\/index.php?rest_route=\/wp\/v2\/pages\/28"}],"wp:attachment":[{"href":"https:\/\/vjeronauk.net\/index.php?rest_route=%2Fwp%2Fv2%2Fmedia&parent=166"}],"curies":[{"name":"wp","href":"https:\/\/api.w.org\/{rel}","templated":true}]}}