{"id":170,"date":"2011-03-30T20:22:43","date_gmt":"2011-03-30T20:22:43","guid":{"rendered":"http:\/\/vjeronauk.net\/?page_id=170"},"modified":"2011-03-30T20:30:45","modified_gmt":"2011-03-30T20:30:45","slug":"odonud-ce-doci-suditi-zive-i-mrtve","status":"publish","type":"page","link":"https:\/\/vjeronauk.net\/?page_id=170","title":{"rendered":"odonud \u0107e do\u0107i suditi \u017eive i mrtve."},"content":{"rendered":"<p>U kr\u0161\u0107anskoj zajednici, u Crkvi, ve\u0107 od prvih vremena \u017eivi vjera i nada u <strong>drugi Isusov dolazak<\/strong> koji se u Novom zavjetu naziva naprosto \u201cDolazak\u201d ili \u201cParuzija\u201d. Isusovi vjernici u Korintu pozdravljali su se: \u201c<strong><em>Maran atha! Gospodin dolazi!<\/em><\/strong>\u201d ili \u017eeljno: \u201c<strong><em>Marana tha! Gospodine, do\u0111i!<\/em><\/strong>\u201d I mi tu vjeru i nadu izra\u017eavamo poklikom nakon podizanja u misi: \u201c<strong><em>Tvoj slavni Dolazak i\u0161\u010dekujemo!<\/em><\/strong>\u201d.<\/p>\n<p>Sva se povijest \u010dovje\u010danstva nakon Krista razvija izme\u0111u prvog i drugog Kristova dolaska. A dotle, Isus je kr\u0161\u0107ane u\u010dinio odgovorne da sve poduzmu kako bi se ostvarila velika \u017eelja \u201cO\u010dena\u0161a\u201d: \u201c<strong><em>Do\u0111i Kraljevstvo tvoje!<\/em><\/strong>\u201d.<\/p>\n<p>Za svoja djela svi \u0107e ljudi, a s njima i kr\u0161\u0107ani, stati jednom pred <strong>Bo\u017eji sud<\/strong>. Kr\u0161\u0107anska vjera razlikuje tzv. pojedina\u010dni i op\u0107i sud. \u2013 <strong>Pojedina\u010dni sud<\/strong> do\u017eivljava svaki \u010dovjek osobno na pragu vje\u010dnosti, nakon smrti, u svom prvom susretu s Bogom u novom svijetu. <strong>Op\u0107i<\/strong> ili <strong>posljednji sud<\/strong> jest onaj koji \u0107e se dogoditi na kraju vremena ili, kako obi\u010dno ka\u017eemo, na <strong>Sudnji dan<\/strong>.<\/p>\n<p>Bog Otac je sud svijeta predao svome Sinu Isusu Kristu (Iv 5,22). U svojem propovijedanju Isus tra\u017ei od ljudi zalaganje za pravednost, istinu, ljubav, \u010dovje\u0161tvo. Ljude smatra odgovornima za svoja djela. Obe\u0107ava nagradu onima koji \u010dine dobro, a prijeti i vje\u010dnom kaznom onima koji se prepu\u0161taju zlu, \u0161tovi\u0161e, i samoj polovi\u010dnosti. Sv. Pavao pi\u0161e: <strong><em>\u201cSvima nam se pojaviti pred sudi\u0161tem Kristovim da svaki dobije \u0161to je kroz tijelo zaradio, bilo dobro, bilo zlo\u201d<\/em><\/strong> (2 Kor 5,10). A u sv. Ivana \u010ditamo: \u201c<strong><em>Ustat \u0107e oni koji su dobro \u010dinili \u2013 na uskrsnu\u0107e \u017eivota, a koji su \u010dinili zlo \u2013 na uskrsnu\u0107e osude<\/em><\/strong>\u201d (Iv 5,29).<\/p>\n<p>Na dobra djela svakoga poti\u010de vlastita <strong>savjest<\/strong> i dobar primjer drugih ljudi, a u tom ga osobito potpoma\u017ee Bo\u017eja <strong>milost<\/strong> i pomo\u0107. Tko se protiv svoje savjesti i protiv spoznatih Bo\u017ejih zapovijedi svjesno i odgovorno opredjeljuje protiv istine, pravde, dobrote, ljubavi i \u010dovje\u0161tva \u2013 taj \u010dini zlo, <strong>grijeh<\/strong>. I ako u tom do smrti ustraje te umre nepokajan, krivac je svoje <strong>vje\u010dne propasti<\/strong>.<\/p>\n<p>Isusove stroge <strong>rije\u010di o sudu<\/strong> \u017eele \u010dovjeku posvjestiti <strong>odgovornost<\/strong> za svoja djela. I kad prijeti, on je Spasitelj, jer \u017eeli spasiti \u010dovjeka. To lijepo izra\u017eava sv. Ivan koji povezuje u jedno <strong>spasiteljsku ljubav<\/strong> Bo\u017eju i rije\u010d o <strong>sudu<\/strong>: \u201c<strong><em>Bog je tako ljubio svijet te je dao svoga Sina Jedinoro\u0111enca da nijedan koji u njega vjeruje ne propadne, nego da ima \u017eivot vje\u010dni. Ta Bog nije poslao Sina na svijet da on osudi svijet, nego da se svijet spasi po njemu<\/em><\/strong>\u201d (Iv 3,16\u201318). Tvrdokoran gre\u0161nik zapravo sam sebe osu\u0111uje.<\/p>\n<p>Najljep\u0161u, a ujedno i najpotresniju sliku Posljednjega suda iz Isusovih ustiju donosi nam Matejevo evan\u0111elje u glavi 25. Pojavljuje se Sudac \u2013 Isus Krist. Nastaje veliko razdjeljenje svijeta. Zdesna Kristu stoje \u201cblagoslovljeni\u201d, njemu slijeva \u201cprokleti\u201d. <strong>Temeljni zakon<\/strong> po kojemu \u0107e svijet biti su\u0111en jest <strong>ljubav prema ljudima<\/strong> koje Isus naziva svojom bra\u0107om. Blagoslovljenima veli: \u201c<strong><em>\u0160to god ste u\u010dinili jednome od najmanje moje bra\u0107e, meni ste u\u010dinili.<\/em><\/strong>\u201d Prokletima pak spo\u010ditava: \u201c<strong><em>\u0160to god niste u\u010dinili jednome od ovih najmanjih, meni niste u\u010dinili.<\/em><\/strong>\u201d Taj Isusov navje\u0161taj Posljednjega suda ili Sudnjega dana zavr\u0161ava rije\u010dima ozbiljnosti: \u201c<strong><em>I oti\u0107i \u0107e ovi u muku vje\u010dnu, a pravednici u \u017eivot vje\u010dni.<\/em><\/strong>\u201d<\/p>\n<p>Ljudi \u0107e, dakle, biti su\u0111eni po tome kako su se \u2013 poslu\u0161ni svojoj savjesti i Isusovu Evan\u0111elju \u2013 odnosili prema svojoj bra\u0107i ljudima, osobito ugro\u017eenima, potrebnima i potla\u010denima.<\/p>\n<p>Tako nam ovaj \u010dlanak Vjerovanja \u017eeli duboko usaditi u svijest troje: prvo, da je kr\u0161\u0107anin <strong>odgovoran<\/strong> Bogu za <strong>svoja djela<\/strong>; drugo, kr\u0161\u0107ani su pred Bogom <strong>odgovorni<\/strong> i za <strong>napredak<\/strong> <strong>\u010dovje\u010danstva<\/strong>; tre\u0107e, kr\u0161\u0107ani \u017eive u nadi i <strong>i\u0161\u010dekivanju Isusova Dolaska<\/strong>. To ih \u010dini strpljivima i postojanima u pojedina\u010dnim i zajedni\u010dkim naporima \u0161to ih poduzimaju da ostvare svoje <strong>vlastito \u010dovje\u0161tvo<\/strong> i da izgrade <strong>bolji svijet<\/strong>.<\/p>\n<p>Treba da \u017eivimo poslu\u0161ni svojoj savjesti i Bo\u017ejoj rije\u010di u Svetom pismu i u Crkvi. Tako se sami ostvarujemo kao ljudi i sura\u0111ujemo u izgradnji boljega svijeta. To je smisao na\u0161e molitve u O\u010dena\u0161u: \u201c<strong><em>Do\u0111i kraljevstvo tvoje!<\/em><\/strong>\u201d.<\/p>\n<p>Posljednja knjiga Svetoga pisma zavr\u0161ava rije\u010dima: \u201c<strong><em>Evo, dolazim ubrzo, i pla\u0107a moja sa mnom, i naplatit \u0107u svakome po njegovu djelu<\/em><\/strong> (Otk 22,12.20).<\/p>\n","protected":false},"excerpt":{"rendered":"<p>U kr\u0161\u0107anskoj zajednici, u Crkvi, ve\u0107 od prvih vremena \u017eivi vjera i nada u drugi Isusov dolazak koji se u Novom zavjetu naziva naprosto \u201cDolazak\u201d ili \u201cParuzija\u201d. Isusovi vjernici u Korintu pozdravljali su se: \u201cMaran atha! Gospodin dolazi!\u201d ili \u017eeljno: \u201cMarana tha! Gospodine, do\u0111i!\u201d I mi tu vjeru i nadu izra\u017eavamo poklikom nakon podizanja u &hellip; <a href=\"https:\/\/vjeronauk.net\/?page_id=170\" class=\"more-link\">Nastavi \u010ditati <span class=\"screen-reader-text\">odonud \u0107e do\u0107i suditi \u017eive i mrtve.<\/span><\/a><\/p>\n","protected":false},"author":5,"featured_media":0,"parent":28,"menu_order":11,"comment_status":"closed","ping_status":"closed","template":"","meta":{"footnotes":""},"class_list":["post-170","page","type-page","status-publish","hentry"],"_links":{"self":[{"href":"https:\/\/vjeronauk.net\/index.php?rest_route=\/wp\/v2\/pages\/170","targetHints":{"allow":["GET"]}}],"collection":[{"href":"https:\/\/vjeronauk.net\/index.php?rest_route=\/wp\/v2\/pages"}],"about":[{"href":"https:\/\/vjeronauk.net\/index.php?rest_route=\/wp\/v2\/types\/page"}],"author":[{"embeddable":true,"href":"https:\/\/vjeronauk.net\/index.php?rest_route=\/wp\/v2\/users\/5"}],"replies":[{"embeddable":true,"href":"https:\/\/vjeronauk.net\/index.php?rest_route=%2Fwp%2Fv2%2Fcomments&post=170"}],"version-history":[{"count":5,"href":"https:\/\/vjeronauk.net\/index.php?rest_route=\/wp\/v2\/pages\/170\/revisions"}],"predecessor-version":[{"id":216,"href":"https:\/\/vjeronauk.net\/index.php?rest_route=\/wp\/v2\/pages\/170\/revisions\/216"}],"up":[{"embeddable":true,"href":"https:\/\/vjeronauk.net\/index.php?rest_route=\/wp\/v2\/pages\/28"}],"wp:attachment":[{"href":"https:\/\/vjeronauk.net\/index.php?rest_route=%2Fwp%2Fv2%2Fmedia&parent=170"}],"curies":[{"name":"wp","href":"https:\/\/api.w.org\/{rel}","templated":true}]}}