{"id":173,"date":"2011-03-30T19:33:42","date_gmt":"2011-03-30T19:33:42","guid":{"rendered":"http:\/\/vjeronauk.net\/?page_id=173"},"modified":"2011-03-30T20:57:46","modified_gmt":"2011-03-30T20:57:46","slug":"vjerujem-u-duha-svetoga","status":"publish","type":"page","link":"https:\/\/vjeronauk.net\/?page_id=173","title":{"rendered":"Vjerujem u Duha Svetoga&#8230;"},"content":{"rendered":"<h2><strong>Duh Sveti<\/strong><\/h2>\n<p>Isus se pojavljuje kao U\u010ditelj i Spasitelj <strong>pun Duha Svetoga<\/strong>. Tako se predstavlja u Nazaretu: \u201cDuh Gospodnji na meni je\u201d (Lk 4,14). On govori rije\u010di Bo\u017eje i \u010dini djela Bo\u017eja <strong>u Duhu Svetom<\/strong>. U isto vrijeme \u010de\u0161\u0107e upu\u0107uje svoje apostole da \u0107e im <strong>od Oca poslati Duha Svetoga<\/strong> da ih on iznutra prosvjetljuje, uvodi u svu istinu, da ih hrabri i ujedinjuje, da uvijek bude s njima.<\/p>\n<p>Najjasnije Isusove rije\u010di o Duhu Svetom nalazimo u Evan\u0111elju sv. Ivana. Isus ga naziva <strong>Branitelj<\/strong> i <strong>Duh Istine<\/strong> koji od <strong>Oca izlazi<\/strong> (Iv 15,26). U\u010denicima veli: \u201c<strong><em>Ja \u0107u moliti Oca, i on \u0107e vam dati drugoga Branitelja da bude s vama zauvijek \u2013 Duha Istine\u2026 koji kod vas ostaje i u vama je<\/em><\/strong>\u201d (Iv 14,16\u201317). A na drugome mjestu ka\u017ee: \u201c<strong><em>On \u0107e vas upu\u0107ivati u svu istinu<\/em><\/strong>\u201d (Iv 16,13). A na dan Uskrsa Isus u Ivanovu evan\u0111elju ka\u017ee u\u010denicima: \u201c<strong><em>Primite Duha Svetoga<\/em><\/strong>\u201d (Iv 20,22).<\/p>\n<p>Djela apostolska pripovijedaju kako su se u\u010denici nakon uza\u0161a\u0161\u0107a skupili u Jeruzalemu da po nalogu Uskrsloga \u010dekaju dar Duha Svetoga. Isus im je bio rekao: \u201c<strong><em>Primit \u0107ete Snagu \u2013 Duha Svetoga. On \u0107e si\u0107i na vas, i bit \u0107ete mi svjedoci&#8230;sve do na kraj zemlje<\/em><\/strong>\u201d (Dj 1,8).<\/p>\n<p>I uistinu, na dan <strong>Pedesetnice<\/strong>, to jest pedesetog dana nakon Uskrsa, oni su bili dionici \u010dudesnog dara. Stoga i mi pedesetog dana nakon Uskrsa slavimo <strong>Duhove<\/strong> (neko\u0107 se taj dan slavio tri dana; to su bili \u201cDuhovi\u201d dani).<\/p>\n<p>Duh Sveti <strong>O\u010dev<\/strong> je i <strong>Isusov Duh<\/strong>. On je njihova uzajamna ljubav. On je s Ocem i Sinom <strong>pravi<\/strong> <strong>Bog<\/strong>. Za njega ka\u017eemo da je <strong>tre\u0107a bo\u017eanska osoba<\/strong>. On je ljubav kojom nas darivaju Otac i Sin. Stoga nas Duh Sveti poti\u010de i osposobljuje da \u017eivimo u ljubavi prema Bogu i jedni prema drugima. On je ne samo Duh ljubavi, on je sama Ljubav.<\/p>\n<p>Na dan <strong>prvih Duhova<\/strong> Isusovi u\u010denici, apostoli, po\u010deli su izvr\u0161avati <strong>Isusovu misiju<\/strong>, poslanje: \u201c<strong><em>Po\u0111ite i sve narode u\u010dinite mojim u\u010denicima&#8230;<\/em><\/strong>\u201d Djela apostolska nam pripovijedaju kako je sv. Petar, kao pro\u010delnik apostolskog zbora, odr\u017eao prvu propovijed o Isusu Kristu i o Isusovu spasenju. Veliko mno\u0161tvo ljudi prigrlilo je vjeru u Isusa Krista. I svi su se <strong>krstili<\/strong> i <strong>primili Duha Svetoga<\/strong>. Tako je <strong>nastala prva Crkva<\/strong> (o tom izvje\u0161\u0107uju Djela apostolska, glava 2).<\/p>\n<p>Duh Sveti otada djeluje u svoj zajednici Isusovih vjernika, u <strong>Crkvi<\/strong>. \u0160tovi\u0161e, sv. Pavao uspore\u0111uje svu crkvenu zajednicu s tijelom, kojemu je Isus Krist <strong>\u201cglava\u201d<\/strong>, a Duh Sveti je <strong>\u201cdu\u0161a\u201d<\/strong> toga tijela. On iznutra o\u017eivljuje i ujedinjuje svu vjerni\u010dku zajednicu, daje joj zamah i rast, poti\u010de je na djelatnost u \u0161irenju vjere i djelima ljubavi.<\/p>\n<p>Duh Sveti osobito je bio djelatan u <strong>Bo\u017ejoj objavi<\/strong>. On je govorio po prorocima, i pod posebnim njegovim vodstvom i nadahnu\u0107em (inspiracijom) sveti su pisci napisali <strong>Sveto pismo (Bibliju)<\/strong>. A mnogo toga \u0161to je Isus govorio i \u010dinio u Crkvi se i nezapisano \u010duvalo i prenosilo, tako\u0111er pod vodstvom Duha Svetoga. To mi zovemo <strong>Predaja<\/strong> (Tradicija). Tako se pod utjecajem Duha Svetoga u Crkvi trajno i cjelovito \u010duva sva Bo\u017eja i spasonosna istina koja je pohranjena u Svetom pismu i Predaji.<\/p>\n<p>Isus je ve\u0107 <strong>u\u010denicima<\/strong> obe\u0107ao da \u0107e ih Duh Sveti upu\u0107ivati u svu istinu (Iv 16,13). Oni su u svjetlu Duha Svetoga <strong>produbljivali<\/strong> svoje razumijevanje Isusa Krista i njegovih rije\u010di i postupaka. Znali su uo\u010davati nove situacije i na njih primjenjivati Evan\u0111elje.<\/p>\n<p>Uz pomo\u0107 istoga, Duha, sva zajednica vjernika, <strong>Crkva<\/strong>, <strong>napreduje<\/strong> u sve boljem <strong>razumijevanju Bo\u017eje istine<\/strong>. I mi vjerujemo da je Duh Sveti tako vodi i \u010duva da se Crkva u svojoj cjelini nikada ne mo\u017ee prevariti u Bo\u017ejoj istini. U tom smislu mi ka\u017eemo da je Crkva <strong>nezabludiva<\/strong> (\u201cnepogre\u0161iva\u201d).<\/p>\n<p>Duh Sveti naro\u010dito je djelatan u tzv. <strong>U\u010diteljstvu<\/strong> Crkve. Isus U\u010ditelj povjerio je svoju slu\u017ebu nau\u010davanja na poseban na\u010din papi (rimskom biskupu) i svim biskupima svijeta u zajednici s papom. Kada on sam ili oni svi zajedno progla\u0161avaju \u0161to na temelju Svetog pisma i Predaje treba vjerovati i u \u017eivot provoditi \u2013 mi to kratko zovemo dogma i moral \u2013 tada ih Duh Sveti \u010duva od zablude. U tom smislu i za njih ka\u017eemo i vjerujemo da su <strong>nezabludivi<\/strong>. Tada svi vjernici, zajedno s njima, treba da to prihvate kao Bo\u017eju istinu.<\/p>\n<p>Od prvih vremena kr\u0161\u0107anstva, svi su kr\u0161\u0107ani zajedno s <strong>kr\u0161tenjem<\/strong> primali i <strong>dar Duha Svetoga<\/strong>. Taj sakramenat kojim se prima dar Duha Svetoga zovemo <strong>krizma<\/strong> ili potvrda. Rije\u010d \u201ckrizma\u201d potje\u010de iz gr\u010dkoga a zna\u010di \u201cpomazanje\u201d. U naju\u017eoj je vezi s imenom Krist, \u0161to zna\u010di Pomazanik (Isus je \u201cpomazan\u201d Duhom Svetim, pa stoga i kr\u0161\u0107ani primaju \u201cpomazanje\u201d ili krizmu u znak da su i oni pomazani istim Duhom Svetim kao i Krist).<\/p>\n<p>Sakramenat krizme zove se i <strong>potvrda<\/strong>, jer u nama potvr\u0111uje i utvr\u0111uje na\u0161u krsnu povezanost s Kristom. I to ba\u0161 time \u0161to u krizmi na poseban na\u010din primamo Duha Svetoga.<\/p>\n<p>Duh Sveti nas iznutra povezuje s Bogom Ocem i Isusom Kristom. Intimnije povezani s Bogom, mi postajemo i jedni drugima bli\u017ei i prisniji.<\/p>\n<p>Duhom Svetim prosvijetljen i ohrabren, kr\u0161\u0107anin postaje <strong>svjedok<\/strong> Isusa Krista. Mi trebamo svjedo\u010diti i <strong>rije\u010dju<\/strong> i <strong>\u017eivotom<\/strong>. Stoga nas Duh Sveti poti\u010de da \u0161to bolje upoznamo Krista i kr\u0161\u0107anstvo, a ujedno nas poziva na odgovornost kako bi na\u0161 \u017eivot bio uvijek u skladu s na\u0161om vjerom. Duh Sveti nam naro\u010dito govori po glasu na\u0161e <strong>savjesti<\/strong>, koja se prosvjetljuje \u010ditanjem Svetog pisma i vjerni\u010dkim drugovanjem u zajednici vjere, a nadasve primjerom Isusa Krista i njegovih svetaca.<\/p>\n<p>Po Svetom pismu, Duh Sveti ispunja <strong>svemir<\/strong> i <strong>\u010dovje\u010danstvo<\/strong> (Knjiga Mudrosti 1,7). Stoga Drugi vatikanski koncil upozorava da on djeluje u mnogim pokretima povijesti i u nastojanjima da se ostvari ljudski <strong>napredak<\/strong> i razvoj te <strong>bratsko zajedni\u0161tvo<\/strong> me\u0111u ljudima.<\/p>\n<p>Kr\u0161\u0107anin treba <strong>molitvom<\/strong>, razmi\u0161ljanjem i meditacijom razvijati u sebi \u201cduhovno osjetilo\u201d, kako bi umio <strong>raspoznati<\/strong> \u0161to je od Duha Bo\u017ejega. Samo \u0107e tako mo\u0107i uvijek biti poslu\u0161an Duhu Svetom i dati svoj doprinos za sve \u0161to je dobro u ljudskoj obitelji.<\/p>\n<p>Poseban dar Duha Svetoga je <strong>duh inicijative<\/strong> i poduzetnosti te duh odva\u017enosti i <strong>neustra\u0161ivosti<\/strong> za sve \u0161to je dobro.<\/p>\n<p>Duh Sveti je uvijek iznutra prisutan svakome kr\u0161\u0107aninu i svakome \u010dovjeku koji slijedi svoju savjest, da \u010dovjeka prosvijetli i potpomogne u svakom dobrom nastojanju. Mi tu pomo\u0107 Duha Svetoga nazivamo <strong>milost djelatna<\/strong>. Osim toga, Duh Sveti dijeli me\u0111u svim vjernicima i posebne darove koje zovemo <strong>karizmama<\/strong>. Karizme osposobljavaju pojedince ili grupe ljudi da poduzmu razli\u010dita djela i du\u017enosti koje pridonose obnovi i op\u0107em rastu Crkve i \u010dovje\u010danstva.<\/p>\n<p>Vrhunski dar Duha Svetoga jest to \u0161to nam on iznutra daje <strong>vjerovati<\/strong> i <strong>ljubiti<\/strong> Isusa Krista, a po njemu i nebeskog Oca. Po sv. Pavlu, Duh Sveti u nama budi sinovski osje\u0107aj prema Bogu, da ga i nazivamo Ocem i ljubimo kao Oca i da se osje\u0107amo Bo\u017eja djeca i bra\u0107a sa svim ljudima. Mi taj dar Duha Svetoga nazivamo <strong>milost posvetna<\/strong> ili bogosinstvo. U svemu tome, Duh Sveti \u2013 koji se naziva i \u017eivotvorac \u2013 u nama budi i poti\u010de \u017eelju i nadu u <strong>uskrsnu\u0107e<\/strong> tijela i <strong>vje\u010dni \u017eivot<\/strong>.<\/p>\n<p>Jednu od najkra\u0107ih i najljep\u0161ih izreka o Duhu Svetom i njegovu djelovanju u nama \u010ditamo u sv. Pavla:<\/p>\n<p><strong><em>\u201cA kada do\u0111e punina vremena,<br \/>\nodasla Bog Sina svoga\u2026<br \/>\nda (po njemu) primimo sinovstvo.<br \/>\nA budu\u0107i da ste sinovi,<br \/>\nodasla Bog u srca va\u0161a Duha Sina svoga<br \/>\nkoji (u vama) kli\u010de: Abba! O\u010de!<br \/>\nTako vi\u0161e nisi rob nego sin.<br \/>\nA ako si sin,<br \/>\nonda si i ba\u0161tinik po Bogu\u201d<\/em><\/strong> (Gal 4,4-7).<\/p>\n","protected":false},"excerpt":{"rendered":"<p>Duh Sveti Isus se pojavljuje kao U\u010ditelj i Spasitelj pun Duha Svetoga. Tako se predstavlja u Nazaretu: \u201cDuh Gospodnji na meni je\u201d (Lk 4,14). On govori rije\u010di Bo\u017eje i \u010dini djela Bo\u017eja u Duhu Svetom. U isto vrijeme \u010de\u0161\u0107e upu\u0107uje svoje apostole da \u0107e im od Oca poslati Duha Svetoga da ih on iznutra prosvjetljuje, &hellip; <a href=\"https:\/\/vjeronauk.net\/?page_id=173\" class=\"more-link\">Nastavi \u010ditati <span class=\"screen-reader-text\">Vjerujem u Duha Svetoga&#8230;<\/span><\/a><\/p>\n","protected":false},"author":5,"featured_media":0,"parent":28,"menu_order":12,"comment_status":"closed","ping_status":"closed","template":"","meta":{"footnotes":""},"class_list":["post-173","page","type-page","status-publish","hentry"],"_links":{"self":[{"href":"https:\/\/vjeronauk.net\/index.php?rest_route=\/wp\/v2\/pages\/173","targetHints":{"allow":["GET"]}}],"collection":[{"href":"https:\/\/vjeronauk.net\/index.php?rest_route=\/wp\/v2\/pages"}],"about":[{"href":"https:\/\/vjeronauk.net\/index.php?rest_route=\/wp\/v2\/types\/page"}],"author":[{"embeddable":true,"href":"https:\/\/vjeronauk.net\/index.php?rest_route=\/wp\/v2\/users\/5"}],"replies":[{"embeddable":true,"href":"https:\/\/vjeronauk.net\/index.php?rest_route=%2Fwp%2Fv2%2Fcomments&post=173"}],"version-history":[{"count":6,"href":"https:\/\/vjeronauk.net\/index.php?rest_route=\/wp\/v2\/pages\/173\/revisions"}],"predecessor-version":[{"id":251,"href":"https:\/\/vjeronauk.net\/index.php?rest_route=\/wp\/v2\/pages\/173\/revisions\/251"}],"up":[{"embeddable":true,"href":"https:\/\/vjeronauk.net\/index.php?rest_route=\/wp\/v2\/pages\/28"}],"wp:attachment":[{"href":"https:\/\/vjeronauk.net\/index.php?rest_route=%2Fwp%2Fv2%2Fmedia&parent=173"}],"curies":[{"name":"wp","href":"https:\/\/api.w.org\/{rel}","templated":true}]}}