{"id":184,"date":"2011-03-30T20:24:46","date_gmt":"2011-03-30T20:24:46","guid":{"rendered":"http:\/\/vjeronauk.net\/?page_id=184"},"modified":"2011-03-30T20:40:54","modified_gmt":"2011-03-30T20:40:54","slug":"uskrsnuce-tijela","status":"publish","type":"page","link":"https:\/\/vjeronauk.net\/?page_id=184","title":{"rendered":"uskrsnu\u0107e tijela&#8230;"},"content":{"rendered":"<p>Zagonetka ljudskog \u017eivota najte\u017ee se osje\u0107a nad grobom onih koje smo voljeli. Pred smr\u0107u se \u010dovjek sam po sebi osje\u0107a bespomo\u0107an. No pred misterijem smrti u pomo\u0107 mu dolazi sam Bog. Na temelju bo\u017eanske objave, Isusovi vjernici, okupljeni u Crkvi, znaju da je Bog stvorio \u010dovjeka za vje\u010dno sretan \u017eivot, s onu stranu groba. \u0160tovi\u0161e, kr\u0161\u0107anska vjera u\u010di da \u0107e tjelesna smrt biti napokon pobije\u0111ena. Ta puna pobjeda slavit \u0107e se u <strong>uskrsnu\u0107u tijela<\/strong>, u posljednji dan sada\u0161nje povijesti.<\/p>\n<p>Prema Svetom pismu, \u010dovjek je stvoren kao bi\u0107e u kome du\u0161a i tijelo \u010dine jedinstvo, cjelinu. Sve Bo\u017eje stvaranje, sav tijek povijesti kojim ravna Bog, sve spasenje po Isusu Kristu usmjereno je na toga i takva \u010dovjeka. \u010covjek nije samo du\u0161a koja je besmrtna. \u010covjek je i tijelo. Stoga ovaj \u010dlanak Vjerovanja utvr\u0111uje u nama vjeru da \u0107e i <strong>tijelo<\/strong> imati udjela u kona\u010dnom <strong>spasenju<\/strong>. \u0160tovi\u0161e, prema Bibliji, u velikoj i kona\u010dnoj Bo\u017ejoj obnovi imat \u0107e udjela sva priroda (usp. Rim 8,19\u201324).<\/p>\n<p>Ovaj \u010dlanak Vjerovanja o <strong>uskrsnu\u0107u tijela<\/strong> najtje\u0161nje se nadovezuje na <strong>cijelo Vjerovanje<\/strong>. Ono je na neki na\u010din posljedica na\u0161e vjere u Boga Stvoritelja, u Isusa Krista, a nadasve u Krista Uskrsloga.<\/p>\n<p>Ve\u0107 smo isticali, <strong>Kristovo uskrsnu\u0107e temelj<\/strong> je i <strong>jamstvo na\u0161ega uskrsnu\u0107a<\/strong> u novom nebu i novoj zemlji. Da istakne kako je Isusovo uskrsnu\u0107e uzrok na\u0161eg uskrsnu\u0107a, sv. Pavao je stvorio vrlo lijep kr\u0161\u0107anski izri\u010daj \u201c<strong>su-uskrsnuti<\/strong>\u201d: s Kristom Uskrslim i mi smo su-uskrsli. Njegovo uskrsnu\u0107e ve\u0107 sada djeluje u nama po <strong>milosti posvetnoj<\/strong>. U nama \u2013 kao u lozama bo\u017eanskog \u010dokota, Krista \u2013 struji bo\u017eanski \u017eivot. Najbolja hrana toga \u017eivota jest <strong>euharistija<\/strong> jer je pod prilikama kruha i vina prisutan i u nama djelatan sam Krist Uskrsli. Stoga jedan od najstarijih .kr\u0161\u0107anskih pisaca iz po\u010detka II. stolje\u0107a biskup Ignacije euharistiju zove \u201clijekom besmrtnosti\u201d.<\/p>\n<p>Iz Svetoga pisma i svega vjerovanja Crkve kroz sva stolje\u0107a posve je o\u010dita \u010dinjenica da \u0107emo i tijelom uskrsnuti. Isusova pobjeda nad smr\u0107u bit \u0107e dokon\u010dana kada bude pobije\u0111ena, kako veli sv. Pavao, posljednja neprijateljica \u010dovje\u010danstva \u2013 <strong>smrt<\/strong> (1 Kor 15,26). <strong>Kako<\/strong> \u0107e to biti, jo\u0161 nam <strong>nije<\/strong> <strong>o\u010dito<\/strong>, za to jo\u0161 nemamo iskustva. Stoga Sveto pismo o tom kako \u0107e sve to biti govori najvi\u0161e <strong>u slikama<\/strong>. Najbolje je to izrazio sv. Pavao rije\u010dima: \u201c<strong><em>\u0160to ljudsko oko jo\u0161 ne vidje, i uho ne \u010du, i u srce \u010dovje\u010dje ne u\u0111e, to je Bog pripravio onima koji ga ljube<\/em><\/strong>\u201d (1 Kor 2,9). A na drugom mjestu pi\u0161e: \u201c<strong><em>Krist \u0107e preobraziti ovo na\u0161e bijedno tijelo i suobli\u010diti ga tijelu slavnome<\/em><\/strong>\u201d (Fil 3,21). Vjera u uskrsnu\u0107e tijela sadr\u017ei u sebi jo\u0161 ne\u0161to va\u017eno: na\u0161e je <strong>tijelo svetinja<\/strong>. To je lijepo izrazio sv. Pavao: \u201c<strong><em>Zar ne znate? Tijelo je va\u0161e hram Duha Svetoga koji jest u vama&#8230; Proslavite dakle Boga u tijelu svojemu!<\/em><\/strong>\u201d (1 Kor 6,19\u201320)!<\/p>\n<p>Mi stoga treba da s <strong>po\u0161tovanjem<\/strong> postupamo sa svojim tijelom. Bog ga je stvorio i posvetio, on \u0107e ga jednom i uskrisiti iz groba. Trebamo se brinuti i za svoj <strong>tjelesni \u017eivot<\/strong> i za <strong>zdravlje<\/strong>. Sv. Pavao uspore\u0111uje tijelo s oru\u0111em, oru\u0111em za dobra djela. <strong>Radom<\/strong> svojih ruku \u010dovjek izvodi zamisli svoga uma. I da bi \u010dovjek mogao iskazivati ljudima svoju <strong>pa\u017enju<\/strong> i <strong>ljubav<\/strong>, potrebna mu je ne samo du\u0161a nego i tijelo.<\/p>\n<p>Zbog svoje vjere u uskrsnu\u0107e kr\u0161\u0107ani iskazuju posebnu po\u010dast mrtvim <strong>tijelima svojih pokojnika<\/strong>. Brinu se za \u0161to dostojniji ukop, kite i posje\u0107uju grobove najmilijih. A sva Crkva po svem svijetu s osobitom odano\u0161\u0107u svake godine nakon blagdana Svih svetih na dan 2. studenoga slavi <strong>Du\u0161ni dan<\/strong> ili Dan pokojnika. Najljep\u0161i izraz ljubavi prema pokojnicima jest da se za njih molimo, osobito u svetoj misi, i da kao njihovu najdra\u017eu ba\u0161tinu \u010duvamo vjeru i brigu jedni za druge, dok se zajedno s njima ne na\u0111emo u vje\u010dnoj domovini.<\/p>\n","protected":false},"excerpt":{"rendered":"<p>Zagonetka ljudskog \u017eivota najte\u017ee se osje\u0107a nad grobom onih koje smo voljeli. Pred smr\u0107u se \u010dovjek sam po sebi osje\u0107a bespomo\u0107an. No pred misterijem smrti u pomo\u0107 mu dolazi sam Bog. Na temelju bo\u017eanske objave, Isusovi vjernici, okupljeni u Crkvi, znaju da je Bog stvorio \u010dovjeka za vje\u010dno sretan \u017eivot, s onu stranu groba. \u0160tovi\u0161e, &hellip; <a href=\"https:\/\/vjeronauk.net\/?page_id=184\" class=\"more-link\">Nastavi \u010ditati <span class=\"screen-reader-text\">uskrsnu\u0107e tijela&#8230;<\/span><\/a><\/p>\n","protected":false},"author":5,"featured_media":0,"parent":28,"menu_order":16,"comment_status":"closed","ping_status":"closed","template":"","meta":{"footnotes":""},"class_list":["post-184","page","type-page","status-publish","hentry"],"_links":{"self":[{"href":"https:\/\/vjeronauk.net\/index.php?rest_route=\/wp\/v2\/pages\/184","targetHints":{"allow":["GET"]}}],"collection":[{"href":"https:\/\/vjeronauk.net\/index.php?rest_route=\/wp\/v2\/pages"}],"about":[{"href":"https:\/\/vjeronauk.net\/index.php?rest_route=\/wp\/v2\/types\/page"}],"author":[{"embeddable":true,"href":"https:\/\/vjeronauk.net\/index.php?rest_route=\/wp\/v2\/users\/5"}],"replies":[{"embeddable":true,"href":"https:\/\/vjeronauk.net\/index.php?rest_route=%2Fwp%2Fv2%2Fcomments&post=184"}],"version-history":[{"count":8,"href":"https:\/\/vjeronauk.net\/index.php?rest_route=\/wp\/v2\/pages\/184\/revisions"}],"predecessor-version":[{"id":238,"href":"https:\/\/vjeronauk.net\/index.php?rest_route=\/wp\/v2\/pages\/184\/revisions\/238"}],"up":[{"embeddable":true,"href":"https:\/\/vjeronauk.net\/index.php?rest_route=\/wp\/v2\/pages\/28"}],"wp:attachment":[{"href":"https:\/\/vjeronauk.net\/index.php?rest_route=%2Fwp%2Fv2%2Fmedia&parent=184"}],"curies":[{"name":"wp","href":"https:\/\/api.w.org\/{rel}","templated":true}]}}