{"id":186,"date":"2011-03-30T20:27:03","date_gmt":"2011-03-30T20:27:03","guid":{"rendered":"http:\/\/vjeronauk.net\/?page_id=186"},"modified":"2011-03-30T20:41:02","modified_gmt":"2011-03-30T20:41:02","slug":"zivot-vjecni","status":"publish","type":"page","link":"https:\/\/vjeronauk.net\/?page_id=186","title":{"rendered":"\u017eivot vje\u010dni."},"content":{"rendered":"<p>Na\u0161e Vjerovanje zavr\u0161ava velikom <strong>himnom \u017eivotu<\/strong>, vje\u010dnom \u017eivotu. Cijelo Sveto pismo i nau\u010davanje kroz dva tisu\u0107lje\u0107a govori o ovoj bla\u017eenoj kona\u010dnici kojoj smjera povijest svakoga pojedinog <strong>\u010dovjeka<\/strong> i svega <strong>\u010dovje\u010danstva<\/strong>. <strong>Bog<\/strong> je \u010dovjeka stvorio za vje\u010dni \u017eivot. <strong>Isus Krist<\/strong> je trpio, umro i uskrsnuo da nam zaslu\u017ei \u017eivot vje\u010dni. <strong>Duh Sveti<\/strong> nas po glasu savjesti, po Svetom pismu i po primjerima svetih i dobrih ljudi poma\u017ee da tako \u017eivimo na zemlji da postignemo \u017eivot vje\u010dni.<\/p>\n<p>Istina, ne smijemo zatajiti, Bo\u017eja nas objava neprestano upozorava da postoji strahovita <strong>mogu\u0107nost <\/strong>da se <strong>zauvijek proma\u0161imo<\/strong>. Stalno smo <strong>pred izborom<\/strong> i <strong>opredjeljenjem<\/strong>, jer na\u0161e spasenje ne ovisi samo o Bogu nego i o nama, o na\u0161oj dobroj volji i o na\u0161em zalaganju oko dobrote i \u010dovje\u010dnosti. Ve\u0107 je Mojsije rekao Izraelcima: \u201c<strong><em>Evo, danas preda te stavljam \u017eivot i sre\u0107u, smrt i nesre\u0107u&#8230; \u017divot, dakle, biraj!<\/em><\/strong>\u201d (Pnz 30,15.19). Jo\u0161 je ozbiljnija rije\u010d Isusova: \u201c<strong><em>Dolazi \u010das, kada \u0107e svi koji su u grobovima \u010duti glas Sina \u010dovje\u010djega<\/em><\/strong>\u201d, to jest Isusa Krista. \u201c<strong><em>I izi\u0107i \u0107e: oni koji su \u010dinili dobro \u2013 na uskrsnu\u0107e \u017eivota, a oni koji su radili zlo \u2013 na uskrsnu\u0107e osude<\/em><\/strong>\u201d (Iv 5,28\u201329).<\/p>\n<p>Poslije smrti mogu\u0107a su tri stanja, od kojih su dva vje\u010dna: <strong>raj<\/strong> \u2013 <strong>pakao<\/strong> \u2013 <strong>\u010distili\u0161te<\/strong>. A sve ovisi koliko smo bili \u010dovje\u010dni, pravedni, istiniti \u2013 ukratko, koliko smo nastojali biti dobri ljudi: prema Bogu, prema ljudima, prema samima sebi.<\/p>\n<p><strong>Raj<\/strong> ili <strong>nebo<\/strong> ili <strong>vje\u010dni \u017eivot<\/strong> u\u017eivaju oni koji su nakon smrti i o\u010di\u0161\u0107enja zauvijek s Bogom, u zajedni\u0161tvu sa svima spasenicima i bla\u017eenicima.<\/p>\n<p>Objava nam govori i o jednoj drugoj mogu\u0107nosti poslije smrti \u2013 o <strong>paklu<\/strong> ili vje\u010dnom prokletstvu i nesre\u0107i. \u010covjek koji je potpuno svjestan da \u010dini zlo, pa se trajno odupire Bo\u017ejoj milosti i spasenju koje mu Bog nudi te nepokajan umre, zapravo sam sebe osu\u0111uje na vje\u010dnu propast. Nakon smrti, za takve nastupa, kako Sveto pismo ka\u017ee, \u201cdruga smrt\u201d ili <strong>vje\u010dna odijeljenost od Boga<\/strong>.<\/p>\n<p>Na\u0161a vjera nazrijeva jo\u0161 jedno, ali privremeno stanje koje zovemo <strong>\u010distili\u0161te<\/strong>. I oni koji umru u \u201cmilosti posvetnoj\u201d, to jest u prijateljstvu s Bogom i s ljudima, ali nisu jo\u0161 savr\u0161eni u ljubavi, neko vrijeme nakon smrti jo\u0161 ne u\u017eivaju kona\u010dno i savr\u0161eno zajedni\u0161tvo s Bogom i svetima nego se nalaze u \u010di\u0161\u0107enju. Mi im mo\u017eemo pomo\u0107i svojim molitvama i dobrim djelima, a osobito spomenom u svetoj misi.<\/p>\n<p>Samo je Bogu poznat broj onih koji se spa\u0161avaju ili propadaju. Tu treba ponoviti sve ono \u0161to smo ve\u0107 kazali o Bogu, Ocu i o Isusu Kristu Spasitelju. Velika je rije\u010d sv. Pavla: \u201c<strong><em>Bog ho\u0107e da se svi ljudi spase<\/em><\/strong>\u201d (1 Tim 2,4). Ali treba ponoviti i poznatu rije\u010d sv. Augustina: \u201c<strong><em>Bog te je stvorio bez tebe, ali te ne\u0107e spasiti bez tebe, bez tvoga sudjelovanja<\/em><\/strong>.\u201d<\/p>\n<p>Ipak, nije Bo\u017eja volja da se prepustimo strahu i pretjeranoj brizi ho\u0107emo li se spasiti i1i ne. U Crkvi uvijek postoji svima pristupa\u010dno i otvoreno <strong>opro\u0161tenje grijeha<\/strong>. A <strong>Duh Sveti<\/strong> nam ulijeva <strong>nadu<\/strong> ili kr\u0161\u0107ansko ufanje da se ne predajemo strahu nego da se s rado\u0161\u0107u <strong>posve\u0107ujemo \u017eivotu<\/strong>, \u010dovje\u010dnosti, dobroti, istini i ljubavi prema svim ljudima. A i kad smo sve to u\u010dinili, <strong>spasenje<\/strong> i vje\u010dni \u017eivot o\u010dekujemo vi\u0161e od <strong>Bo\u017eje dobrote<\/strong> nego od svojih dobrih djela, jer ne \u010dinimo dobra djela da zaslu\u017eimo pla\u0107u, nego zato \u0161to <strong>ljubimo Boga<\/strong> i svoju <strong>bra\u0107u<\/strong> ljude.<\/p>\n<p>U svjetlu ovog zavr\u0161nog \u010dlanka Vjerovanja treba procjenjivati i vrednovati i ovaj na\u0161 <strong>zemaljski \u017eivot<\/strong>. On ima veliku vrijednost. U svojoj velikoj propovijedi o posljednjem sudu (Mt 25) Isus jasno u\u010di da \u0107e nam se dati <strong>vje\u010dni \u017eivot<\/strong> na temelju onoga \u0161to smo dobro u\u010dinili bra\u0107i ljudima u ovome \u017eivotu. Stoga kr\u0161\u0107anin treba voljeti i cijeniti ovaj \u017eivot. Kr\u0161\u0107anin je stanovnik \u201cdvaju gradova\u201d: i ovoga zemaljskog i onog nebeskog. O tom lijepo ka\u017ee papa Pavao VI: \u201c<em>U\u010denik Kristov graditelj je zemaljskoga vremenitog grada, ali ujedno hrli prema gradu nebeskome i vje\u010dnome. Kao takav, on je ovdje u svijetu borac za pravdu i oslobo\u0111enje potla\u010denih, borac za ljubav koja poma\u017ee potrebnima, a nadasve on je aktivan svjedok ljubavi po kojoj u srcima ljudi raste Krist<\/em>\u201d (Apostolsko pismo o \u0161tovanju Marije, br. 37).<\/p>\n<p>\u017divot, i to ovaj zemaljski i onaj vje\u010dni, jest velika dragocjenost. Ali nekada nastanu te\u0161ka vremena i neizbje\u017ene situacije, kada je \u010dovjek kr\u0161\u0107anin pozvan da bira izme\u0111u ovoga \u017eivota i vje\u010dnoga. Tada nastaje krajnja <strong>mu\u010deni\u010dka<\/strong> ili, kako ka\u017ee A. G. Mato\u0161, <strong>svjedo\u010dka situacija<\/strong>. Kr\u0161\u0107anin tada, potpomognut i oja\u010dan <strong>Duhom Svetim<\/strong>, osjeti snagu Kristove rije\u010di: \u201c<strong><em>\u0160to koristi \u010dovjeku ako sav svijet zadobije, a sebe samoga izgubi<\/em><\/strong>\u201d (Lk 9,25). Jo\u0161 je to sna\u017enije u Evan\u0111elju sv. Marka: \u201c<strong><em>Tko izgubi \u017eivot poradi mene i Evan\u0111elja, spasit \u0107e ga<\/em><\/strong>\u201d (Mk 8,35). Takve heroje ljubavi prema Bogu i bli\u017enjemu zovemo <strong>mu\u010denicima<\/strong> ili najizvrsnijim svjedocima vjere. Oni se sjedinjuju s Kristom mu\u010denikom koji je za se i za njih rekao: \u201c<strong><em>Ovo je najve\u0107a ljubav: polo\u017eiti \u017eivot za one koje volimo<\/em><\/strong>.\u201d (usp. Iv 15,13).<\/p>\n<p>Istina i stvarnost vje\u010dnoga \u017eivota osvjetljuje i sam misterij <strong>smrti<\/strong> i tamu groba. Svakome je \u010dovjeku umrijeti. Ali mi kr\u0161\u0107ani znamo da grob nije provalija, nego most. Stoga se u kr\u0161\u0107anskom jeziku smrt naziva \u201c<strong>prijelaz<\/strong>\u201d ili \u201cpreminu\u0107e\u201d. Smrt nije kona\u010dna rije\u010d na \u017eivot. Mi kr\u0161\u0107ani \u017eivimo vjeruju\u0107i rije\u010di koju je Isus rekao u pri\u010di o dobrom pastiru: \u201c<strong><em>Ja sam do\u0161ao da (ljudi) imaju \u017eivot, i to da ga imaju u izobilju<\/em><\/strong>\u201d (Iv 10,10).<\/p>\n","protected":false},"excerpt":{"rendered":"<p>Na\u0161e Vjerovanje zavr\u0161ava velikom himnom \u017eivotu, vje\u010dnom \u017eivotu. Cijelo Sveto pismo i nau\u010davanje kroz dva tisu\u0107lje\u0107a govori o ovoj bla\u017eenoj kona\u010dnici kojoj smjera povijest svakoga pojedinog \u010dovjeka i svega \u010dovje\u010danstva. Bog je \u010dovjeka stvorio za vje\u010dni \u017eivot. Isus Krist je trpio, umro i uskrsnuo da nam zaslu\u017ei \u017eivot vje\u010dni. Duh Sveti nas po glasu savjesti, &hellip; <a href=\"https:\/\/vjeronauk.net\/?page_id=186\" class=\"more-link\">Nastavi \u010ditati <span class=\"screen-reader-text\">\u017eivot vje\u010dni.<\/span><\/a><\/p>\n","protected":false},"author":5,"featured_media":0,"parent":28,"menu_order":17,"comment_status":"closed","ping_status":"closed","template":"","meta":{"footnotes":""},"class_list":["post-186","page","type-page","status-publish","hentry"],"_links":{"self":[{"href":"https:\/\/vjeronauk.net\/index.php?rest_route=\/wp\/v2\/pages\/186","targetHints":{"allow":["GET"]}}],"collection":[{"href":"https:\/\/vjeronauk.net\/index.php?rest_route=\/wp\/v2\/pages"}],"about":[{"href":"https:\/\/vjeronauk.net\/index.php?rest_route=\/wp\/v2\/types\/page"}],"author":[{"embeddable":true,"href":"https:\/\/vjeronauk.net\/index.php?rest_route=\/wp\/v2\/users\/5"}],"replies":[{"embeddable":true,"href":"https:\/\/vjeronauk.net\/index.php?rest_route=%2Fwp%2Fv2%2Fcomments&post=186"}],"version-history":[{"count":5,"href":"https:\/\/vjeronauk.net\/index.php?rest_route=\/wp\/v2\/pages\/186\/revisions"}],"predecessor-version":[{"id":239,"href":"https:\/\/vjeronauk.net\/index.php?rest_route=\/wp\/v2\/pages\/186\/revisions\/239"}],"up":[{"embeddable":true,"href":"https:\/\/vjeronauk.net\/index.php?rest_route=\/wp\/v2\/pages\/28"}],"wp:attachment":[{"href":"https:\/\/vjeronauk.net\/index.php?rest_route=%2Fwp%2Fv2%2Fmedia&parent=186"}],"curies":[{"name":"wp","href":"https:\/\/api.w.org\/{rel}","templated":true}]}}