{"id":188,"date":"2011-03-30T20:19:44","date_gmt":"2011-03-30T20:19:44","guid":{"rendered":"http:\/\/vjeronauk.net\/?page_id=188"},"modified":"2023-12-06T09:45:23","modified_gmt":"2023-12-06T08:45:23","slug":"amen","status":"publish","type":"page","link":"https:\/\/vjeronauk.net\/?page_id=188","title":{"rendered":"Amen."},"content":{"rendered":"<p>Rije\u010d \u201cAmen\u201d potje\u010de iz hebrejskoga a zna\u010di \u201c<strong>tako je<\/strong>!\u201d ili \u201c<strong>tako neka bude<\/strong>!\u201d ili jo\u0161 kra\u0107e \u201c<strong>da!<\/strong>\u201d. Ona nas tako podsje\u0107a na rije\u010d i prihva\u0107anje kojim je po\u010delo na\u0161e spasenje kada je Djevica Marija kazala an\u0111elu blagovjesniku: \u201c<strong><em>Neka mi bude po rije\u010di tvojoj<\/em><\/strong>\u201d (Lk 1,38).<\/p>\n<p>Svojim <strong>amen<\/strong> ka\u017eemo svoj <strong>da<\/strong> na cijelo Vjerovanje. Prihva\u0107amo Boga kao temeljnu stvarnost svoga \u017eivota. Prihva\u0107amo Isusa Krista kao svoga U\u010ditelja i Spasitelja. Dobivamo od njega dar Duha Svetoga. On nas okuplja u Crkvu katoli\u010dku da \u017eivimo kao Bo\u017eji sinovi i bra\u0107a me\u0111u sobom.<\/p>\n<p>Svojim <strong>amen<\/strong> ne ka\u017eemo samo \u201ctako je!\u201d nego i svoj: \u201c<strong>tako neka bude<\/strong>!\u201d. Izra\u017eavamo spremnost da po\u0111emo na Bo\u017eje djelo. Bog je po svom Sinu Isusu Kristu otpo\u010deo veliki preobra\u017eaj svijeta. I mi \u017eelimo da u tom sudjelujemo svim srcem i svom du\u0161om. To je na\u0161a \u010dast i na\u0161a zada\u0107a da kao Isusovi vjernici gradimo bolji svijet sa svim ljudima dobre volje. \u017deljeli bismo da na\u0161e <strong>vjerovanje<\/strong> postane <strong>djelovanje<\/strong>.<\/p>\n<p>Na\u0161 <strong>amen<\/strong> na kraju Vjerovanja izri\u010de ono isto \u0161to i prva rije\u010d <strong>vjerujem<\/strong>. U misterij Bo\u017eje ljubavi i dobrote, koja nam se o\u010dituje osobito u Isusu Kristu, vjerujemo iz dubine srca, \u010ditavim bi\u0107em i \u017eivotom, premda nikada ne\u0107emo mo\u0107i shvatiti ni izraziti svu dubinu bo\u017eanske stvarnosti u koju vjerujemo.<\/p>\n","protected":false},"excerpt":{"rendered":"<p>Rije\u010d \u201cAmen\u201d potje\u010de iz hebrejskoga a zna\u010di \u201ctako je!\u201d ili \u201ctako neka bude!\u201d ili jo\u0161 kra\u0107e \u201cda!\u201d. Ona nas tako podsje\u0107a na rije\u010d i prihva\u0107anje kojim je po\u010delo na\u0161e spasenje kada je Djevica Marija kazala an\u0111elu blagovjesniku: \u201cNeka mi bude po rije\u010di tvojoj\u201d (Lk 1,38). Svojim amen ka\u017eemo svoj da na cijelo Vjerovanje. Prihva\u0107amo Boga &hellip; <a href=\"https:\/\/vjeronauk.net\/?page_id=188\" class=\"more-link\">Nastavi \u010ditati <span class=\"screen-reader-text\">Amen.<\/span><\/a><\/p>\n","protected":false},"author":5,"featured_media":0,"parent":28,"menu_order":18,"comment_status":"closed","ping_status":"closed","template":"","meta":{"footnotes":""},"class_list":["post-188","page","type-page","status-publish","hentry"],"_links":{"self":[{"href":"https:\/\/vjeronauk.net\/index.php?rest_route=\/wp\/v2\/pages\/188","targetHints":{"allow":["GET"]}}],"collection":[{"href":"https:\/\/vjeronauk.net\/index.php?rest_route=\/wp\/v2\/pages"}],"about":[{"href":"https:\/\/vjeronauk.net\/index.php?rest_route=\/wp\/v2\/types\/page"}],"author":[{"embeddable":true,"href":"https:\/\/vjeronauk.net\/index.php?rest_route=\/wp\/v2\/users\/5"}],"replies":[{"embeddable":true,"href":"https:\/\/vjeronauk.net\/index.php?rest_route=%2Fwp%2Fv2%2Fcomments&post=188"}],"version-history":[{"count":10,"href":"https:\/\/vjeronauk.net\/index.php?rest_route=\/wp\/v2\/pages\/188\/revisions"}],"predecessor-version":[{"id":2178,"href":"https:\/\/vjeronauk.net\/index.php?rest_route=\/wp\/v2\/pages\/188\/revisions\/2178"}],"up":[{"embeddable":true,"href":"https:\/\/vjeronauk.net\/index.php?rest_route=\/wp\/v2\/pages\/28"}],"wp:attachment":[{"href":"https:\/\/vjeronauk.net\/index.php?rest_route=%2Fwp%2Fv2%2Fmedia&parent=188"}],"curies":[{"name":"wp","href":"https:\/\/api.w.org\/{rel}","templated":true}]}}