{"id":2374,"date":"2024-03-26T08:50:28","date_gmt":"2024-03-26T07:50:28","guid":{"rendered":"https:\/\/katekumenat.vjeronauk.net\/?page_id=2374"},"modified":"2024-03-26T08:50:28","modified_gmt":"2024-03-26T07:50:28","slug":"kreposti","status":"publish","type":"page","link":"https:\/\/vjeronauk.net\/?page_id=2374","title":{"rendered":"Kreposti"},"content":{"rendered":"\n<p><strong>Kreposti su stalno i \u010dvrsto raspolo\u017eenje \u010diniti dobro.<\/strong> Dijele se na sto\u017eerne (ljudske kreposti) i bogoslovne kreposti.<\/p>\n\n\n\n<p><strong>Sto\u017eerne kreposti<\/strong> su: <strong>razboritost<\/strong>, <strong>pravednost<\/strong>, <strong>jakost<\/strong> i <strong>umjerenost<\/strong>. Nazivaju se sto\u017eerne jer se oko njih svrstavaju sve ostale ljudske kreposti kao oko svoga sto\u017eera.<\/p>\n\n\n\n<p><strong>Razboritost<\/strong> je krepost koja nam poma\u017ee da u svakoj prigodi raspoznajemo i biramo ono \u0161to je dobro te to dobro posti\u017eemo prikladnim sredstvima.<\/p>\n\n\n\n<p><strong>Pravednost<\/strong> je krepost koja se o\u010dituje u na\u0161oj \u010dvrstoj volji da Bogu i bli\u017enjemu damo ono \u0161to im pripada.<\/p>\n\n\n\n<p><strong>Jakost<\/strong> je krepost koja u pote\u0161ko\u0107ama osigurava \u010dvrsto\u0107u u \u017eivotnim te\u0161ko\u0107ama i ustrajnost u tra\u017eenju dobra.<\/p>\n\n\n\n<p><strong>Umjerenost<\/strong> je krepost koja obuzdava na\u0161e prevelike tjelesne u\u017eitke i poti\u010de nas na umjereno kori\u0161tenje materijalnih dobara.<\/p>\n\n\n\n<p><strong>Bogoslovne kreposti<\/strong> su: <strong>vjera<\/strong>, <strong>ufanje<\/strong> i <strong>ljubav<\/strong>. Nazivaju se bogoslovne jer imaju svoj izvor u Bogu koji ih dariva \u010dovjeku.<\/p>\n\n\n\n<p><strong>Vjera<\/strong> je bogoslovna krepost po kojoj vjerujemo u Boga, u sve \u0161to nam je Bog objavio i \u0161to nam Crkva predla\u017ee vjerovati.<\/p>\n\n\n\n<p><strong>Ufanje<\/strong> (nada) je bogoslovna krepost po kojoj \u010deznemo za vje\u010dnim \u017eivotom kao svojom kona\u010dnom sre\u0107om.<\/p>\n\n\n\n<p><strong>Ljubav<\/strong> je bogoslovna krepost kojom Boga ljubimo iznad svega i radi njega samoga, a svoga bli\u017enjega kao samoga sebe iz ljubavi prema Bogu<\/p>\n\n\n\n<p><strong>Cilj duhovnoga rasta u krepostima jest postati sli\u010dni Isusu Kristu kako bi On postao sredi\u0161te na\u0161ega \u017eivota.<\/strong><\/p>\n","protected":false},"excerpt":{"rendered":"<p>Kreposti su stalno i \u010dvrsto raspolo\u017eenje \u010diniti dobro. Dijele se na sto\u017eerne (ljudske kreposti) i bogoslovne kreposti. Sto\u017eerne kreposti su: razboritost, pravednost, jakost i umjerenost. Nazivaju se sto\u017eerne jer se oko njih svrstavaju sve ostale ljudske kreposti kao oko svoga sto\u017eera. Razboritost je krepost koja nam poma\u017ee da u svakoj prigodi raspoznajemo i biramo ono &hellip; <a href=\"https:\/\/vjeronauk.net\/?page_id=2374\" class=\"more-link\">Nastavi \u010ditati <span class=\"screen-reader-text\">Kreposti<\/span><\/a><\/p>\n","protected":false},"author":5,"featured_media":0,"parent":0,"menu_order":0,"comment_status":"closed","ping_status":"closed","template":"","meta":{"footnotes":""},"class_list":["post-2374","page","type-page","status-publish","hentry"],"_links":{"self":[{"href":"https:\/\/vjeronauk.net\/index.php?rest_route=\/wp\/v2\/pages\/2374","targetHints":{"allow":["GET"]}}],"collection":[{"href":"https:\/\/vjeronauk.net\/index.php?rest_route=\/wp\/v2\/pages"}],"about":[{"href":"https:\/\/vjeronauk.net\/index.php?rest_route=\/wp\/v2\/types\/page"}],"author":[{"embeddable":true,"href":"https:\/\/vjeronauk.net\/index.php?rest_route=\/wp\/v2\/users\/5"}],"replies":[{"embeddable":true,"href":"https:\/\/vjeronauk.net\/index.php?rest_route=%2Fwp%2Fv2%2Fcomments&post=2374"}],"version-history":[{"count":0,"href":"https:\/\/vjeronauk.net\/index.php?rest_route=\/wp\/v2\/pages\/2374\/revisions"}],"wp:attachment":[{"href":"https:\/\/vjeronauk.net\/index.php?rest_route=%2Fwp%2Fv2%2Fmedia&parent=2374"}],"curies":[{"name":"wp","href":"https:\/\/api.w.org\/{rel}","templated":true}]}}