{"id":2396,"date":"2024-05-25T10:44:08","date_gmt":"2024-05-25T09:44:08","guid":{"rendered":"https:\/\/vjeronauk.net\/?page_id=2396"},"modified":"2025-02-10T23:47:40","modified_gmt":"2025-02-10T22:47:40","slug":"red-mise","status":"publish","type":"page","link":"https:\/\/vjeronauk.net\/?page_id=2396","title":{"rendered":"Red mise"},"content":{"rendered":"\n<p class=\"has-blue-color has-text-color has-link-color has-medium-font-size wp-elements-25e0d745d7dc6717c8ae2f56c0f7a783\"><a href=\"http:\/\/zupa-svkriz.hr\/wp-content\/uploads\/2014\/05\/misa.gif\"><\/a><strong>Uvodni obredi<\/strong><\/p>\n\n\n\n<p class=\"has-medium-font-size\"><em>Ulazna pjesma<\/em><\/p>\n\n\n\n<p class=\"has-small-font-size\">(Svrha joj je uvesti u slavlje, izraziti i unaprijediti jedinstvo okupljenih, uvesti ih u otajstvo liturgijskog vremena ili blagdana i pratiti ophod slu\u017ebenika do oltara.)<\/p>\n\n\n\n<p class=\"has-medium-font-size\"><em>Sve\u0107enikov pozdrav zajednici<\/em><\/p>\n\n\n\n<p class=\"has-medium-font-size\">S: U ime Oca\u2026 \u2026 Gospodin s Vama.<\/p>\n\n\n\n<p class=\"has-medium-font-size\">N:&nbsp;<strong>I s duhom tvojim.<\/strong><\/p>\n\n\n\n<p class=\"has-medium-font-size\"><em>Pokajni\u010dki \u010din<\/em><\/p>\n\n\n\n<p class=\"has-medium-font-size\">S: Bra\u0107o i sestre, priznajmo svoje grijehe da mognemo proslaviti sveta otajstva.<\/p>\n\n\n\n<p class=\"has-medium-font-size\">N:&nbsp;<strong>Ispovijedam se Bogu svemogu\u0107emu i vama, bra\u0107o, da sagrije\u0161ih vrlo mnogo mi\u0161lju, rije\u010dju, djelom i propustom:<br>moj grijeh, moj grijeh, moj preveliki grijeh.<br>Zato molim bla\u017eenu Mariju vazda Djevicu, sve an\u0111ele i svete, i vas bra\u0107o, da se molite za me Gospodinu, Bogu na\u0161emu.<\/strong><\/p>\n\n\n\n<p class=\"has-medium-font-size\">S: Smilovao nam se svemogu\u0107i Bog, otpustio nam grijehe na\u0161e i priveo nas u \u017eivot vje\u010dni.<\/p>\n\n\n\n<p class=\"has-medium-font-size\">N:&nbsp;<strong>Amen.<\/strong><\/p>\n\n\n\n<p class=\"has-medium-font-size\"><em>Zazivi Kristu<\/em><\/p>\n\n\n\n<p class=\"has-small-font-size\">(Recitiranjem ili pjevanjem:)<\/p>\n\n\n\n<p class=\"has-medium-font-size\">S: Gospodine, smiluj se.<\/p>\n\n\n\n<p class=\"has-medium-font-size\">N:&nbsp;<strong>Gospodine, smiluj se.<\/strong><\/p>\n\n\n\n<p class=\"has-medium-font-size\">S: Kriste, smiluj se.<\/p>\n\n\n\n<p class=\"has-medium-font-size\">N:&nbsp;<strong>Kriste, smiluj se.<\/strong><\/p>\n\n\n\n<p class=\"has-medium-font-size\">S: Gospodine, smiluj se.<\/p>\n\n\n\n<p class=\"has-medium-font-size\">N:&nbsp;<strong>Gospodine, smiluj se.<\/strong><\/p>\n\n\n\n<p class=\"has-medium-font-size\"><em>Slava<\/em><\/p>\n\n\n\n<p class=\"has-small-font-size\">(Nema je u korizmi. Recitiranjem ili pjevanjem:)<\/p>\n\n\n\n<p class=\"has-medium-font-size\">S: Slava Bogu na visini!<\/p>\n\n\n\n<p class=\"has-medium-font-size\">N:&nbsp;<strong>I na zemlji mir ljudima dobre volje. Hvalimo Te. Blagoslivljamo Te, klanjamo Ti se, slavimo Te. Zahvaljujemo Ti radi velike slave Tvoje. Gospodine Bo\u017ee, Kralju nebeski, Bo\u017ee O\u010de Svemogu\u0107i. Gospodine Sine jedinoro\u0111eni, Isuse Kriste, Gospodine Bo\u017ee, Jaganj\u010de Bo\u017eji, Sine O\u010dev. Koji oduzima\u0161 grijehe svijeta, smiluj nam se. Koji oduzima\u0161 grijehe svijeta, primi na\u0161u molitvu. Koji sjedi\u0161 s desne Ocu, smiluj nam se. Jer Ti si jedini svet. Ti si jedini Gospodin. Ti si jedini Svevi\u0161nji, Isuse Kriste. Sa Svetim Duhom, u slavi Boga Oca. Amen.<\/strong><\/p>\n\n\n\n<p class=\"has-medium-font-size\"><em>Zborna molitva&nbsp;(dana)<\/em><\/p>\n\n\n\n<p class=\"has-medium-font-size\">S: Pomolimo se\u2026 \u2026po sve vijeke vjekova.<\/p>\n\n\n\n<p class=\"has-medium-font-size\">N:&nbsp;<strong>Amen.<\/strong><\/p>\n\n\n\n<p class=\"has-blue-color has-text-color has-link-color has-medium-font-size wp-elements-7d5db7aec1852a041b95a79726422569\">Slu\u017eba rije\u010di<\/p>\n\n\n\n<p><em>1. \u010citanje<\/em><\/p>\n\n\n\n<p>\u010c: \u010citanje\u2026 \u2026Rije\u010d Gospodnja.<\/p>\n\n\n\n<p class=\"has-medium-font-size\">N.:&nbsp;<strong>Bogu hvala.<\/strong><\/p>\n\n\n\n<p><em>Psalam<\/em><\/p>\n\n\n\n<p>(Ponavlja se \u201cpripjev\u201d tj. \u201cantifona\u201d recitiranjem ili pjevanjem.<\/p>\n\n\n\n<p>\u010cita\u010d\/pjeva\u010d \u010dita\/pjeva rije\u010di psalma.)<\/p>\n\n\n\n<p><em>2. \u010citanje<\/em><\/p>\n\n\n\n<p>\u010c: \u010citanje\u2026 \u2026Rije\u010d Gospodnja.<\/p>\n\n\n\n<p class=\"has-medium-font-size\">N:&nbsp;<strong>Bogu hvala.<\/strong><\/p>\n\n\n\n<p><em>Poklik evan\u0111elju<\/em><\/p>\n\n\n\n<p>(Pjevanjem ili izgovaranjem)<\/p>\n\n\n\n<p class=\"has-medium-font-size\">N:&nbsp;<strong>Aleluja, aleluja!\u2026<\/strong><\/p>\n\n\n\n<p><em>Evan\u0111elje<\/em><\/p>\n\n\n\n<p>S: Gospodin s vama.<\/p>\n\n\n\n<p class=\"has-medium-font-size\">N:&nbsp;<strong>I s duhom tvojim.<\/strong><\/p>\n\n\n\n<p>S: \u010citanje svetog evan\u0111elja po\u2026<\/p>\n\n\n\n<p class=\"has-medium-font-size\">N:&nbsp;<strong>Slava tebi, Gospodine.<\/strong><\/p>\n\n\n\n<p>S:&nbsp;<em>(\u2026 \u010dita evan\u0111elje\u2026 a na kraju veli:) \u2026<\/em>Rije\u010d je Gospodnja.<\/p>\n\n\n\n<p class=\"has-medium-font-size\">N:&nbsp;<strong>Slava tebi, Kriste.<\/strong><\/p>\n\n\n\n<p><em>Homilija \u2013 Propovijed<\/em><\/p>\n\n\n\n<p><em>Vjerujem<\/em><\/p>\n\n\n\n<p>S: Vjerujem u jednoga Boga\u2026<\/p>\n\n\n\n<p class=\"has-medium-font-size\">N:<strong>&nbsp;Oca svemogu\u0107ega, stvoritelja neba i zemlje,<br>svega vidljivoga i nevidljivoga.<br>I u jednoga Gospodina Isusa Krista,<br>jedinoro\u0111enoga Sina Bo\u017ejega.<br>Ro\u0111enog od Oca prije svih vjekova.<br>Boga od Boga, svjetlo od svjetla,<br>pravoga Boga od pravoga Boga.<br>Ro\u0111ena, ne stvorena, istobitna s Ocem,<br>po kome je sve stvoreno.<br>Koji je radi nas ljudi i radi na\u0161ega spasenja si\u0161ao s nebesa.<br>I utjelovio se po Duhu Svetom<br>od Marije Djevice: i postao \u010dovjekom.<br>Raspet tako\u0111er za nas:<br>pod Poncijem Pilatom mu\u010den i pokopan.<br>I uskrsnuo tre\u0107i dan, po Svetom pismu.<br>I uza\u0161ao na nebo: sjedi s desne Ocu.<br>I opet \u0107e do\u0107i u slavi suditi \u017eive i mrtve,<br>i njegovu kraljevstvu ne\u0107e biti kraja.<br>I u Duha Svetoga, Gospodina i \u017eivotvorca;<br>koji izlazi od Oca i Sina.<br>Koji se s Ocem i Sinom skupa \u010dasti i zajedno slavi;<br>koji je govorio po prorocima.<br>I u jednu svetu katoli\u010dku i apostolsku Crkvu.<br>Ispovijedam jedno kr\u0161tenje za opro\u0161tenje grijeha.<br>I i\u0161\u010dekujem uskrsnu\u0107e mrtvih.<br>I \u017eivot budu\u0107ega vijeka. Amen.<\/strong><\/p>\n\n\n\n<p class=\"has-medium-font-size\"><em>Sveop\u0107a ili vjerni\u010dka molitva<\/em><\/p>\n\n\n\n<p><em>(Slijede molitve \u2026 koje obi\u010dno zavr\u0161e zazivom:) \u2026<\/em>Molimo te!<\/p>\n\n\n\n<p class=\"has-medium-font-size\">N:&nbsp;<strong>Gospodine, usli\u0161i nas!<\/strong><\/p>\n\n\n\n<p>S: <em>(zaklju\u010duje molitvu\u2026)<\/em><\/p>\n\n\n\n<p class=\"has-medium-font-size\">N:&nbsp;<strong>Amen.<\/strong><\/p>\n\n\n\n<p class=\"has-blue-color has-text-color has-link-color has-small-font-size wp-elements-ea1b5ac8c45ed397909ce4c8686e94d9\">Euharistijska slu\u017eba<\/p>\n\n\n\n<p><em>Darovna pjesma<\/em><\/p>\n\n\n\n<p>(Koja prati prikazanje na\u0161ih darova Bogu.)<\/p>\n\n\n\n<p><em>Priprava Darova<\/em><\/p>\n\n\n\n<p>(Ako se ne pjeva, onda slijedi:\u2026)<\/p>\n\n\n\n<p>S: Blagoslovljen da si, Gospodine, Bo\u017ee svega svijeta: od tvoje dare\u017eljivosti primismo kruh \u0161to ti ga prinosimo; on, plod zemlje i rada ruku \u010dovje\u010djih, postat \u0107e nam kruhom \u017eivota.<\/p>\n\n\n\n<p class=\"has-medium-font-size\">N:&nbsp;<strong>Blagoslovljen Bog u vijeke.<\/strong><\/p>\n\n\n\n<p>S: (Otajstvo ove vode i vina u\u010dinilo nas dionicima bo\u017eanstva onoga koji se udostojao uzeti dijela u na\u0161em \u010dovje\u0161tvu.)<br>Blagoslovljen da si, Gospodine, Bo\u017ee svega svijeta: od tvoje dare\u017eljivosti primismo vino \u0161to ti ga prinosimo; ono, plod trsa i rada ruku \u010dovje\u010djih, postat \u0107e nam pi\u0107e duhovno.<\/p>\n\n\n\n<p class=\"has-medium-font-size\">N:&nbsp;<strong>Blagoslovljen Bog u vijeke.<\/strong><\/p>\n\n\n\n<p>S: \u2026 \u2026 Molite, bra\u0107o: da moja i va\u0161a \u017ertva bude ugodna Bogu Ocu svemogu\u0107emu.<\/p>\n\n\n\n<p class=\"has-medium-font-size\">N:<strong>&nbsp;Primio Gospodin \u017ertvu iz tvojih ruku na hvalu i slavu svojega imena, i na korist nama i \u010ditavoj svojoj svetoj Crkvi.<\/strong><\/p>\n\n\n\n<p>S:<em>&nbsp;(pripravu darova zavr\u0161ava darovnom molitvom\u2026)<\/em><\/p>\n\n\n\n<p>\u2026 Po Kristu Gospodinu na\u0161emu.<\/p>\n\n\n\n<p class=\"has-medium-font-size\">N:&nbsp;<strong>Amen.<\/strong><\/p>\n\n\n\n<p><em>Predslovlje<\/em><\/p>\n\n\n\n<p>S: Gospodin s vama.<\/p>\n\n\n\n<p class=\"has-medium-font-size\">N:&nbsp;<strong>I s duhom tvojim.<\/strong><\/p>\n\n\n\n<p>S: Gore srca.<\/p>\n\n\n\n<p class=\"has-medium-font-size\">N:&nbsp;<strong>Imamo kod Gospodina.<\/strong><\/p>\n\n\n\n<p>S: Hvalu dajmo Gospodinu Bogu na\u0161emu.<\/p>\n\n\n\n<p class=\"has-medium-font-size\">N:&nbsp;<strong>Dostojno je i pravedno.<\/strong><\/p>\n\n\n\n<p>S: <em>(moli predslovlje\u00a0)<\/em>\u2026 I stoga s an\u0111elima i sa svima svetima slavu tvoju navije\u0161tamo uglas govore\u0107i\u2026<\/p>\n\n\n\n<p class=\"has-medium-font-size\"><em>Svet<\/em><\/p>\n\n\n\n<p>(Recitira se ili pjeva:)<\/p>\n\n\n\n<p class=\"has-medium-font-size\">N:<strong>\u00a0Svet, svet, svet<br>Gospodin Bog Sabaot!<br>Puna su nebesa i zemlja Tvoje slave.<br>Hosana u visini!<br>Blagoslovljen, koji dolazi u Ime Gospodnje!<br>Hosana u visini!!!<\/strong><\/p>\n\n\n\n<p class=\"has-medium-font-size\"><em>Euharistijska molitva<\/em><\/p>\n\n\n\n<p class=\"has-small-font-size\">(<em>II. Euharistijska molitva<\/em>)<\/p>\n\n\n\n<p>Uistinu svet si, Gospodine,<br>izvore svake svetosti.<br>Tebe, zato, molimo:<br>rosom Duha svoga<br>posveti ove darove,<br>da nam postanu Tijelo i + Krv<br>Gospodina na\u0161ega Isusa Krista.<\/p>\n\n\n\n<p>Kad se dragovoljno predao<br>na muku, on uze kruh,<br>tebi zahvali, razlomi i dade<br>u\u010denicima svojim govore\u0107i:<\/p>\n\n\n\n<p>UZMITE I JEDITE OD OVOGA SVI:<br>OVO JE MOJE TIJELO<br>KOJE \u0106E SE ZA VAS PREDATI.<\/p>\n\n\n\n<p>Isto tako, po\u0161to ve\u010dera\u0161e,<br>uze kale\u017e, ponovno ti zahvali<br>i dade u\u010denicima svojim govore\u0107i:<\/p>\n\n\n\n<p>UZMITE I PIJTE IZ NJEGA SVI:<br>OVO JE KALE\u017d MOJE KRVI<br>NOVOGA I VJE\u010cNOGA SAVEZA<br>KOJA \u0106E SE PROLITI ZA VAS<br>I ZA SVE LJUDE NA OTPU\u0160TENJE GRIJEHA.<br>OVO \u010cINITE MENI NA SPOMEN.<\/p>\n\n\n\n<p>S: \u2026 \u2026 \u2026 Tajna vjere:<\/p>\n\n\n\n<p class=\"has-medium-font-size\">N:&nbsp;<strong>Tvoju smrt, Gospodine, navije\u0161tamo, tvoje uskrsnu\u0107e slavimo, tvoj slavni dolazak i\u0161\u010dekujemo.<\/strong><\/p>\n\n\n\n<p>S: \u2026 \u2026 \u2026 Po Kristu, i s Kristom, i u Kristu, tebi Bogu, Ocu svemogu\u0107emu, u jedinstvu Duha Svetoga, svaka \u010dast i slava u sve vijeke vjekova.<\/p>\n\n\n\n<p class=\"has-medium-font-size\">N:<strong>&nbsp;Amen.<\/strong><\/p>\n\n\n\n<p class=\"has-medium-font-size\"><em>Obred pri\u010desti<\/em><\/p>\n\n\n\n<p>S: Spasonosnim zapovijedima potaknuti i bo\u017eanskim naukom pou\u010deni usu\u0111ujemo se govoriti:<\/p>\n\n\n\n<p class=\"has-medium-font-size\">N:&nbsp;<strong>O\u010de na\u0161, koji jesi na nebesima,<br>sveti se ime tvoje,<br>do\u0111i kraljevstvo tvoje,<br>budi volja tvoja, kako na nebu tako i na zemlji.<br>Kruh na\u0161 svagdanji daj nam danas.<br>I otpusti nam duge na\u0161e kako i mi otpu\u0161tamo du\u017enicima na\u0161im;<br>i ne uvedi nas u napast,<br>nego izbavi nas od zla.<\/strong><\/p>\n\n\n\n<p>S: Izbavi nas, molimo, Gospodine, od svih zala, daj milostivo mir u na\u0161e dane, da s pomo\u0107u tvoga milosr\u0111a budemo svagda i slobodni od grijeha i sigurni od sviju nereda: \u010dekaju\u0107i bla\u017eenu nadu i dolazak Spasitelja na\u0161ega Isusa Krista.<\/p>\n\n\n\n<p class=\"has-medium-font-size\">N:&nbsp;<strong>Jer tvoje je kraljevstvo i slava i mo\u0107 u vjekove.<\/strong><\/p>\n\n\n\n<p>S: Gospodine Isuse Kriste, ti si rekao svojim apostolima: mir vam ostavljam, mir vam svoj dajem; ne gledaj na\u0161e grijehe, nego vjeru svoje Crkve; smiri je, molimo, i saberi u jedno, kako je volja tvoja. Koji \u017eivi\u0161 i kraljuje\u0161 u vijeke vjekova.<\/p>\n\n\n\n<p class=\"has-medium-font-size\">N:&nbsp;<strong>Amen.<\/strong><\/p>\n\n\n\n<p>S: Mir Gospodnji bio vazda s vama.<\/p>\n\n\n\n<p class=\"has-medium-font-size\">N:&nbsp;<strong>I s duhom tvojim.<\/strong><\/p>\n\n\n\n<p>S: Pru\u017eite mir jedni drugima.<\/p>\n\n\n\n<p>N:&nbsp;<em>(pru\u017eaju\u0107 jedni drugima ruku u znak mira, govorimo:)<br><\/em>Mir (Kristov) s tobom\/Vama.<\/p>\n\n\n\n<p class=\"has-medium-font-size\"><em>Jaganj\u010de<\/em><\/p>\n\n\n\n<p>(Recitiranjem ili pjevanjem\u2026)<\/p>\n\n\n\n<p>(S): Jaganj\u010de Bo\u017eji\u2026<\/p>\n\n\n\n<p class=\"has-medium-font-size\">N:&nbsp;<strong>\u2026<\/strong>&nbsp;<strong>koji oduzima\u0161 grijehe svijeta, smiluj nam se.<\/strong><\/p>\n\n\n\n<p>Jaganj\u010de Bo\u017eji, koji oduzima\u0161 grijehe svijeta, smiluj nam se.<\/p>\n\n\n\n<p>Jaganj\u010de Bo\u017eji, koji oduzima\u0161 grijehe svijeta, daruj nam mir.<\/p>\n\n\n\n<p>S: Evo Jaganjca Bo\u017ejeg, evo onoga koji oduzima grijehe svijeta. Blago onima koji su pozvani na gozbu Jaganj\u010devu.<\/p>\n\n\n\n<p class=\"has-medium-font-size\">N:&nbsp;<strong>Gospodine, nisam dostojan\/dostojna da uni\u0111e\u0161 pod krov moj, nego samo reci rije\u010d i ozdravit \u0107e du\u0161a moja.<\/strong><\/p>\n\n\n\n<p>(Slijedi na\u0161e pri\u010de\u0161\u0107ivanje Tijelom Kristovim. Kod primanja Tijela Kristova:)<\/p>\n\n\n\n<p>S: Tijelo Kristovo.<\/p>\n\n\n\n<p class=\"has-medium-font-size\">N:&nbsp;<strong>Amen.<\/strong><\/p>\n\n\n\n<p><em>Pri\u010desna pjesma<\/em><\/p>\n\n\n\n<p>(Pjeva se za vrijeme pri\u010desti.)<\/p>\n\n\n\n<p><em>Popri\u010desna molitva<\/em><\/p>\n\n\n\n<p>S: Pomolimo se. \u2026 Po Kristu Gospodinu na\u0161emu.<\/p>\n\n\n\n<p class=\"has-medium-font-size\">N:&nbsp;<strong>Amen.<\/strong><\/p>\n\n\n\n<p class=\"has-blue-color has-text-color has-link-color has-medium-font-size wp-elements-0fa1db852cf31f0799d8290f62a5f4ea\">Zavr\u0161ni obred<\/p>\n\n\n\n<p class=\"has-small-font-size\"><em>(\u017dupne obavijesti)<\/em><\/p>\n\n\n\n<p class=\"has-medium-font-size\"><em>Blagoslov<\/em><\/p>\n\n\n\n<p>S: Gospodin s vama.<\/p>\n\n\n\n<p class=\"has-medium-font-size\">N:<strong>&nbsp;I s duhom tvojim.<\/strong><\/p>\n\n\n\n<p>S: Blagoslovio vas svemogu\u0107i Bog, Otac i Sin i Duh Sveti.<\/p>\n\n\n\n<p class=\"has-medium-font-size\">N:&nbsp;<strong>Amen.<\/strong><\/p>\n\n\n\n<p>S: Idite u miru.<\/p>\n\n\n\n<p class=\"has-medium-font-size\">N:&nbsp;<strong>Bogu hvala.<\/strong><\/p>\n\n\n\n<p><em>Zavr\u0161na pjesma<\/em><\/p>\n\n\n\n<p><\/p>\n","protected":false},"excerpt":{"rendered":"<p>Uvodni obredi Ulazna pjesma (Svrha joj je uvesti u slavlje, izraziti i unaprijediti jedinstvo okupljenih, uvesti ih u otajstvo liturgijskog vremena ili blagdana i pratiti ophod slu\u017ebenika do oltara.) Sve\u0107enikov pozdrav zajednici S: U ime Oca\u2026 \u2026 Gospodin s Vama. N:&nbsp;I s duhom tvojim. Pokajni\u010dki \u010din S: Bra\u0107o i sestre, priznajmo svoje grijehe da mognemo &hellip; <a href=\"https:\/\/vjeronauk.net\/?page_id=2396\" class=\"more-link\">Nastavi \u010ditati <span class=\"screen-reader-text\">Red mise<\/span><\/a><\/p>\n","protected":false},"author":5,"featured_media":2417,"parent":0,"menu_order":0,"comment_status":"closed","ping_status":"closed","template":"","meta":{"footnotes":""},"class_list":["post-2396","page","type-page","status-publish","has-post-thumbnail","hentry"],"_links":{"self":[{"href":"https:\/\/vjeronauk.net\/index.php?rest_route=\/wp\/v2\/pages\/2396","targetHints":{"allow":["GET"]}}],"collection":[{"href":"https:\/\/vjeronauk.net\/index.php?rest_route=\/wp\/v2\/pages"}],"about":[{"href":"https:\/\/vjeronauk.net\/index.php?rest_route=\/wp\/v2\/types\/page"}],"author":[{"embeddable":true,"href":"https:\/\/vjeronauk.net\/index.php?rest_route=\/wp\/v2\/users\/5"}],"replies":[{"embeddable":true,"href":"https:\/\/vjeronauk.net\/index.php?rest_route=%2Fwp%2Fv2%2Fcomments&post=2396"}],"version-history":[{"count":16,"href":"https:\/\/vjeronauk.net\/index.php?rest_route=\/wp\/v2\/pages\/2396\/revisions"}],"predecessor-version":[{"id":2577,"href":"https:\/\/vjeronauk.net\/index.php?rest_route=\/wp\/v2\/pages\/2396\/revisions\/2577"}],"wp:featuredmedia":[{"embeddable":true,"href":"https:\/\/vjeronauk.net\/index.php?rest_route=\/wp\/v2\/media\/2417"}],"wp:attachment":[{"href":"https:\/\/vjeronauk.net\/index.php?rest_route=%2Fwp%2Fv2%2Fmedia&parent=2396"}],"curies":[{"name":"wp","href":"https:\/\/api.w.org\/{rel}","templated":true}]}}