{"id":2399,"date":"2024-05-26T08:54:08","date_gmt":"2024-05-26T07:54:08","guid":{"rendered":"https:\/\/vjeronauk.net\/?page_id=2399"},"modified":"2024-05-26T08:58:39","modified_gmt":"2024-05-26T07:58:39","slug":"2399-2","status":"publish","type":"page","link":"https:\/\/vjeronauk.net\/?page_id=2399","title":{"rendered":"Red slavljenja \u017eenidbe u misi"},"content":{"rendered":"\n<p><strong>Uvodni obredi<\/strong><br><br>Prvi na\u010din<br><br>U odre\u0111eno vrijeme sve\u0107enik, s albom, \u0161tolom i misnicom boje mise koja se slavi, s poslu\u017enicima do\u0111e na vrata crkve, prima mladence i ljubazno ih pozdravlja, isti\u010du\u0107i da se Crkva s njima raduje.<br>Zatim se u ophodu ide k oltaru: sprijeda idu poslu\u017enici, slijedi sve\u0107enik, zatim mladenci; njih mogu, ve\u0107 prema mjesnim obi\u010dajima, po\u010dasno pratiti barem roditelji i dva svjedoka na mjesto pripravljeno za njih. Za to vrijeme izvodi se ulazna pjesma.<br>Sve\u0107enik pristupa k oltaru, pozdravlja ga dubokim naklonom i iskazuje mu po\u010dast poljupcem. Zatim ide na sjedalo.<br><br>Drugi na\u010din<br><br>U odre\u0111eno vrijeme sve\u0107enik, s albom, \u0161tolom i misnicom boje mise koja se slavi, s poslu\u017enicima do\u0111e na mjesto pripravljeno za mladence ili na svoje sjedalo.<br>Kada mladenci stignu na svoje mjesto, sve\u0107enik ih prima i ljubazno pozdravlja, isti\u010du\u0107i da se Crkva s njima raduje.<br>Potom, dok se izvodi ulazna pjesma, pristupa k oltaru, pozdravlja ga dubokim naklonom i iskazuje mu po\u010dast poljupcem. Zatim ide na sjedalo.<br><br>&#8212;&#8212;&#8212;&#8212;&#8212;&#8212;&#8212;<br><br>Tada u\u010dini znak kri\u017ea i pozdravi nazo\u010dne slu\u017ee\u0107i se jednim od obrazaca predlo\u017eenih u Rimskom misalu.<br>Zatim se obra\u0107a mladencima i nazo\u010dnima da im duh raspolo\u017ei za slavljenje \u017eenidbe, ovim ili sli\u010dnim rije\u010dima:<br><br><strong>Predraga bra\u0107o i sestre, radosno smo do\u0161li u Gospodnji dom<br>na ovo slavlje, okupljeni oko\u00a0<\/strong><strong>I.<\/strong><strong>\u00a0i\u00a0<\/strong><strong>I.<\/strong><strong>\u00a0na dan kada oni zasnivaju<br>svoju obitelj.<\/strong><br><strong>Za njih je ovo osobito va\u017ean trenutak. Zbog toga ih pratimo<br>du\u0161evnim osje\u0107ajem, na\u0161im prijateljstvom i bratskom molitvom.<\/strong><br><br><strong>Pa\u017eljivo poslu\u0161ajmo zajedno s njima rije\u010d koju nam Bog danas<br>govori. Zatim sa svetom Crkvom, po Kristu na\u0161emu Gospodinu,<br>smjerno molimo Boga Oca da ove svoje sluge koji sklapaju \u017eenidbu<br>blago primi, blagoslovi i uvijek sjedinjuje.<\/strong><br><br>Ili:<br><br><strong>I.<\/strong><strong>\u00a0i\u00a0<\/strong><strong>I.<\/strong><strong>, Crkva se s vama raduje i velikodu\u0161no vas prima<br>zajedno s va\u0161im roditeljima i prijateljima na dan kada pred Bogom,<br>na\u0161im Ocem zasnivate novu zajednicu cijeloga \u017eivota.<br>Usli\u0161io vas Gospodin u dan va\u0161e radosti. Poslao vam pomo\u0107 s neba<br>i \u010duvao vas. Obdario vas prema va\u0161emu srcu i usli\u0161io sve va\u0161e molbe.<\/strong><br><br>Izostavlja se pokajni\u010dki \u010din.<br><br><\/p>\n\n\n\n<p><strong>Slu\u017eba rije\u010di<\/strong><br><br>Slu\u017eba rije\u010di odvija se na uobi\u010dajeni na\u010din. Mogu se uzeti tri \u010ditanja, od kojih prvo neka bude iz Staroga zavjeta, a u vazmeno vrijeme iz Otkrivenja. Uvijek neka se izabere barem jedno \u010ditanje koje izri\u010dito govori o \u017eenidbi.<br><strong>Ovdje se predla\u017eu \u010ditanja<\/strong>&nbsp;koja poglavitije izra\u017eavaju va\u017enost i dostojanstvo \u017eenidbe u otajstvu spasenja. Ostale tekstove, starozavjetne i novozavjetne, vidi pod&nbsp;(<a href=\"https:\/\/obitelj.biskupija-varazdinska.hr\/zarucnici\/crkveno-vjencanje\/liturgijski-tekstovi-u-obredu-vjencanja\/240\">liturgijski tekstovi u obredu vjen\u010danja<\/a>).<br><br><br>PRVO \u010cITANJE<br>&nbsp;<\/p>\n\n\n\n<p><em>Mu\u0161ko i \u017eensko stvori ih.<\/em><br>Post 1,26-28.31a<\/p>\n\n\n\n<p><br>\u010citanje Knjige postanka<br><br>Re\u010de Bog: &#8220;Na\u010dinimo \u010dovjeka na svoju sliku, sebi sli\u010dna, da bude gospodar ribama morskim, pticama nebeskim i stoci &#8211; svoj zemlji &#8211; i svim gmizavcima \u0161to puze po zemlji!&#8221;<br>Na svoju sliku stvori Bog \u010dovjeka, na sliku Bo\u017eju on ga stvori, mu\u0161ko i \u017eensko stvori ih.<br>I blagoslovi ih Bog i re\u010de im: &#8220;Plodite se, i mno\u017eite, i napunite zemlju, i sebi je podlo\u017eite! Vladajte ribama u moru i pticama u zraku i svim \u017eivim stvorovima \u0161to puze po zemlji!&#8221;<br>I vidje Bog sve \u0161to je u\u010dinio, i bija\u0161e veoma dobro.<br><br>Rije\u010d Gospodnja.<br><br>PRIPJEVNI PSALAM<br>&nbsp;<\/p>\n\n\n\n<p>Ps 127(128),1-2. 3. 4-5.<\/p>\n\n\n\n<p><strong>A~.&nbsp;Blago svima koji se boje Gospodina.<\/strong><br><br>Blago svakome koji se Gospodina boji,<br>koji njegovim hodi stazama!<br>Plod ruku svojih ti \u0107e\u0161 u\u017eivati,<br>blago tebi, dobro \u0107e ti biti.<br><br>\u017dena \u0107e ti biti kao plodna loza<br>u odajama tvoje ku\u0107e;<br>sinovi tvoji ko mladice masline<br>oko stola tvojega.<br><br>Eto, tako \u0107e biti blagoslovljen \u010dovjek<br>koji se boji Gospodina!<br>Blagoslovio te Gospodin sa Siona,<br>u\u017eivao sre\u0107u Jeruzalema<br>sve dane \u017eivota svojega!<br><br><br>DRUGO \u010cITANJE<br><em>Otajstvo je to veliko! Ja smjeram na Krista i na Crkvu.<\/em><br>Ef 5,2a.21-33<\/p>\n\n\n\n<p><br>\u010citanje Poslanice svetoga Pavla apostola Efe\u017eanima<br><br>Bra\u0107o:<br>Hodite u ljubavi kao \u0161to je i Krist ljubio vas i sebe predao za nas kao prinos i \u017ertvu Bogu na ugodan miris.<br>Mu\u017eevi, ljubite svoje \u017eene kao \u0161to je Krist ljubio Crkvu te sebe predao za nju da je posveti, o\u010distiv\u0161i je kupelji vode uz rije\u010d te sebi predvede Crkvu slavnu, bez ljage i nabora ili \u010dega takva, nego da bude sveta i bez mane.<br>Tako treba da i mu\u017eevi ljube svoje \u017eene kao svoja tijela. Tko ljubi svoju \u017eenu, sebe ljubi. Ta nitko nikada ne mrzi svoga tijela, nego ga hrani i njeguje kao i Krist Crkvu. Doista, mi smo udovi njegova Tijela! Stoga \u0107e \u010dovjek ostaviti oca i majku da prione uza svoju \u017eenu; dvoje njih bit \u0107e jedno tijelo.<br>Otajstvo je to veliko! Ja smjeram na Krista i na Crkvu.<br><br>Rije\u010d Gospodnja.<br><br>ALELUJA I REDAK PRIJE EVAN\u0110ELJA<br><br>1 Iv 4,8b.11<br>&nbsp;<strong>A~.<\/strong>&nbsp;Aleluja.<br>Bog je ljubav. Ako je Bog tako ljubio nas,<br>i mi smo du\u017eni ljubiti jedni druge.<br><strong>A~.<\/strong>&nbsp;Aleluja.<br><br>EVAN\u0110ELJE<br>&nbsp;<\/p>\n\n\n\n<p><em>\u0160to Bog zdru\u017ei, \u010dovjek neka ne rastavlja.<\/em><br>Mt 19,3-6<\/p>\n\n\n\n<p><br><strong>+<\/strong>&nbsp;\u010citanje svetog Evan\u0111elja po Mateju<br><br>U ono vrijeme:<br>Pristupe farizeji k Isusu pa, da ga isku\u0161aju, ka\u017eu: &#8220;Je li dopu\u0161teno otpustiti \u017eenu s kojega god razloga?&#8221; On odgovori: &#8220;Zar niste \u010ditali: Stvoritelj od po\u010detka mu\u0161ko i \u017eensko stvori ih i re\u010de: Stoga \u0107e \u010dovjek ostaviti oca i majku da prione uza svoju \u017eenu; i dvoje njih bit \u0107e jedno tijelo? Tako vi\u0161e nisu dvoje, nego jedno tijelo. \u0160to, dakle, Bog zdru\u017ei, \u010dovjek neka ne rastavlja.&#8221;<br><br>Rije\u010d Gospodnja.<br><br><br>Nakon \u010ditanja evan\u0111elja sve\u0107enik u homiliji iz svetog teksta izla\u017ee otajstvo kr\u0161\u0107anske \u017eenidbe, dostojanstvo bra\u010dne ljubavi, milost sakramenta i zada\u0107e supruga, vode\u0107i pak ra\u010duna o raznim okolnostima vezanim za pojedine osobe.<br><br><strong><\/strong><strong><br><\/strong><\/p>\n\n\n\n<p><strong>Slavljenje \u017eenidbe<\/strong><br><br>Ako se dogodi da se istodobno slave dvije ili vi\u0161e \u017eenidbi, neka uvijek i pitanja prije privole i sama privola i prihva\u0107anje privole budu zasebno za svaku \u017eenidbu; ostalo pak, ne isklju\u010duju\u0107i ni \u017eenidbeni blagoslov, neka se obavi jedanput za sve, u mno\u017eini.<br><br>Svi ustanu, i mladenci, a svjedoci se rasporede s obje strane. Sve\u0107enik se obra\u0107a mladencima ovim ili sli\u010dnim rije\u010dima:<br><br><strong>Predragi, do\u0161li ste u crkveni dom<br>da pred slu\u017eiteljem Crkve i pred zajednicom<br>Gospodin zape\u010dati svetim pe\u010datom<br>va\u0161u \u017eelju da sklopite \u017eenidbu.<br>Krist obilno blagoslivlje va\u0161u bra\u010dnu ljubav.<br>On vas je ve\u0107 posvetio svetim krstom,<br>a sada vas oboga\u0107uje i krijepi<br>osobitim sakramentom<br>da budete jedno drugomu trajno vjerni<br>i da prihvatite ostale bra\u010dne du\u017enosti.<br>Zato vas pred Crkvom pitam o va\u0161oj namisli.<\/strong><br><br>Pitanja prije privole<br><br>Tada ih sve\u0107enik pita o slobodi, o vjernosti te o prihva\u0107anju i odgoju djece, a oni odgovaraju svatko za se.<br><br><strong>I.&nbsp;i&nbsp;I., jeste li ovamo do\u0161li bez prisile, da slobodno i posve svjesno sklopite \u017eenidbu?<br><br>Jeste li spremni u braku za cijeloga svog \u017eivota jedno drugo ljubiti i po\u0161tovati?<\/strong><br><br>Sljede\u0107e pitanje mo\u017ee se izostaviti ako su takve okolnosti, na primjer ako su mladenci ve\u0107 u godinama.<br><br><strong>Jeste li spremni s ljubavlju od Boga primiti djecu i odgajati ih po zakonu Krista i njegove Crkve?<\/strong><br><br><strong>Privola<\/strong><br><br>Sve\u0107enik ih pozove da izraze privolu:<br><br><strong>Kad ste dakle naumili sklopiti sveti \u017eenidbeni savez, pru\u017eite jedno drugomu desnu ruku te pred Bogom i njegovom Crkvom izrazite svoju privolu.<\/strong><br><br>Pru\u017ee jedno drugomu desnu ruku.<br><br>Mladenac veli:<br><br><strong>Ja,&nbsp;I., uzimam tebe,&nbsp;I., za svoju suprugu i obe\u0107avam ti vjernost u dobru i zlu, u zdravlju i bolesti i da \u0107u te ljubiti i po\u0161tovati u sve dane \u017eivota svoga.<\/strong><br><br>Mladenka veli:<br><br><strong>Ja,&nbsp;I., uzimam tebe,&nbsp;I., za svoga supruga i obe\u0107avam ti vjernost u dobru i zlu, u zdravlju i bolesti i da \u0107u te ljubiti i po\u0161tovati u sve dane \u017eivota svoga.<\/strong><br><br><br>Ipak, ako se iz pastoralnih razloga bude \u010dinilo zgodnijim, sve\u0107enik mo\u017ee od mladenaca zatra\u017eiti privolu pitanjem.<br><br>Sve\u0107enik prvo pita mladenca:<br><strong>I., uzima\u0161 li&nbsp;I.&nbsp;za svoju suprugu?<\/strong><br><br>Mladenac:<br><strong>Uzimam.<\/strong><br><br>Sve\u0107enik:<br><strong>Obe\u0107ava\u0161 li joj vjernost u dobru i zlu, u zdravlju i bolesti?<\/strong><br><br>Mladenac:<br><strong>Obe\u0107avam.<\/strong><br><br>Sve\u0107enik:<br><strong>Ho\u0107e\u0161 li je ljubiti i po\u0161tovati u sve dane \u017eivota svoga?<\/strong><br><br>Mladenac:<br><strong>Ho\u0107u.<\/strong><br><br>Zatim sve\u0107enik pita mladenku:<br><strong>I., uzima\u0161 li&nbsp;I.&nbsp;za svoga supruga?<\/strong><br><br>Mladenka:<br><strong>Uzimam.<\/strong><br><br>Sve\u0107enik:<br><strong>Obe\u0107ava\u0161 li mu vjernost u dobru i zlu, u zdravlju i bolesti?<\/strong><br><br>Mladenka:<br><strong>Obe\u0107avam.<\/strong><br><br>Sve\u0107enik:<br><strong>Ho\u0107e\u0161 li ga ljubiti i po\u0161tovati u sve dane \u017eivota svoga?<\/strong><br><br>Mladenka:<br><strong>Ho\u0107u.<\/strong><br><br><br><\/p>\n\n\n\n<p><strong>Prihva\u0107anje privole<\/strong><br><br>Zatim sve\u0107enik dobiv\u0161i privolu rekne mladencima:<br><br><strong>Neka Gospodin dobrostivo potvrdi ovu va\u0161u privolu \u0161to je pred Crkvom o\u010ditovaste i neka se udostoji ispuniti vas svojim blagoslovom. \u0160to Bog zdru\u017ei, \u010dovjek neka ne rastavlja.<\/strong><br><br>Ili:<br><br><strong>Bog Abrahamov, Bog Izakov, Bog Jakovljev, Bog koji je u raju zdru\u017eio prvostvorenike neka u Kristu potvrdi i blagoslovi ovu va\u0161u privolu \u0161to je pred Crkvom o\u010ditovaste. \u0160to on zdru\u017euje, \u010dovjek neka ne rastavlja.<\/strong><br><br>Sve\u0107enik pozove prisutne na hvalu Boga:<br><strong>Blagoslivljajmo Gospodina.<\/strong><br><br>Svi odgovore:<br><strong>Bogu hvala.<\/strong><br><br><strong>Blagoslov i predaja prstenova<\/strong><br><br>Sve\u0107enik veli:<br><strong>Blagoslovio&nbsp;<\/strong><strong>+<\/strong><strong>&nbsp;Gospodin ove prstene \u0161to \u0107ete ih jedno drugomu predati u znak ljubavi i vjernosti.<br>Amen.<\/strong><br><br>Ako je zgodno, prstene po\u0161kropi i preda mladencima.<br>Mladenac prsten namijenjen mladenki stavi mladenki na prstenjak, govore\u0107i ako je zgodno:<br><br><strong>I.<\/strong><strong>, primi ovaj prsten<br>u znak moje ljubavi i moje vjernosti.<br>U ime Oca i Sina i Duha Svetoga.<\/strong><br><br>Isto tako i mladenka prsten namijenjen mladencu stavi mladencu na prstenjak, govore\u0107i ako je zgodno:<br><br><strong>I.<\/strong><strong>, primi ovaj prsten<br>u znak moje ljubavi i moje vjernosti.<br>U ime Oca i Sina i Duha Svetoga.<\/strong><br><br>Tada cijela zajednica mo\u017ee izvesti himan ili hvalospjev.<br><br><strong>Sveop\u0107a molitva<\/strong><br>Zatim slijedi, kao obi\u010dno, sveop\u0107a molitva.<br><br><br><br><strong>Euharistijska slu\u017eba<\/strong><br><br>U pripravi darova mladenci mogu, ako je zgodno, donijeti kruh i vino na oltar.<br><br><strong>\u017denidbeni blagoslov<\/strong><br><br>Izmoliv\u0161i O\u010de na\u0161 i izostaviv\u0161i Izbavi nas, sve\u0107enik stoje\u0107i okrenut prema mladencima, zaziva nad njih Bo\u017eji blagoslov, \u0161to se nikad ne izostavlja.<br><br>Mladenci pristupaju k oltaru ili, ako je zgodno, ostaju na svome mjestu i kleknu.<br>Sve\u0107enik sklopljenih ruku pozove prisutne na molitvu:<br><br><strong>Predraga bra\u0107o, zazovimo smjerno Gospodina da blago izlije svoj milosni blagoslov na ove svoje sluge koji u Kristu sklapaju \u017eenidbu. On ih je zdru\u017eio svetim savezom, neka ih&nbsp;<\/strong><strong>(<\/strong><strong>sakramentom Kristova Tijela i Krvi<\/strong><strong>)<\/strong><strong>&nbsp;jednom ljubavlju u\u010dini slo\u017enima.<\/strong><br><br>Svi kratko mole u \u0161utnji.<br><br>Zatim sve\u0107enik ispru\u017ei ruke nad mladence i govori slijede\u0107u molitvu.<br>U posljednjem stavku molitve rije\u010di u zagradama mogu se izostaviti ako se \u010dini da to okolnosti savjetuju, npr. ako su mladenci ve\u0107 u godinama.<br><br><strong>Bo\u017ee, ti si svojom mo\u0107nom snagom sve od ni\u010dega stvorio,<br>ti si svemiru po\u010detke rasporedio<br>i \u010dovjeka si na sliku svoju sazdao:<br>stvorio si mu\u017eu nerazdvojivu pomo\u0107 \u017eene,<br>da vi\u0161e i ne budu dva, nego jedno tijelo;<br>u\u010di\u0161 da nikad nije dopu\u0161teno razvr\u0107i<br>ono \u0161to se tebi svidjelo kao jedno sazdati.<br>Bo\u017ee, ti si tako uzvi\u0161enim otajstvom bra\u010dnu vezu posvetio,<br>i u \u017eenidbenom si savezu predozna\u010dio<br>sakrament Krista i Crkve.<br>Bo\u017ee, u tebi se \u017eena s mu\u017eem zdru\u017euje,<br>a njihova zajednica, u po\u010decima ure\u0111ena,<br>obdaruje se onim blagoslovom \u0161to ga jedinog<br>ne izbrisa ni kazna isto\u010dnoga grijeha ni kazna potopa.<br>Pogledaj milostivo na ove svoje sluge koji,<br>u bra\u010dnu zajednicu zdru\u017eeni,<br>i\u0161tu za\u0161titu tvoga blagoslova:<br>po\u0161alji nad njih milost Duha Svetoga da,<br>ljubavlju tvojom razlivenom u njihovim srcima,<br>ostanu vjerni u bra\u010dnom savezu.<br>Bila u slu\u017ebenici tvojoj&nbsp;<\/strong><strong>I.<\/strong><strong>&nbsp;milost ljubavi i mira<br>i znala uvijek nasljedovati svete \u017eene<br>\u0161to im Pisma pohvale kazuju.<br>Neka se srce mu\u017ea u nju uzdaje,<br>neka je dr\u017ei sebi ravnom dru\u017eicom,<br>suba\u0161tinicom \u017eivota milosti:<br>neka joj du\u017enu \u010dast iskazuje<br>i uvijek je ljubi onom ljubavlju<br>kojom je Krist ljubio svoju Crkvu.<br>A sada te, Gospodine, molimo<br>da ovi tvoji sluge ostanu postojani<br>u vjeri i zapovijedima i neka ih,<br>vezane jednom ljubavlju,<br>resi neporo\u010dan \u017eivot;<br>utvr\u0111eni snagom evan\u0111elja,<br>neka pred svima budu dobri Kristovi svjedoci;<br><\/strong><strong>(<\/strong><strong>bili plodni potomstvom, roditelji proku\u0161anih vrlina;<br>oboje vidjeli sinove sinova svojih<\/strong><strong>)<\/strong><strong>&nbsp;i,<br>dostigav\u0161i najzad \u017eeljenu starost,<br>stigli u \u017eivot bla\u017eenih i u nebesko kraljevstvo.<br>Po Kristu Gospodinu na\u0161em.<br><\/strong><strong>A~.<\/strong><strong>&nbsp;Amen.<br><\/strong><br>Po\u0161to se izostavi molitva&nbsp;<em>Gospodine Isuse Kriste<\/em>, odmah se ka\u017ee pozdrav&nbsp;<em>Mir Gospodnji<\/em>. Tada mladenci i svi drugi pru\u017eaju jedni drugima znak mira i ljubavi.<br>Mladenci i njihovi roditelji, svjedoci i rodbina mogu primiti pri\u010dest pod obje prilike.<br><br><strong>Svr\u0161etak slavlja<\/strong><br><br>Na svr\u0161etku mise sve\u0107enik blagoslovi mladence i narod govore\u0107i:<br><br><strong>Bog, Otac vje\u010dni,<br>sa\u010duvao vas slo\u017ene u uzajamnoj ljubavi,<br>da Kristov mir prebiva u vama<br>i trajno ostane u va\u0161em domu.<br><\/strong><strong>A~.<\/strong><strong>&nbsp;Amen.<br><br>Djeca vam bila blagoslov,<br>prijatelji utjeha,<br>sa svima \u017eivjeli u pravome miru.<br><\/strong><strong>A~.<\/strong><strong>&nbsp;Amen.<br><br>Svjedoci bili Bo\u017eje ljubavi u svijetu:<br>da oja\u0111eni i ubogi osjete va\u0161u dobrotu<br>te vas jednom zahvalno prime<br>u vje\u010dna Bo\u017eja prebivali\u0161ta.<br><\/strong><strong>A~.<\/strong><strong>&nbsp;Amen.<br><br>I sve vas ovdje okupljene<br>blagoslovio svemogu\u0107i Bog,<br>Otac i Sin&nbsp;<\/strong><strong>+<\/strong><strong>&nbsp;i Duh Sveti.<br><\/strong><strong>A~.<\/strong><strong>&nbsp;Amen.<\/strong><br><br>Nakon svr\u0161etka mise svjedoci i sve\u0107enik potpisuju \u010din sklapanja \u017eenidbe. Potpis mo\u017ee biti ili u sakristiji ili pred narodom;&nbsp;<strong>neka ipak ne bude na oltaru<\/strong>.<\/p>\n","protected":false},"excerpt":{"rendered":"<p>Uvodni obredi Prvi na\u010din U odre\u0111eno vrijeme sve\u0107enik, s albom, \u0161tolom i misnicom boje mise koja se slavi, s poslu\u017enicima do\u0111e na vrata crkve, prima mladence i ljubazno ih pozdravlja, isti\u010du\u0107i da se Crkva s njima raduje.Zatim se u ophodu ide k oltaru: sprijeda idu poslu\u017enici, slijedi sve\u0107enik, zatim mladenci; njih mogu, ve\u0107 prema mjesnim &hellip; <a href=\"https:\/\/vjeronauk.net\/?page_id=2399\" class=\"more-link\">Nastavi \u010ditati <span class=\"screen-reader-text\">Red slavljenja \u017eenidbe u misi<\/span><\/a><\/p>\n","protected":false},"author":5,"featured_media":0,"parent":0,"menu_order":0,"comment_status":"closed","ping_status":"closed","template":"","meta":{"footnotes":""},"class_list":["post-2399","page","type-page","status-publish","hentry"],"_links":{"self":[{"href":"https:\/\/vjeronauk.net\/index.php?rest_route=\/wp\/v2\/pages\/2399","targetHints":{"allow":["GET"]}}],"collection":[{"href":"https:\/\/vjeronauk.net\/index.php?rest_route=\/wp\/v2\/pages"}],"about":[{"href":"https:\/\/vjeronauk.net\/index.php?rest_route=\/wp\/v2\/types\/page"}],"author":[{"embeddable":true,"href":"https:\/\/vjeronauk.net\/index.php?rest_route=\/wp\/v2\/users\/5"}],"replies":[{"embeddable":true,"href":"https:\/\/vjeronauk.net\/index.php?rest_route=%2Fwp%2Fv2%2Fcomments&post=2399"}],"version-history":[{"count":4,"href":"https:\/\/vjeronauk.net\/index.php?rest_route=\/wp\/v2\/pages\/2399\/revisions"}],"predecessor-version":[{"id":2403,"href":"https:\/\/vjeronauk.net\/index.php?rest_route=\/wp\/v2\/pages\/2399\/revisions\/2403"}],"wp:attachment":[{"href":"https:\/\/vjeronauk.net\/index.php?rest_route=%2Fwp%2Fv2%2Fmedia&parent=2399"}],"curies":[{"name":"wp","href":"https:\/\/api.w.org\/{rel}","templated":true}]}}