{"id":263,"date":"2011-04-02T21:21:59","date_gmt":"2011-04-02T21:21:59","guid":{"rendered":"http:\/\/vjeronauk.net\/?page_id=263"},"modified":"2024-05-28T19:27:42","modified_gmt":"2024-05-28T18:27:42","slug":"krstenje-krst","status":"publish","type":"page","link":"https:\/\/vjeronauk.net\/?page_id=263","title":{"rendered":"Kr\u0161tenje"},"content":{"rendered":"\n<p class=\"has-medium-font-size\">Kr\u0161tenje je prvi i temeljni sakramenat Crkve, \u201cvrata\u201d u Kristovu zajednicu. Isus je rekao: <em>\u201cTko uzvjeruje i pokrsti se, spasit \u0107e se\u201d<\/em>. Nikodemu je tuma\u010dio da se \u010dovjek mora \u201cpreporoditi\u201d. \u201croditi odozgor\u201d, po vodi i Duhu Svetom.<br>Kr\u0161tenjem se ozna\u010duje da se nastavljaju spasiteljska Bo\u017eja djela iz pro\u0161losti, kao \u0161to su: spasenje Noe i njegove obitelji iz Potopa, spasenje Izraela iz Egipta prelaskom preko Crvenog mora, uvo\u0111enje Izraela u Obe\u0107anu zemlju preko vode rijeke Jordana&#8230; Istim znakom vode Bog kroz sve vjekove ozna\u010duje da izbavlja svoje odabranike od svih ropstava i propasti i dariva im svoj \u017eivot \u201codozgor\u201d nalik Isusovu \u017eivotu, kojega je uskrsnuo od mrtvih snagom svoga Duha. Zato je kr\u0161tenje vidljivi znak da postajemo sli\u010dni, \u201csuobli\u010deni\u201d Isusu Kristu, prvom Bo\u017ejem odabraniku, sli\u010dni Kristu u njegovoj smrti, ukopu i uskrsnu\u0107u. Stoga su kr\u0161\u0107ani od davnine kr\u0161tenje sve\u010dano slavili najradije u vazmenoj no\u0107i izme\u0111u Velike subote i Uskrsa, kad Crkva slavi Kristov vazam (pashu). tj. njegov prijelaz s ovog svijeta k Ocu po smrti i uskrsnu\u0107u. Kr\u0161tenikov prolaz kroz smrt, ukop i uskrsnu\u0107e s Kristom lijepo simbolizira npr. uranjanje kr\u0161tenika u vodu, \u0161to se vr\u0161i u velikim krstionicama.<br>U obredu kr\u0161tenja pripravnik (kr\u0161tenik) najprije izra\u017eava svoju <strong><em>\u017eelju<\/em><\/strong> da bude kr\u0161ten i <strong><em>nakanu<\/em><\/strong> koja ga u tom vodi. Kod kr\u0161tenja djece tu \u017eelju i nakanu u ime kr\u0161tenika izra\u017eavaju roditelji i kumovi.<\/p>\n\n\n\n<p class=\"has-medium-font-size\">Krstitelj: <em>\u0160to tra\u017eite od Crkve Bo\u017eje za N.N.?<br>\n<\/em>Roditelji: <strong><em>Kr\u0161tenje<\/em>.<br>\n<\/strong>Krstitelj: <em>\u0160to i\u0161te\u0161 od Crkve Bo\u017eje?<br>\n<\/em>Kr\u0161tenik (pripravnik): <strong><em>Vjeru.<\/em><br>\n<\/strong>Krstitelj :<em> \u0160to ti daje vjera ?<br>\n<\/em>Kr\u0161tenik: <strong><em>\u017divot vje\u010dni<\/em><\/strong><\/p>\n\n\n\n<p class=\"has-medium-font-size\">Zatim kr\u0161tenik slu\u0161a Bo\u017eju Rije\u010d. Njome ga Bog poziva na vjeru i obra\u0107enje. Snagom te rije\u010di Bog iznutra obra\u0107a njegovo srce. &#8211; Odrasli kr\u0161tenici pripremaju se za kr\u0161tenje i slu\u0161aju Bo\u017eju rije\u010d kroz dulje vrijeme, kako bi njihova vjera i obra\u0107enje dovoljno sazreli. To se vrijeme zove \u201ckatekumenat\u201d.<\/p>\n\n\n\n<p class=\"has-medium-font-size\">Obra\u0107enje i vjeru kr\u0161tenici izra\u017eavaju <strong>odreknu\u0107em \u201csotone\u201d<\/strong> &#8211; odbacuju zlo i Zloga (\u0111avla), grijeh i praznovjerje &#8211; te <strong>ispovije\u0161\u0107u vjere<\/strong> kojom se neopozivo opredjeljuju za Boga u Isusu Kristu.<\/p>\n\n\n\n<p class=\"has-medium-font-size\">Krstitelj: <em>Odri\u010de\u0161 li se sotone, svih djela njegovih i svega zavo\u0111enja njegova?<br>\n<\/em>Kr\u0161tenik: <strong><em>Odri\u010dem.<\/em><br>\n<\/strong>Krstitelj: <em>Vjeruje\u0161 li u Boga Oca svemogu\u0107ega\u2026?<br>\n<\/em>Kr\u0161tenik: <strong><em>Vjerujem.<\/em><br>\n<\/strong>Krstitelj: <em>Vjeruje\u0161 ti u Isusa Krista\u2026?<br>\n<\/em>Kr\u0161tenik: <strong><em>Vjerujem.<\/em><br>\n<\/strong>Krstitelj : <em>Vjeruje\u0161 li u Duha Svetoga&#8230; ?<br>\n<\/em>Kr\u0161tenik: <strong><em>Vjerujem.<\/em><\/strong><\/p>\n\n\n\n<p class=\"has-medium-font-size\">Svakom je kr\u0161teniku za kr\u0161tenje nu\u017ena vjera. Mala djeca ne mogu imati osobne vjere, zato se ona krste u vjeri svojih roditelja, kumova i cijele Kristove zajednice. Da bi roditelji mogli valjano ispovjediti vjeru za kr\u0161tenje svoga djeteta, \u010desto \u0107e im biti potrebno da se ponovno i sami potpunije dadnu uputiti u vjeru slu\u0161anjem i razmi\u0161ljanjem Bo\u017eje rije\u010di pod vodstvom slu\u017ebenika Crkve (\u017eupnika, katehete).<\/p>\n\n\n\n<p class=\"has-medium-font-size\"><strong>Bitni \u010din kr\u0161tenja<\/strong> jest trostruko pranje vodom &#8211; bilo uronjavanjem bilo polijevanjem &#8211; uz pratnju rije\u010di: <strong><em>N.N: Ja te krstim u ime Oca i Sina i Duha Svetoga.<\/em><\/strong><\/p>\n\n\n\n<p class=\"has-medium-font-size\">Redoviti krstitelj je sve\u0107enik (ili \u0111akon). U izvanrednim i hitnim slu\u010dajevima mo\u017ee krstiti svatko tko zna \u0161to je kr\u0161tenje i voljan je krstiti kr\u0161tenika. Katoli\u010dka vjera zato ne pozna i ne dopu\u0161ta prekr\u0161tavanja.<br>\u010covjek koji vjeruje i \u017eelio bi se krstiti, a ne mo\u017ee, <strong><em>kr\u0161ten<\/em><\/strong> je ve\u0107 <strong><em>\u017eeljom<\/em><\/strong>. Tko nekr\u0161ten mu\u010deni\u0161tvom posvjedo\u010di svoju vjeru kr\u0161ten je <strong><em>krstom krvi<\/em><\/strong>.<\/p>\n\n\n\n<p class=\"has-medium-font-size\">Obredi poslije pranja vodom ozna\u010duju:<br> &#8211; <strong>Pomazanje krizmom<\/strong> ozna\u010duje da kr\u0161tenik postaje pomazanik s Kristom &#8211; Pomazanikom (Mesijom), suradnik u njegovoj \u201cproro\u010dkoj\u201d, \u201csve\u0107eni\u010dkoj\u201d i \u201ckraljevskoj\u201d slu\u017ebi.<br> &#8211; <strong>Bijela haljina<\/strong> znak je novoga kr\u0161tenikova dostojanstva (kr\u0161tenjem postajemo \u201cBo\u017eji sinovi\u201d) i znak njegove krsne nevinosti po opro\u0161tenju grijeha &#8211; ali i znak njegove obveze da odsada \u017eivi neokaljano po uzoru na Isusa Krista koji nije po\u010dinio zla.<br> &#8211; <strong>Uskrsna svije\u0107a<\/strong> koja gori kod kr\u0161tenja ozna\u010duje prisutnost Isusa Krista &#8211; Uskrsloga. On je svjetlo i putokaz za novi \u017eivot kr\u0161tenika i izvor svega \u0161to nam se dariva po kr\u0161tenju. Zato se kr\u0161tenikova svije\u0107a pali na uskrsnoj svije\u0107i.<br> <strong>&#8211; Obred \u201cEfeta\u201d<\/strong>, tj. obredno otvaranje kr\u0161tenikovih u\u0161iju i usta, simboli\u010dki pokazuje da je kr\u0161tenik stupio u novi odnos s Bogom: odsada \u0107e njegov \u017eivot biti neprestano i pomno slu\u0161anje Bo\u017eje rije\u010di te spremno odazivanje toj rije\u010di; (takvo \u0107e ga slu\u0161anje Bo\u017eje rije\u010di osposobljavati da za ljude mo\u017ee pronalaziti \u201cprave rije\u010di\u201d).<\/p>\n\n\n\n<p class=\"has-medium-font-size\"><strong>Krsni kumovi<\/strong> su svjedoci i jamci za vjeru kr\u0161tenika pred kr\u0161\u0107anskom zajednicom i predstavnici kr\u0161\u0107anske zajednice pred kr\u0161tenikom; suradnici i pomo\u0107nici roditeljima u kr\u0161\u0107anskom odgoju kr\u0161tenika, osobito uzornim kr\u0161\u0107anskim \u017eivotom.<br>Svake godine u vazmenoj no\u0107i slavimo spomen svoga kr\u0161tenja. Zato te no\u0107i obnavljamo svoja krsna obe\u0107anja: odri\u010demo se \u0111avla i ispovijedamo vjeru. To \u010dinimo i u nekim va\u017enim trenucima svoga kr\u0161\u0107anskog \u017eivota: kod potvrde (krizme), kod prve pri\u010desti, kod popudbine, na misijama i sl. Krsno opredjeljenje za Krista je neopozivo, ono trajno odre\u0111uje i usmjeruje na\u0161 \u017eivot, ako ga nevjerom i zlim \u017eivotom ne pretvorimo tek u otvorena vrata od kojih dalje nismo ozbiljno koraknuli.<br>Ukratko bismo mogli ovako izraziti \u0161to se po sakramentu kr\u0161tenja na otajstven na\u010din doga\u0111a:<br> &#8211; snagom Duha Svetoga primamo novi \u017eivot \u201codozgor\u201d: postajemo sli\u010dni Isusu Kristu, Sinu Bo\u017ejemu, (\u201csuobli\u010dujemo\u201d se Isusu Kristu) te tako postajemo \u201cBo\u017eji sinovi\u201d (\u201cBo\u017eja djeca\u201d); ra\u0111amo se na nov \u017eivot s Bogom (\u201cprepora\u0111amo\u201d se, primamo \u201cmilost posvetnu\u201d);<br> &#8211; ra\u0111anjem na novi \u017eivot opra\u0161taju nam se grijesi (\u201cisto\u010dni\u201d grijeh i grijesi \u0161to smo ih osobno po\u010dinili prije kr\u0161tenja);<br> &#8211; na poseban nam se na\u010din darivaju (\u201culijevaju\u201d) temeljne ljudske i vjerni\u010dke \u201ckreposti\u201d (vrline): osobito vjera, nada i ljubav;<br> &#8211; postajemo \u010dlanovi zajednice Bo\u017ejega na roda &#8211; Crkve.<\/p>\n\n\n\n<p class=\"has-medium-font-size\"><em>Oni koji nisu upoznali Isusa Krista, a iskreno tra\u017ee istinu i \u017eive po savjesti jesu \u201cnevidljivi\u201d, \u201cneobilje\u017eeni\u201d \u010dlanovi zajednice Bo\u017ejega naroda. Za njih bismo tako\u0111er mogli re\u0107i da su kr\u0161teni \u201ckrstom \u017eelje\u201d jer, tra\u017ee\u0107i istinu i \u017eive\u0107i po savjesti, \u017eele \u010diniti ono \u0161to Bog od njih tra\u017ei.<\/em><\/p>\n","protected":false},"excerpt":{"rendered":"<p>Kr\u0161tenje je prvi i temeljni sakramenat Crkve, \u201cvrata\u201d u Kristovu zajednicu. Isus je rekao: \u201cTko uzvjeruje i pokrsti se, spasit \u0107e se\u201d. Nikodemu je tuma\u010dio da se \u010dovjek mora \u201cpreporoditi\u201d. \u201croditi odozgor\u201d, po vodi i Duhu Svetom.Kr\u0161tenjem se ozna\u010duje da se nastavljaju spasiteljska Bo\u017eja djela iz pro\u0161losti, kao \u0161to su: spasenje Noe i njegove obitelji &hellip; <a href=\"https:\/\/vjeronauk.net\/?page_id=263\" class=\"more-link\">Nastavi \u010ditati <span class=\"screen-reader-text\">Kr\u0161tenje<\/span><\/a><\/p>\n","protected":false},"author":5,"featured_media":2419,"parent":154,"menu_order":1,"comment_status":"closed","ping_status":"closed","template":"","meta":{"footnotes":""},"class_list":["post-263","page","type-page","status-publish","has-post-thumbnail","hentry"],"_links":{"self":[{"href":"https:\/\/vjeronauk.net\/index.php?rest_route=\/wp\/v2\/pages\/263","targetHints":{"allow":["GET"]}}],"collection":[{"href":"https:\/\/vjeronauk.net\/index.php?rest_route=\/wp\/v2\/pages"}],"about":[{"href":"https:\/\/vjeronauk.net\/index.php?rest_route=\/wp\/v2\/types\/page"}],"author":[{"embeddable":true,"href":"https:\/\/vjeronauk.net\/index.php?rest_route=\/wp\/v2\/users\/5"}],"replies":[{"embeddable":true,"href":"https:\/\/vjeronauk.net\/index.php?rest_route=%2Fwp%2Fv2%2Fcomments&post=263"}],"version-history":[{"count":19,"href":"https:\/\/vjeronauk.net\/index.php?rest_route=\/wp\/v2\/pages\/263\/revisions"}],"predecessor-version":[{"id":2429,"href":"https:\/\/vjeronauk.net\/index.php?rest_route=\/wp\/v2\/pages\/263\/revisions\/2429"}],"up":[{"embeddable":true,"href":"https:\/\/vjeronauk.net\/index.php?rest_route=\/wp\/v2\/pages\/154"}],"wp:featuredmedia":[{"embeddable":true,"href":"https:\/\/vjeronauk.net\/index.php?rest_route=\/wp\/v2\/media\/2419"}],"wp:attachment":[{"href":"https:\/\/vjeronauk.net\/index.php?rest_route=%2Fwp%2Fv2%2Fmedia&parent=263"}],"curies":[{"name":"wp","href":"https:\/\/api.w.org\/{rel}","templated":true}]}}