{"id":28,"date":"2011-02-24T23:43:02","date_gmt":"2011-02-24T23:43:02","guid":{"rendered":"http:\/\/vjeronauk.net\/?page_id=28"},"modified":"2024-03-28T23:24:19","modified_gmt":"2024-03-28T22:24:19","slug":"vjerovanje-apostolsko","status":"publish","type":"page","link":"https:\/\/vjeronauk.net\/?page_id=28","title":{"rendered":"Sa\u017eeti pregled katoli\u010dke vjere"},"content":{"rendered":"<p>U zajednici Isusovih u\u010denika, u Crkvi, od najstarijih vremena postoje obrasci (sa\u017eeci) kojima se kratko \u017eeli izraziti ono \u0161to sva zajednica vjeruje. Jedan takav sa\u017eetak zove se Vjerovanje apostolsko. Nazivamo ga apostolskim jer se u njemu nalazi ono najva\u017enije \u0161to su apostoli navje\u0161\u0107ivali o Bogu, o \u010dovjeku i o njegovu pozivu na vje\u010dni \u017eivot s Bogom.<\/p>\n<p>Onima koji u odrasloj dobi pristupaju k vjeri ili ve\u0107 primljenu vjeru \u017eele prihvatiti na odrasliji i osobniji na\u010din, Crkva oduvijek pru\u017ea to Vjerovanje sa \u017eeljom da ga upamte, da budu u to Vjerovanje upu\u0107eni, da po njemu \u017eive i da ga mogu drugima navije\u0161tati.<\/p>\n<p>Isusovi vjernici to zajedni\u010dko Vjerovanje znaju, mole, prihva\u0107aju i po njemu \u017eive. Stoga je ono simbol (znak) njihova me\u0111usobnog prepoznavanja i jedinstva po svemu svijetu. O tom jedinstvu pi\u0161e sv. Pavao kr\u0161\u0107anskoj zajednici u Efezu: \u201c<span style=\"color: #800000;\"><em>Jedan Gospodin \u2013 jedna vjera \u2013 jedno kr\u0161tenje<\/em><\/span>\u201d (Ef 4,5).<\/p>\n<p>Da bismo \u0161to dublje naslutili, shvatili i do\u017eivjeli ono \u0161to Crkva \u017eeli izraziti Vjerovanjem apostolskim, potrebno je iznova i na razli\u010dite na\u010dine ulaziti u njegov sadr\u017eaj. Potrebno ga je tuma\u010diti i meditirati nad tajnama vjere koje su njime izre\u010dene.<\/p>\n<p>U ovom tuma\u010denju pojedinih izri\u010daja vjere dr\u017eat \u0107emo se redoslijeda koji se nalazi u Vjerovanju apostolskom.<\/p>\n\n\n<p>Tuma\u010denje otvarate klikom na pojedine rije\u010di i re\u010denice koje su ispod ovoga teksta.<\/p>\n\n\n<p><span style=\"color: #800000;\"><strong><a style=\"color: #800000;\" href=\"https:\/\/vjeronauk.net\/?page_id=35\" target=\"_blank\" rel=\"noopener\">Vjerujem&#8230;<\/a><\/strong><\/span><\/p>\n<p><span style=\"color: #800000;\"><strong><a style=\"color: #800000;\" href=\"https:\/\/vjeronauk.net\/?page_id=39\" target=\"_blank\" rel=\"noopener\">u Boga&#8230;<\/a><\/strong><\/span><\/p>\n<p><span style=\"color: #800000;\"><strong><a style=\"color: #800000;\" href=\"https:\/\/vjeronauk.net\/?page_id=46\" target=\"_blank\" rel=\"noopener\">Oca svemogu\u0107ega&#8230;<\/a><\/strong><\/span><\/p>\n<p><span style=\"color: #800000;\"><strong><a style=\"color: #800000;\" href=\"https:\/\/vjeronauk.net\/?page_id=56\" target=\"_blank\" rel=\"noopener\">Stvoritelja neba i zemlje&#8230;<\/a><\/strong><\/span><\/p>\n<p><span style=\"color: #800000;\"><strong><a style=\"color: #800000;\" href=\"https:\/\/vjeronauk.net\/?page_id=62\" target=\"_blank\" rel=\"noopener\">u Isusa Krista, Sina njegova jedinoga, Gospodina na\u0161ega\u2026<\/a><\/strong><\/span><\/p>\n<p><span style=\"color: #800000;\"><strong><a style=\"color: #800000;\" href=\"https:\/\/vjeronauk.net\/?page_id=82\" target=\"_blank\" rel=\"noopener\">koji je za\u010det po Duhu Svetom, ro\u0111en od Marije Djevice&#8230;<\/a><\/strong><\/span><\/p>\n<p><span style=\"color: #800000;\"><strong><a style=\"color: #800000;\" href=\"https:\/\/vjeronauk.net\/?page_id=74\" target=\"_blank\" rel=\"noopener\">mu\u010den pod Poncijem Pilatom, raspet, umro i pokopan&#8230;<\/a><\/strong><\/span><\/p>\n<p><span style=\"color: #800000;\"><strong><a style=\"color: #800000;\" href=\"https:\/\/vjeronauk.net\/?page_id=160\" target=\"_blank\" rel=\"noopener\">sa\u0161ao nad pakao&#8230;<\/a><\/strong><\/span><\/p>\n<p><strong><span style=\"color: #800000;\"><a style=\"color: #800000;\" href=\"https:\/\/vjeronauk.net\/?page_id=162\" target=\"_blank\" rel=\"noopener\">tre\u0107i dan uskrsnuo od mrtvih&#8230;<\/a><\/span><\/strong><\/p>\n<p><span style=\"color: #800000;\"><strong><a style=\"color: #800000;\" href=\"https:\/\/vjeronauk.net\/?page_id=166\" target=\"_blank\" rel=\"noopener\">uza\u0161ao na nebesa, sjedi o desnu Boga Oca svemogu\u0107ega&#8230;<\/a><\/strong><\/span><\/p>\n<p><span style=\"color: #800000;\"><strong><a style=\"color: #800000;\" href=\"https:\/\/vjeronauk.net\/?page_id=170\" target=\"_blank\" rel=\"noopener\">odonud \u0107e do\u0107i suditi \u017eive i mrtve.<\/a><\/strong><\/span><\/p>\n<p><span style=\"color: #800000;\"><strong><a style=\"color: #800000;\" href=\"https:\/\/vjeronauk.net\/?page_id=173\" target=\"_blank\" rel=\"noopener\">Vjerujem u Duha Svetoga&#8230;<\/a><\/strong><\/span><\/p>\n<p><span style=\"color: #800000;\"><strong><a style=\"color: #800000;\" href=\"https:\/\/vjeronauk.net\/?page_id=176\" target=\"_blank\" rel=\"noopener\">svetu Crkvu katoli\u010dku&#8230;<\/a><\/strong><\/span><\/p>\n<p><span style=\"color: #800000;\"><strong><a style=\"color: #800000;\" href=\"https:\/\/vjeronauk.net\/?page_id=179\" target=\"_blank\" rel=\"noopener\">op\u0107instvo svetih&#8230;<\/a><\/strong><\/span><\/p>\n<p><span style=\"color: #800000;\"><strong><a style=\"color: #800000;\" href=\"https:\/\/vjeronauk.net\/?page_id=182\" target=\"_blank\" rel=\"noopener\">opro\u0161tenje grijeha&#8230;<\/a><\/strong><\/span><\/p>\n<p><span style=\"color: #800000;\"><strong><a style=\"color: #800000;\" href=\"https:\/\/vjeronauk.net\/?page_id=184\" target=\"_blank\" rel=\"noopener\">uskrsnu\u0107e tijela&#8230;<\/a><\/strong><\/span><\/p>\n<p><span style=\"color: #800000;\"><strong><a style=\"color: #800000;\" href=\"https:\/\/vjeronauk.net\/?page_id=186\" target=\"_blank\" rel=\"noopener\">\u017eivot vje\u010dni.<\/a><\/strong><\/span><\/p>\n<p><span style=\"color: #800000;\"><strong><a style=\"color: #800000;\" href=\"https:\/\/vjeronauk.net\/?page_id=188\" target=\"_blank\" rel=\"noopener\">Amen.<\/a><\/strong><\/span><\/p>","protected":false},"excerpt":{"rendered":"<p>U zajednici Isusovih u\u010denika, u Crkvi, od najstarijih vremena postoje obrasci (sa\u017eeci) kojima se kratko \u017eeli izraziti ono \u0161to sva zajednica vjeruje. Jedan takav sa\u017eetak zove se Vjerovanje apostolsko. Nazivamo ga apostolskim jer se u njemu nalazi ono najva\u017enije \u0161to su apostoli navje\u0161\u0107ivali o Bogu, o \u010dovjeku i o njegovu pozivu na vje\u010dni \u017eivot s &hellip; <a href=\"https:\/\/vjeronauk.net\/?page_id=28\" class=\"more-link\">Nastavi \u010ditati <span class=\"screen-reader-text\">Sa\u017eeti pregled katoli\u010dke vjere<\/span><\/a><\/p>\n","protected":false},"author":5,"featured_media":0,"parent":0,"menu_order":0,"comment_status":"closed","ping_status":"closed","template":"","meta":{"footnotes":""},"class_list":["post-28","page","type-page","status-publish","hentry"],"_links":{"self":[{"href":"https:\/\/vjeronauk.net\/index.php?rest_route=\/wp\/v2\/pages\/28","targetHints":{"allow":["GET"]}}],"collection":[{"href":"https:\/\/vjeronauk.net\/index.php?rest_route=\/wp\/v2\/pages"}],"about":[{"href":"https:\/\/vjeronauk.net\/index.php?rest_route=\/wp\/v2\/types\/page"}],"author":[{"embeddable":true,"href":"https:\/\/vjeronauk.net\/index.php?rest_route=\/wp\/v2\/users\/5"}],"replies":[{"embeddable":true,"href":"https:\/\/vjeronauk.net\/index.php?rest_route=%2Fwp%2Fv2%2Fcomments&post=28"}],"version-history":[{"count":13,"href":"https:\/\/vjeronauk.net\/index.php?rest_route=\/wp\/v2\/pages\/28\/revisions"}],"predecessor-version":[{"id":2208,"href":"https:\/\/vjeronauk.net\/index.php?rest_route=\/wp\/v2\/pages\/28\/revisions\/2208"}],"wp:attachment":[{"href":"https:\/\/vjeronauk.net\/index.php?rest_route=%2Fwp%2Fv2%2Fmedia&parent=28"}],"curies":[{"name":"wp","href":"https:\/\/api.w.org\/{rel}","templated":true}]}}