{"id":296,"date":"2011-04-14T09:20:41","date_gmt":"2011-04-14T09:20:41","guid":{"rendered":"http:\/\/vjeronauk.net\/?page_id=296"},"modified":"2024-05-28T18:40:18","modified_gmt":"2024-05-28T17:40:18","slug":"potvrda","status":"publish","type":"page","link":"https:\/\/vjeronauk.net\/?page_id=296","title":{"rendered":"Potvrda (krizma)"},"content":{"rendered":"<div class=\"wp-block-image\">\n<figure class=\"alignright\"><a href=\"http:\/\/vjeronauk.net\/wp-content\/uploads\/2011\/04\/the_decent_of_the_holy_spirit_1545_by_tiziano_vecellio.jpg\"><img loading=\"lazy\" decoding=\"async\" width=\"218\" height=\"300\" src=\"http:\/\/vjeronauk.net\/wp-content\/uploads\/2011\/04\/the_decent_of_the_holy_spirit_1545_by_tiziano_vecellio-218x300.jpg\" alt=\"\" class=\"wp-image-299\" srcset=\"https:\/\/vjeronauk.net\/wp-content\/uploads\/2011\/04\/the_decent_of_the_holy_spirit_1545_by_tiziano_vecellio-218x300.jpg 218w, https:\/\/vjeronauk.net\/wp-content\/uploads\/2011\/04\/the_decent_of_the_holy_spirit_1545_by_tiziano_vecellio-744x1024.jpg 744w, https:\/\/vjeronauk.net\/wp-content\/uploads\/2011\/04\/the_decent_of_the_holy_spirit_1545_by_tiziano_vecellio.jpg 800w\" sizes=\"auto, (max-width: 218px) 100vw, 218px\" \/><\/a><\/figure>\n<\/div>\n\n\n<p class=\"has-medium-font-size\">Potvrda je sakramenat Duha Svetoga. Isus Krist je za\u010det i ro\u0111en po Duhu Svetom od Marije Djevice. Kod kr\u0161tenja na Jordanu vidljivo mu je darovan Duh Sveti koji ga je \u201cpomazao\u201d za Mesiju. Sam je za se posvjedo\u010dio: <em>\u201cNa meni je Duh Gospodnji&#8230; On me posla blagovjesnikom biti siromasima; proglasiti su\u017enjima oslobo\u0111enje, vid slijepima: na slobodu pustiti potla\u010dene, proglasiti godinu milosti Gospodnje\u201d<\/em> (Lk 4.18). Evan\u0111elje bilje\u017ei da je u svemu svom javnom \u017eivotu govorio i radio ispunjen Duhom Svetim.<br>Isus je i svojim u\u010denicima obe\u0107ao Duha Svetoga kao Duha istine koji \u0107e ih uvesti u svu istinu, Duha snage kojim \u0107e svjedo\u010diti za njega. kao Duha Tje\u0161itelja i Branitelja. Obe\u0107ani dar Duha primili su u\u010denici na prve Duhove i odmah su polaganjem ruku taj dar prenosili na sve kr\u0161tene. Time se doga\u0111aj Duhova u Crkvi kroz sve vjekove obnavlja: Duh Sveti utvr\u0111uje srca Isusovih u\u010denika u vjeri, u nadi, u ljubavi i svjedo\u010denju.<br>Uz polaganje ruku brzo se kao prikladan znak potvrde pojavilo i pomazanje krizmom. Njime se ozna\u010duje pomazanje Duhom Svetim, \u0161to se u Svetom pismu \u010desto spominje. Danas u svetoj potvrdi na potvr\u0111enike, da bi primili Duha Svetoga, redovito pola\u017eu ruke biskupi, koji su nasljednici Apostola.<br>Potvrda nastavlja i dopunjuje ono posve\u0107enje koje je zapo\u010delo kr\u0161tenjem. Zato se kod odraslih kr\u0161tenika potvrda (krizma) podjeljuje odmah poslije kr\u0161tenja, a slavlje se dovr\u0161ava euharistijom: to su tri temeljna sakramenta, oni potpuno uvode \u010dovjeka u Crkvu i njezina dobra, iznutra ga izgra\u0111uju i osposobljuju za \u017eivot po vjeri. Zato se i zovu \u201csakramenti pristupa u kr\u0161\u0107anstvo\u201d ili \u201csakramenti inicijacije\u201d.<br>Da bi netko mogao pristupiti potvrdi, treba biti kr\u0161ten, da je u milosti (tj. u prijateljstvu s Bogom i ljudima), da je prikladno pou\u010den i da je kadar obnoviti krsna obe\u0107anja.<br> Potvr\u0111enici koji su bili kr\u0161teni kao mala djeca obnavljaju krsna obe\u0107anja prije potvrde: odri\u010du se sotone i ispovijedaju krsnu vjeru. Tako svjesno i osobno prihva\u0107aju ono \u0161to su neko\u0107 kao djeca primili pristankom svojih roditelja, kumova i kr\u0161\u0107anske zajednice.<br><br>Bitni obred potvrde je: pomazanje krizmenim uljem na \u010delu, koje se izvodi polaganjem ruke i\u00a0 rije\u010dima: <strong><span style=\"color: #800000;\">Primi pe\u010dat dara Duha Svetoga<\/span>.<\/strong><br>Potvr\u0111enik odgovara: <span style=\"color: #800000;\"><strong>Amen<\/strong><\/span>.<\/p>\n\n\n\n<p class=\"has-text-color has-link-color has-medium-font-size wp-elements-b0e7a54c0e35cecda481b12145f168e9\" style=\"color:#062061\">Tako je potvr\u0111enik zauvijek \u201cobilje\u017een\u201d Bo\u017ejom ljubavlju i svojim obe\u0107anjem da \u0107e biti\u00a0 vjernik. Taj je \u201cbiljeg\u201d pred Bogom \u201cneizbrisiv\u201d.<br> Potvr\u0111enike prate i predstavljaju biskupu kumovi. Prikladno je da to budu isti koji su bili i na kr\u0161tenju (ali mogu biti i drugi). Budu\u0107i da su kumovi pomo\u0107nici i predvodnici u kr\u0161\u0107anskom \u017eivotu potvr\u0111enika, osim \u0161to \u0107e mu biti prijatelji na koje \u0107e potvr\u0111enik uvijek smjeti ra\u010dunati, oni se trebaju isticati i uzornim kr\u0161\u0107anskim \u017eivotom:<br>&#8211; trebaju bi<span style=\"color: #000080;\">ti dovoljno zreli za tu zada\u0107u; <\/span><br>&#8211; <span style=\"color: #000080;\">kr\u0161teni te pripadati Katoli\u010dkoj Crkvi, potvr\u0111eni i pri\u010de\u0161\u0107eni; <\/span><br>&#8211; te da im <span style=\"color: #000080;\">crkveni zakoni ne zabranjuju vr\u0161iti slu\u017ebu kumova. <\/span><\/p>\n\n\n\n<p class=\"has-medium-font-size\">Po sakramentu potvrde (krizme) na poseban na\u010din primamo <strong>dar Duha Svetoga<\/strong> koji nas ispunja svojim svjetlom i svojom snagom te nas \u201cpotvr\u0111uje\u201d, to jest u\u010dvr\u0161\u0107uje i utvr\u0111uje u vjeri i ljubavi. Ono \u0161to nam Duh Sveti na otajstven na\u010din dariva i izvodi u nama po sakramentu potvrde ukratko bismo mogli izraziti ovako:<br>&#8211; <span style=\"color: #000080;\">Duh Sveti usavr\u0161uje i dopunjuje u nama unutarnju sli\u010dnost Kristu (\u201csuobli\u010denje\u201d Kristu) \u0161to nam je darovana na kr\u0161tenju; <\/span><br>&#8211; <span style=\"color: #000080;\">potvrdom se kr\u0161tenik potpunije i na osobniji na\u010din uklju\u010duje u Crkvu (potpunije se \u201cucjepljuje\u201d u otajstveno Kristovo Tijelo i na potpuniji na\u010din postaje \u010dlanom Bo\u017ejega naroda). Time potvr\u0111enik postaje sposobniji i obvezatniji sudjelovati u poslanju Crkve i preuzimati u njoj slu\u017ebe i odgovornosti. Zato ka\u017eemo da sakramentom potvrde postajemo \u201codrasli\u201d, \u201czreli\u201d, \u201cpunoljetni\u201d \u010dlanovi Crkve. <\/span><br>&#8211; <span style=\"color: #000080;\">Duh Sveti nas ispunja svojim svjetlom da bismo \u0161to bolje mogli razumjeti ono \u0161to nam je Bog objavio, osobito po svom Sinu Isusu Kristu (Duh Sveti nas \u201cuvodi u svu istinu\u201d); <\/span><br>&#8211; <span style=\"color: #000080;\">Duh Sveti nas ispunja svjetlom i ljubavlju da bismo u doga\u0111ajima i ljudima koje susre\u0107emo mogli prepoznati Bo\u017eju prisutnost i Bo\u017eji poziv da se neprestano \u0161to dosljednije uklju\u010dujemo u izgradnju novoga, Bo\u017ejega svijeta; <\/span><br>&#8211; <span style=\"color: #000080;\">Duh Sveti nas ispunja snagom i slobodom da bismo hrabro, kao punoljetni i odrasli kr\u0161\u0107ani, mogli \u017eivjeti po vjeri i za nju svjedo\u010diti. <\/span><\/p>\n","protected":false},"excerpt":{"rendered":"<p>Potvrda je sakramenat Duha Svetoga. Isus Krist je za\u010det i ro\u0111en po Duhu Svetom od Marije Djevice. Kod kr\u0161tenja na Jordanu vidljivo mu je darovan Duh Sveti koji ga je \u201cpomazao\u201d za Mesiju. Sam je za se posvjedo\u010dio: \u201cNa meni je Duh Gospodnji&#8230; On me posla blagovjesnikom biti siromasima; proglasiti su\u017enjima oslobo\u0111enje, vid slijepima: na &hellip; <a href=\"https:\/\/vjeronauk.net\/?page_id=296\" class=\"more-link\">Nastavi \u010ditati <span class=\"screen-reader-text\">Potvrda (krizma)<\/span><\/a><\/p>\n","protected":false},"author":5,"featured_media":2416,"parent":154,"menu_order":2,"comment_status":"closed","ping_status":"closed","template":"","meta":{"footnotes":""},"class_list":["post-296","page","type-page","status-publish","has-post-thumbnail","hentry"],"_links":{"self":[{"href":"https:\/\/vjeronauk.net\/index.php?rest_route=\/wp\/v2\/pages\/296","targetHints":{"allow":["GET"]}}],"collection":[{"href":"https:\/\/vjeronauk.net\/index.php?rest_route=\/wp\/v2\/pages"}],"about":[{"href":"https:\/\/vjeronauk.net\/index.php?rest_route=\/wp\/v2\/types\/page"}],"author":[{"embeddable":true,"href":"https:\/\/vjeronauk.net\/index.php?rest_route=\/wp\/v2\/users\/5"}],"replies":[{"embeddable":true,"href":"https:\/\/vjeronauk.net\/index.php?rest_route=%2Fwp%2Fv2%2Fcomments&post=296"}],"version-history":[{"count":15,"href":"https:\/\/vjeronauk.net\/index.php?rest_route=\/wp\/v2\/pages\/296\/revisions"}],"predecessor-version":[{"id":2415,"href":"https:\/\/vjeronauk.net\/index.php?rest_route=\/wp\/v2\/pages\/296\/revisions\/2415"}],"up":[{"embeddable":true,"href":"https:\/\/vjeronauk.net\/index.php?rest_route=\/wp\/v2\/pages\/154"}],"wp:featuredmedia":[{"embeddable":true,"href":"https:\/\/vjeronauk.net\/index.php?rest_route=\/wp\/v2\/media\/2416"}],"wp:attachment":[{"href":"https:\/\/vjeronauk.net\/index.php?rest_route=%2Fwp%2Fv2%2Fmedia&parent=296"}],"curies":[{"name":"wp","href":"https:\/\/api.w.org\/{rel}","templated":true}]}}