{"id":325,"date":"2011-04-16T13:29:49","date_gmt":"2011-04-16T11:29:49","guid":{"rendered":"http:\/\/vjeronauk.net\/?page_id=325"},"modified":"2011-05-06T23:53:10","modified_gmt":"2011-05-06T21:53:10","slug":"liturgijska-godina","status":"publish","type":"page","link":"https:\/\/vjeronauk.net\/?page_id=325","title":{"rendered":"Liturgijska godina"},"content":{"rendered":"<p>Crkva od svog po\u010detka slavi spomen Kristova spasiteljskog djela svakog prvog dana u tjednu, tj. u nedjelju, kada se posebno spominje njegove muke, smrti i uskrsnu\u0107a. Nedjelja je temeljni i najstariji kr\u0161\u0107anski blagdan. Ona je \u00bbprvi dan u tjednu\u00ab, kako je zove Sveto pismo Novog zavjeta, spomen Kristova uskrsnu\u0107a, djelotvorni znak Krista uskrsnuloga me\u0111u svojima i \u00bbpredokus\u00ab kona\u010dnog susreta s Kristom o njegovu slavnom dolasku.<\/p>\n<p>Zato je nedjelja dan kada se prestaje s redovnim radom, kako bismo svoju radost, u prisutnosti Uskrsnuloga, mogli do\u017eivjeti u zajednici Crkve koja se okuplja na slavljenje euharistije.<\/p>\n<p>Tijekom povijesti razvio se osim nedjeljnih slavlja i poseban raspored, red slavljenja Kristovih spasiteljskih otajstava kroz cijelu godinu. Tako se svake godine slavi \u010ditavo Kristovo otajstvo od utjelovljenja i ro\u0111enja do uza\u0161a\u0161\u0107a i Duhova te do i\u0161\u010dekivanja drugoga Kristova dolaska. To slavljenje nije puko sje\u0107anje na doga\u0111aje spasenja, nego Crkva tim slavljenjem zajedno s Kristom te doga\u0111aje ponovno otajstveno do\u017eivljava, postaje dionicom njihova duhovnog bogatstva i tako se ostvaruje njezino spasenje.<\/p>\n<p>Crkvena godina ima tri velika dijela ili ciklusa: bo\u017ei\u0107ni, vazmeni i kroz godinu.<\/p>\n<p>Crkvena (liturgijska) godina zapo\u010dinje nedjeljom koja je najbli\u017ea blagdanu sv. Andrije (slavi se 30. studenoga). To je prva nedjelja do\u0161a\u0161\u0107a.<\/p>\n","protected":false},"excerpt":{"rendered":"<p>Crkva od svog po\u010detka slavi spomen Kristova spasiteljskog djela svakog prvog dana u tjednu, tj. u nedjelju, kada se posebno spominje njegove muke, smrti i uskrsnu\u0107a. Nedjelja je temeljni i najstariji kr\u0161\u0107anski blagdan. Ona je \u00bbprvi dan u tjednu\u00ab, kako je zove Sveto pismo Novog zavjeta, spomen Kristova uskrsnu\u0107a, djelotvorni znak Krista uskrsnuloga me\u0111u svojima &hellip; <a href=\"https:\/\/vjeronauk.net\/?page_id=325\" class=\"more-link\">Nastavi \u010ditati <span class=\"screen-reader-text\">Liturgijska godina<\/span><\/a><\/p>\n","protected":false},"author":5,"featured_media":0,"parent":0,"menu_order":0,"comment_status":"closed","ping_status":"closed","template":"","meta":{"footnotes":""},"class_list":["post-325","page","type-page","status-publish","hentry"],"_links":{"self":[{"href":"https:\/\/vjeronauk.net\/index.php?rest_route=\/wp\/v2\/pages\/325","targetHints":{"allow":["GET"]}}],"collection":[{"href":"https:\/\/vjeronauk.net\/index.php?rest_route=\/wp\/v2\/pages"}],"about":[{"href":"https:\/\/vjeronauk.net\/index.php?rest_route=\/wp\/v2\/types\/page"}],"author":[{"embeddable":true,"href":"https:\/\/vjeronauk.net\/index.php?rest_route=\/wp\/v2\/users\/5"}],"replies":[{"embeddable":true,"href":"https:\/\/vjeronauk.net\/index.php?rest_route=%2Fwp%2Fv2%2Fcomments&post=325"}],"version-history":[{"count":3,"href":"https:\/\/vjeronauk.net\/index.php?rest_route=\/wp\/v2\/pages\/325\/revisions"}],"predecessor-version":[{"id":499,"href":"https:\/\/vjeronauk.net\/index.php?rest_route=\/wp\/v2\/pages\/325\/revisions\/499"}],"wp:attachment":[{"href":"https:\/\/vjeronauk.net\/index.php?rest_route=%2Fwp%2Fv2%2Fmedia&parent=325"}],"curies":[{"name":"wp","href":"https:\/\/api.w.org\/{rel}","templated":true}]}}