{"id":329,"date":"2011-04-16T13:33:40","date_gmt":"2011-04-16T13:33:40","guid":{"rendered":"http:\/\/vjeronauk.net\/?page_id=329"},"modified":"2011-04-26T10:21:55","modified_gmt":"2011-04-26T10:21:55","slug":"1-bozicni-ciklus","status":"publish","type":"page","link":"https:\/\/vjeronauk.net\/?page_id=329","title":{"rendered":"1. Bo\u017ei\u0107ni ciklus"},"content":{"rendered":"<p>Bo\u017ei\u0107ni ciklus obuhva\u0107a vrijeme do\u0161a\u0161\u0107a i bo\u017ei\u0107no vrijeme.<\/p>\n<p>\u2022 Do\u0161a\u0161\u0107e (advent) jest vrijeme od \u010detiri tjedna prije Bo\u017ei\u0107a. Obilje\u017eeno je i\u0161\u010dekivanjem dolaska Gospodnjega i pripravom za taj dolazak. Do\u0161a\u0161\u0107e je dvostruka priprava: za slavni dolazak Gospodnji i za godi\u0161nju proslavu njegova prvog dolaska \u2014 Bo\u017ei\u0107. Uzor i\u0161\u010dekivanja Crkve u to doba jest Bla\u017eena Djevica Marija u svom i\u0161\u010dekivanju Isusova ro\u0111enja.<\/p>\n<p>\u2022 Bo\u017ei\u0107no vrijeme ima dva sredi\u0161ta: Bo\u017ei\u0107 i Bogojavljenje.<\/p>\n<p>Bo\u017ei\u0107 je godi\u0161nja proslava Isusova ro\u0111enja u Betlehemu. Slavi se 25. prosinca. Kr\u0161\u0107ani susre\u0107u Isusa u bo\u017ei\u0107nim otajstvima, koja i njima daju udjela u ro\u0111enju Krista \u2014 novoga \u010dovjeka. \u2014 Na Bo\u017ei\u0107 se posebno sve\u010dano slavi misa pono\u0107ka. Uz Bo\u017ei\u0107 su tako\u0111er vezani mnogi narodni obi\u010daji: badnjak, bo\u017ei\u0107no drvce, slama, darovi\u2026(Dan prije Bo\u017ei\u0107a jest Badnjak). Me\u0111usobna darivanja prigodom Bo\u017ei\u0107a izraz su na\u0161e radosti \u0161to je Bog ljudima \u00bbdarovao\u00ab svoga Sina Isusa Krista.<\/p>\n<p>Blagdan Svete obitelji slavi se u nedjelju poslije Bo\u017ei\u0107a. Djetinjstvo Isusovo u obitelji Marije i Josipa pru\u017ea primjer obiteljskog \u017eivota svim kr\u0161\u0107anskim obiteljima. (Posljednji dan kalendarske godine zove se Silvestrovo, po sv. Silvestru papi kojega se tog dana sje\u0107amo.)<\/p>\n<p>Nova godina obilje\u017eena je Svetkovinom svete Bogorodice Marije, kojom se slavi uloga Bla\u017eene Djevice Marije u otajstvu Kristova dolaska.<\/p>\n<p>Bogojavljenjem se slavi objava Isusa Spasitelja svim narodima. Na taj se blagdan spominju doga\u0111aji: prvo Isusovo \u010dudo u Kani Galilejskoj, Isusovo kr\u0161tenje u rijeci Jordanu i poklon triju Mudraca ili Kraljeva (zato neki taj blagdan nazivaju Sveta tri kralja). Ti se doga\u0111aji danas otajstveno obnavljaju u na\u0161em susretu s Kristom u bogoslu\u017eju Bogojavljenja.<\/p>\n<p>Kr\u0161tenje Gospodnje slavi se u nedjelju poslije Bogojavljenja i njime zavr\u0161ava bo\u017ei\u0107ni ciklus crkvene godine.<\/p>\n","protected":false},"excerpt":{"rendered":"<p>Bo\u017ei\u0107ni ciklus obuhva\u0107a vrijeme do\u0161a\u0161\u0107a i bo\u017ei\u0107no vrijeme. \u2022 Do\u0161a\u0161\u0107e (advent) jest vrijeme od \u010detiri tjedna prije Bo\u017ei\u0107a. Obilje\u017eeno je i\u0161\u010dekivanjem dolaska Gospodnjega i pripravom za taj dolazak. Do\u0161a\u0161\u0107e je dvostruka priprava: za slavni dolazak Gospodnji i za godi\u0161nju proslavu njegova prvog dolaska \u2014 Bo\u017ei\u0107. Uzor i\u0161\u010dekivanja Crkve u to doba jest Bla\u017eena Djevica Marija &hellip; <a href=\"https:\/\/vjeronauk.net\/?page_id=329\" class=\"more-link\">Nastavi \u010ditati <span class=\"screen-reader-text\">1. Bo\u017ei\u0107ni ciklus<\/span><\/a><\/p>\n","protected":false},"author":5,"featured_media":0,"parent":325,"menu_order":0,"comment_status":"closed","ping_status":"closed","template":"","meta":{"footnotes":""},"class_list":["post-329","page","type-page","status-publish","hentry"],"_links":{"self":[{"href":"https:\/\/vjeronauk.net\/index.php?rest_route=\/wp\/v2\/pages\/329","targetHints":{"allow":["GET"]}}],"collection":[{"href":"https:\/\/vjeronauk.net\/index.php?rest_route=\/wp\/v2\/pages"}],"about":[{"href":"https:\/\/vjeronauk.net\/index.php?rest_route=\/wp\/v2\/types\/page"}],"author":[{"embeddable":true,"href":"https:\/\/vjeronauk.net\/index.php?rest_route=\/wp\/v2\/users\/5"}],"replies":[{"embeddable":true,"href":"https:\/\/vjeronauk.net\/index.php?rest_route=%2Fwp%2Fv2%2Fcomments&post=329"}],"version-history":[{"count":3,"href":"https:\/\/vjeronauk.net\/index.php?rest_route=\/wp\/v2\/pages\/329\/revisions"}],"predecessor-version":[{"id":331,"href":"https:\/\/vjeronauk.net\/index.php?rest_route=\/wp\/v2\/pages\/329\/revisions\/331"}],"up":[{"embeddable":true,"href":"https:\/\/vjeronauk.net\/index.php?rest_route=\/wp\/v2\/pages\/325"}],"wp:attachment":[{"href":"https:\/\/vjeronauk.net\/index.php?rest_route=%2Fwp%2Fv2%2Fmedia&parent=329"}],"curies":[{"name":"wp","href":"https:\/\/api.w.org\/{rel}","templated":true}]}}