{"id":332,"date":"2011-04-16T13:43:24","date_gmt":"2011-04-16T13:43:24","guid":{"rendered":"http:\/\/vjeronauk.net\/?page_id=332"},"modified":"2011-04-26T10:21:50","modified_gmt":"2011-04-26T10:21:50","slug":"2-vazmeni-ciklus","status":"publish","type":"page","link":"https:\/\/vjeronauk.net\/?page_id=332","title":{"rendered":"2. Vazmeni ciklus"},"content":{"rendered":"<p>U njemu se slave otajstva muke, smrti, ukopa i uskrsnu\u0107a Gospodnjega, njegova uza\u0161a\u0161\u0107a i darivanja Duha Svetoga.<\/p>\n<p>\u2022 \u010cetrdesetnica (korizma) jest vrijeme priprave za Vazam. Po uzoru na Isusov \u010detrdesetodnevni post ime mu je \u010detrdesetnica (korizma) i traje \u010detrdeset dana. Korizmena je priprava trostruka: svi se kr\u0161\u0107ani pripravljaju na Vazam slu\u0161anjem Bo\u017eje rije\u010di, molitvom, postom i dobrim djelima, kako bi postali \u0161to sli\u010dniji Kristu (kako bi se sve vi\u0161e \u00bbsuobli\u010dili\u00ab Kristu); odrasli pripravnici za kr\u0161tenje imaju u vrijeme korizme zavr\u0161ne pripreme za veliki \u010das svoga kr\u0161tenja u vazmenoj no\u0107i; u korizmi na poseban na\u010din \u00bb\u010dinimo pokoru\u00ab i pristupamo sakramentu pomirenja (osobito ako smo svjesni te\u0161koga grijeha), kako bismo pomireni s Bogom i Crkvom mogli radosno slaviti Vazam. Ovoj trostrukoj pripravi odgovaraju i tri ciklusa svetopisamskih \u010ditanja u nedjelje \u010detrdesetnice: A je krsni, B op\u0107evazmeni, a C pokorni\u010dki ciklus \u010ditanja.<\/p>\n<p>Pepelnica ili \u010cista srijeda po\u010detak je \u010detrdesetnice (korizme). Pepeljenje toga dana pokorni\u010dki je obred: pepeljenjem, uz rije\u010di \u00bbObratite se i vjerujte Evan\u0111elju\u00ab, Crkva nam upu\u0107uje poziv da ozbiljnije razmislimo o svom \u017eiyotu te da se osobno i zajedni\u010dki nastojimo istinski obratiti.<\/p>\n<p>Cvjetnica uvodi u Veliki tjedan, tjedan Isusove muke. Sve\u010danom procesijom s maslinovim i drugim gran\u010dicama spominjemo se sve\u010danog Isusova ulaska u Jeruzalem ili bolje: sve\u010danog Isusova prijelaza s ovoga svijeta k Ocu po smrti i uskrsnu\u0107u.<\/p>\n<p>Veliki \u010detvrtak jest zadnji dan \u010detrdesetnice (korizme), dan pred Vazmom, pa se zato toga dana vr\u0161e pripreme za Vazam: posve\u0107uju se sveta ulja za kr\u0161tenje i potvrdu u vazmenoj no\u0107i. Posve\u0107uje ih biskup.<\/p>\n<p>\u2022 Vazam (pasha) se slavi \u00bbvazmenim trodnevljem Krista umrlog, ukopanog i uskrsnulog\u00ab. To je Veliki petak. Velika subota i nedjelja uskrsnu\u0107a Gospodnjega (Uskrs). Vazmeno trodnevlje zapravo je jedan blagdan: po\u010dinje misom Gospodnje ve\u010dere u predve\u010derje, tj. na Veliki \u010detvrtak uve\u010der, a zavr\u0161ava ve\u010dernjom Nedjelje uskrsnu\u0107a. U petak popodne slavi se spomen Kristove smrti, a u no\u0107i od subote na nedjelju slavi se Isusovo uskrsnu\u0107e sve\u010danim vazmenim bdjenjem. \u2014 Vazmeno bdjenje je najsve\u010danije bogoslu\u017eje crkvene godine, a obuhva\u0107a slu\u017ebu svjetla, slu\u017ebu rije\u010di, krsnu slu\u017ebu i euharistijsku slu\u017ebu. Radost Vazma izvire iz vjere u Kristovu pobjedu po smrti i uskrsnu\u0107u te iz trajne prisutnosti Uskrsnuloga u njegovoj Crkvi. To pjevamo u ulaznoj pjesmi uskrsne mise: \u00bbUskrsnuh i opet sam s tobom . . .\u00ab<\/p>\n<p>\u2022 Pedesetnica je vrijeme od Vazma do Duhova i slavi se kao jedan blagdan: blagdan Kristova uskrsnu\u0107a. Na po\u010detku joj je Vazam, \u010detrdeseti dan po Vazmu jest Spasovo ili Uza\u0161a\u0161\u0107e Gospodnje, a zavr\u0161ava blagdanom Duhova. Sva su ova tri blagdana samo razli\u010diti vidovi blagdana Uskrsnu\u0107a Gospodnjega, koji se slavi kroz pedeset dana. Blagdanom Duhova zavr\u0161ava vazmeni ciklus crkvene godine.<\/p>\n<p>Sve nedjelje Pedesetnice jesu vazmene nedjelje: kroz to su vrijeme okupljeni u\u010denici do\u017eivljavali iskustvo posebne prisutnosti uskrslog Krista (\u00bbkroz \u010detrdeset im se dana ukazivao\u00ab), a poslije uza\u0161a\u0161\u0107a na nebo oni su, okupljeni oko Marije, majke Isusove, u molitvi i\u0161\u010dekivali silazak Duha Svetoga. Zato je Pedesetnica uvijek u Crkvi ispunjena rado\u0161\u0107u zbog prisutnosti Uskrsnuloga, a vrijeme od Spasova do Duhova naro\u010dito je odre\u0111eno za i\u0161\u010dekivanje i pripravu na silazak Duha Svetoga.<\/p>\n","protected":false},"excerpt":{"rendered":"<p>U njemu se slave otajstva muke, smrti, ukopa i uskrsnu\u0107a Gospodnjega, njegova uza\u0161a\u0161\u0107a i darivanja Duha Svetoga. \u2022 \u010cetrdesetnica (korizma) jest vrijeme priprave za Vazam. Po uzoru na Isusov \u010detrdesetodnevni post ime mu je \u010detrdesetnica (korizma) i traje \u010detrdeset dana. Korizmena je priprava trostruka: svi se kr\u0161\u0107ani pripravljaju na Vazam slu\u0161anjem Bo\u017eje rije\u010di, molitvom, postom &hellip; <a href=\"https:\/\/vjeronauk.net\/?page_id=332\" class=\"more-link\">Nastavi \u010ditati <span class=\"screen-reader-text\">2. Vazmeni ciklus<\/span><\/a><\/p>\n","protected":false},"author":5,"featured_media":0,"parent":325,"menu_order":2,"comment_status":"closed","ping_status":"closed","template":"","meta":{"footnotes":""},"class_list":["post-332","page","type-page","status-publish","hentry"],"_links":{"self":[{"href":"https:\/\/vjeronauk.net\/index.php?rest_route=\/wp\/v2\/pages\/332","targetHints":{"allow":["GET"]}}],"collection":[{"href":"https:\/\/vjeronauk.net\/index.php?rest_route=\/wp\/v2\/pages"}],"about":[{"href":"https:\/\/vjeronauk.net\/index.php?rest_route=\/wp\/v2\/types\/page"}],"author":[{"embeddable":true,"href":"https:\/\/vjeronauk.net\/index.php?rest_route=\/wp\/v2\/users\/5"}],"replies":[{"embeddable":true,"href":"https:\/\/vjeronauk.net\/index.php?rest_route=%2Fwp%2Fv2%2Fcomments&post=332"}],"version-history":[{"count":3,"href":"https:\/\/vjeronauk.net\/index.php?rest_route=\/wp\/v2\/pages\/332\/revisions"}],"predecessor-version":[{"id":375,"href":"https:\/\/vjeronauk.net\/index.php?rest_route=\/wp\/v2\/pages\/332\/revisions\/375"}],"up":[{"embeddable":true,"href":"https:\/\/vjeronauk.net\/index.php?rest_route=\/wp\/v2\/pages\/325"}],"wp:attachment":[{"href":"https:\/\/vjeronauk.net\/index.php?rest_route=%2Fwp%2Fv2%2Fmedia&parent=332"}],"curies":[{"name":"wp","href":"https:\/\/api.w.org\/{rel}","templated":true}]}}