{"id":334,"date":"2011-04-16T13:45:46","date_gmt":"2011-04-16T13:45:46","guid":{"rendered":"http:\/\/vjeronauk.net\/?page_id=334"},"modified":"2011-04-26T10:21:47","modified_gmt":"2011-04-26T10:21:47","slug":"3-vrijeme-kroz-godinu","status":"publish","type":"page","link":"https:\/\/vjeronauk.net\/?page_id=334","title":{"rendered":"3. Vrijeme kroz godinu"},"content":{"rendered":"<p>Trideset\u010detiri tjedna izvan bo\u017ei\u0107nog i vazmenog ciklusa crkvene godine ostaju na prvotnom slavljenju Kristova uskrsnu\u0107a \u00bbu prvi dan sedmice\u00ab (nedjelju). To je \u00bbvrijeme kroz godinu\u00ab. Ima dva dijela:<br \/>\n\u2022 od blagdana Kr\u0161tenja Gospodnjega do Pepelnice<br \/>\n\u2022 od Duhova do do\u0161a\u0161\u0107a.<br \/>\nU ovo vrijeme dolaze tri Gospodnja blagdana u kojima slavimo posebna otajstva:<br \/>\nTijelovo \u2014 otajstvo presvete Euharistije tijela i krvi Kristove;<br \/>\nPresveto Trojstvo \u2014 otajstvo jednog Boga u tri osobe;<br \/>\nKrist Kralj \u2014 otajstvo kraljevske slu\u017ebe i dostojanstva Kristova.<\/p>\n","protected":false},"excerpt":{"rendered":"<p>Trideset\u010detiri tjedna izvan bo\u017ei\u0107nog i vazmenog ciklusa crkvene godine ostaju na prvotnom slavljenju Kristova uskrsnu\u0107a \u00bbu prvi dan sedmice\u00ab (nedjelju). To je \u00bbvrijeme kroz godinu\u00ab. Ima dva dijela: \u2022 od blagdana Kr\u0161tenja Gospodnjega do Pepelnice \u2022 od Duhova do do\u0161a\u0161\u0107a. U ovo vrijeme dolaze tri Gospodnja blagdana u kojima slavimo posebna otajstva: Tijelovo \u2014 otajstvo &hellip; <a href=\"https:\/\/vjeronauk.net\/?page_id=334\" class=\"more-link\">Nastavi \u010ditati <span class=\"screen-reader-text\">3. Vrijeme kroz godinu<\/span><\/a><\/p>\n","protected":false},"author":5,"featured_media":0,"parent":325,"menu_order":3,"comment_status":"closed","ping_status":"closed","template":"","meta":{"footnotes":""},"class_list":["post-334","page","type-page","status-publish","hentry"],"_links":{"self":[{"href":"https:\/\/vjeronauk.net\/index.php?rest_route=\/wp\/v2\/pages\/334","targetHints":{"allow":["GET"]}}],"collection":[{"href":"https:\/\/vjeronauk.net\/index.php?rest_route=\/wp\/v2\/pages"}],"about":[{"href":"https:\/\/vjeronauk.net\/index.php?rest_route=\/wp\/v2\/types\/page"}],"author":[{"embeddable":true,"href":"https:\/\/vjeronauk.net\/index.php?rest_route=\/wp\/v2\/users\/5"}],"replies":[{"embeddable":true,"href":"https:\/\/vjeronauk.net\/index.php?rest_route=%2Fwp%2Fv2%2Fcomments&post=334"}],"version-history":[{"count":2,"href":"https:\/\/vjeronauk.net\/index.php?rest_route=\/wp\/v2\/pages\/334\/revisions"}],"predecessor-version":[{"id":374,"href":"https:\/\/vjeronauk.net\/index.php?rest_route=\/wp\/v2\/pages\/334\/revisions\/374"}],"up":[{"embeddable":true,"href":"https:\/\/vjeronauk.net\/index.php?rest_route=\/wp\/v2\/pages\/325"}],"wp:attachment":[{"href":"https:\/\/vjeronauk.net\/index.php?rest_route=%2Fwp%2Fv2%2Fmedia&parent=334"}],"curies":[{"name":"wp","href":"https:\/\/api.w.org\/{rel}","templated":true}]}}