{"id":363,"date":"2011-04-26T09:37:25","date_gmt":"2011-04-26T09:37:25","guid":{"rendered":"http:\/\/vjeronauk.net\/?page_id=363"},"modified":"2011-04-26T10:26:04","modified_gmt":"2011-04-26T10:26:04","slug":"ispit-savjesti-djeca","status":"publish","type":"page","link":"https:\/\/vjeronauk.net\/?page_id=363","title":{"rendered":"Ispit savjesti &#8211; djeca"},"content":{"rendered":"<p>(prema Deset zapovijedi)<\/p>\n<p>Kad sam se ispovjedio zadnji put? Je li pro\u0161lo vi\u0161e od godine dana od moje zadnje sv. ispovijedi?<\/p>\n<p>1. Jesam li namjerno zatajio neki grijeh na ispovijedi? Primio Kristovo Tijelo u stanju te\u0161koga grijeha? Jesam li se stidio pokazati da sam vjernik? Bio praznovjeran; odobravao tu\u0111e grijehe, nevjeru, praznovjerje? Jesam li se trudio upoznati svoju vjeru?<\/p>\n<p>2. Molim li se Bogu? Kako se molim? Molim li za druge, zahvaljujem li Bogu za darove koje mi daje? Je li mi pro\u0161ao i jedna dan da nisam pomislio na Boga? &#8230;da se nisam pomolio? Jesam li bez velikog razloga propustio sv. Misu? Kako se pona\u0161am za vrijeme sv. Mise? Smetam li drugima koji se mole; molim li skupa s njima; odijevam li se doli\u010dno kad ulazim u crkvu?<\/p>\n<p>3. Jesam li uzalud spominjao Bo\u017eje Ime, psovao, krivo se zakleo, obe\u0107ao ne\u0161to a nisam izvr\u0161io?<\/p>\n<p>4. Pokazujem li svojim roditeljima da ih volim; po\u0161tujem li ih dovoljno; slu\u0161am; jesam li drzak i bezobrazan prema njima; trudim li se pomogati im; sva\u0111am li se s njima? A s bra\u0107om i sestrama?<\/p>\n<p>5. Odobravam li poba\u010daj, eutanaziju, samoubojstvo, zlo\u010din, nasilje? Postoji li netko da ga ja ne po\u0161tujem zbog nacije, spola, boje ko\u017ee&#8230;? Kako se pona\u0161am prema mla\u0111ima od sebe, prema slabijima? Sva\u0111am li se \u010desto? Tu\u010dem; srdim; prezirem druge? Jesam li neumjeren u jelu i pi\u0107u, jesam li se opio, uzeo drogu, sabla\u017enjavao druge&#8230;?<\/p>\n<p>6.- 9. Jesam li govorio nepristojne, besramne rije\u010di, \u010ditao proste, sabla\u017enjive \u010dasopise, gledao pokvarene filmove? Jesam li postupao doli\u010dno sa svojim tijelom? &#8211; ono je hram Duha Svetoga?<\/p>\n<p>7. 10. Trudim li se izvr\u0161iti svoje obaveze u \u0161koli, ku\u0107i, Crkvi??? Jesam li nekome ne\u0161to namjerno pokvario, ukrao, u\u010dinio nemarno, jesam li spreman tu\u0111e vratiti? Jesam li previ\u0161e sebi\u010dan? Poma\u017eem li drugima? Jesam li \u0161krt? Mrzim li nekoga? \u017delim li ikome zlo? Jesam li zavidan?<\/p>\n<p>8. Jesam li spreman oprostiti uvredu, prvi se pomiriti? Vrije\u0111am li druge? La\u017e!!! Jesam li lagao; nekoga nepravedno optu\u017eio; prigovarao bez potrebe; bio licemjeran, klevetao, odbio se pomiriti. Trebam li se kome ispri\u010dati za nepravdu koju sam mu svojim jezikom nanio?<\/p>\n<p><em><span style=\"color: #003366;\">Grijeha u mom \u017eivotu \u0107e uvijek biti. Ho\u0107u li im se prepustiti ili \u0107u se boriti protiv grijeha? Ako i upadnem u grijeh, pred Bogom je odlu\u010duju\u0107a moja volja, nakana, nastojanje. Budem li u planini ili u mo\u010dvari uvijek mogu pogledati prema gore, a tu me \u010deka Krist koji pra\u0161ta i ka\u017ee idi i ne grije\u0161i vi\u0161e.<\/span><\/em><\/p>\n","protected":false},"excerpt":{"rendered":"<p>(prema Deset zapovijedi) Kad sam se ispovjedio zadnji put? Je li pro\u0161lo vi\u0161e od godine dana od moje zadnje sv. ispovijedi? 1. Jesam li namjerno zatajio neki grijeh na ispovijedi? Primio Kristovo Tijelo u stanju te\u0161koga grijeha? Jesam li se stidio pokazati da sam vjernik? Bio praznovjeran; odobravao tu\u0111e grijehe, nevjeru, praznovjerje? Jesam li se &hellip; <a href=\"https:\/\/vjeronauk.net\/?page_id=363\" class=\"more-link\">Nastavi \u010ditati <span class=\"screen-reader-text\">Ispit savjesti &#8211; djeca<\/span><\/a><\/p>\n","protected":false},"author":5,"featured_media":0,"parent":355,"menu_order":1,"comment_status":"closed","ping_status":"closed","template":"onecolumn-page.php","meta":{"footnotes":""},"class_list":["post-363","page","type-page","status-publish","hentry"],"_links":{"self":[{"href":"https:\/\/vjeronauk.net\/index.php?rest_route=\/wp\/v2\/pages\/363","targetHints":{"allow":["GET"]}}],"collection":[{"href":"https:\/\/vjeronauk.net\/index.php?rest_route=\/wp\/v2\/pages"}],"about":[{"href":"https:\/\/vjeronauk.net\/index.php?rest_route=\/wp\/v2\/types\/page"}],"author":[{"embeddable":true,"href":"https:\/\/vjeronauk.net\/index.php?rest_route=\/wp\/v2\/users\/5"}],"replies":[{"embeddable":true,"href":"https:\/\/vjeronauk.net\/index.php?rest_route=%2Fwp%2Fv2%2Fcomments&post=363"}],"version-history":[{"count":5,"href":"https:\/\/vjeronauk.net\/index.php?rest_route=\/wp\/v2\/pages\/363\/revisions"}],"predecessor-version":[{"id":381,"href":"https:\/\/vjeronauk.net\/index.php?rest_route=\/wp\/v2\/pages\/363\/revisions\/381"}],"up":[{"embeddable":true,"href":"https:\/\/vjeronauk.net\/index.php?rest_route=\/wp\/v2\/pages\/355"}],"wp:attachment":[{"href":"https:\/\/vjeronauk.net\/index.php?rest_route=%2Fwp%2Fv2%2Fmedia&parent=363"}],"curies":[{"name":"wp","href":"https:\/\/api.w.org\/{rel}","templated":true}]}}