{"id":366,"date":"2011-04-26T10:20:46","date_gmt":"2011-04-26T10:20:46","guid":{"rendered":"http:\/\/vjeronauk.net\/?page_id=366"},"modified":"2012-03-09T21:28:23","modified_gmt":"2012-03-09T20:28:23","slug":"ispit-savjesti-odrasli","status":"publish","type":"page","link":"https:\/\/vjeronauk.net\/?page_id=366","title":{"rendered":"Ispit savjesti &#8211; odrasli"},"content":{"rendered":"<p><strong>Ispit savjesti \u2013 priprava za dobru ispovijed<\/strong><\/p>\n<p>Prije svega trebamo se pitati: kad sam se zadnji put ispovijedio-la? Je li moja zadnja ispovijed bila valjana? Jesam li izvr\u0161io-la zadanu pokoru? Jesam li zlo koje sam po\u010dinio-la bli\u017enjemu ispravio-la? Ispovijedam li se suvi\u0161e rijetko? \u017divim li dulje vrijeme u te\u0161kom grijehu i zato sam optere\u0107en-a i bezvoljan-a u svome \u017eivotu? (Za intenzivniji duhovni \u017eivot bilo bi dobro ispovijedati se barem jednom mjese\u010dno ili \u010de\u0161\u0107e ako imamo te\u0161ki grijeh i pri\u010de\u0161\u0107ivati se svake nedjelje i blagdana, ako nemamo te\u0161kog grijeha.) Pristupam li sakramentu sv. Ispovijedi s iskrenom nakanom \u010di\u0161\u0107enja du\u0161e i osloba\u0111anja svojeg bi\u0107a od tereta grijeha, obra\u0107enja, obnove \u017eivota i produbljenja prijateljstva s Bogom ili pak pristupam iz obi\u010daja, bez prave \u017eelje za popravkom \u017eivota ? Kajem li se iskreno za svoje grijehe? Jesam li svjesna-tan koliko mi upropa\u0161\u0107uju \u017eivot? Odri\u010dem li se iskreno svakoga grijeha i odlu\u010dujem li iskreno da vi\u0161e ne\u0107u grije\u0161iti ili mislim nastaviti grije\u0161iti i poslije ispovijedi? (Ako nema iskrenog kajanja i odluke da vi\u0161e ne\u0107emo grije\u0161iti, kao i ako svojevoljno zatajimo neki te\u0161ki grijeh, ispovijed nije valjana i ne opra\u0161taju nam se grijesi. Tako \u010dinimo jo\u0161 i novi grijeh, tj. svetogrdno se ispovijedamo i primamo sakramente bez prave nakane. Svaka sv. Ispovijed je zapravo obra\u0107anje i odricanje od svakoga pa i najmanjega grijeha i potpuno opredjeljenje za Krista i \u017eivot u njegovoj ljubavi i milosti.). O koliki su propali radi manjkave ispovijedi! znamenita je re\u010denica sv. Terezije Avilske.<\/p>\n<p><strong>Grijesi protiv deset Bo\u017ejih zapovijedi<\/strong><\/p>\n<p><strong>1. Ja sam Gospodin Bog tvoj i nemaj drugih bogova uz mene!<\/strong><strong> <\/strong><br \/>\nJe li mi Bog na prvome mjestu u \u017eivotu? Imam li neke druge bogove uz Njega? Npr. novac i materijalno bogatstvo, karijera, ugled, \u010dast, vlast, dobar glas, tijelo i tjelesnost, presti\u017e u dru\u0161tvu i me\u0111u ro\u0111acima i prijateljima, sebeljublje, odje\u0107a i vanjski izgled&#8230; Jesu li mi mo\u017eda drugi ljudi (sporta\u0161i, politi\u010dari, glumci) ili mo\u017eda stvari (kompjuter, automobil, ku\u0107a,), idoli ili bogovi? Jesam li sumnjao o vjeri? Dajem li Bogu dovoljno svoga vremena? Molim li redovito ili kroz dulja razdoblja zapu\u0161tam molitvu? Jesam li rastresen-a, brzoplet-a u molitvi ili na misi? \u010citam li Bibliju, vjerske knjige ili \u010dasopise i tako produbljujem svoju vjeru? Tra\u017eim li Boga iskrenim srcem? Vjerujem li iskreno u Bo\u017eju pomo\u0107 u \u017eivotu? Jesam li mrzio Boga ili mu prigovarao-la zbog kri\u017eeva, patnje ili bolesti? Jesam li praznovjeran-na? Idem li nadrilije\u010dnicima, bioenergeti\u010darima, radiestezistima&#8230; Jesam li i\u0161ao-la na te\u010dajeve transcendentalne meditacije, joge, sudjelovao u obredima isto\u010dnja\u010dkih sekti (Sai Babin pokret, Hari Kri\u0161na, Bahai, New Age, i sl.)? Jesam li sam-a ili mi je netko drugi gatao u \u0161alicu, dlan, karte ili sli\u010dno? \u010citam li horoskop, vjerujem li zvijezdama? Zahvaljujem li Bogu za sva dobro\u010dinstva u svome \u017eivotu? Jesam li zatajio-la svoju vjeru iz obzira, stida i straha? Izrugujem li se drugima zbog vjere? Pripadam li kakvom dru\u0161tvu ili stranci koja nije\u010de Boga ili relativizira moral? Jesam li kad po\u010dinio-la svetogr\u0111e, primao-la Pri\u010dest ili druge sakramente u te\u0161kom grijehu, oskvrnuo-la Bogu posve\u0107ene predmete ili osobe? Jesam li ogovarao-la ili klevetao-la Bogu posve\u0107ene osobe ( biskupe, sve\u0107enike, redovnike i redovnice&#8230;)<\/p>\n<p><strong>2. Ne izusti Imena Gospodina Boga svoga uzalud!<\/strong><br \/>\nJesam li psovao-la, zaklinjao-la, kr\u0161io-la zavjete, uzaludno i bespotrebno izgovarao-la Ime Bo\u017eje ili imena svetaca? Po\u0161tujem li svetost Bo\u017ejeg Imena? Prosta\u010dim li i \u010desto i bespotrebno spominjem \u0111avla? Proklinjem li?<\/p>\n<p><strong>3. Spomeni se da svetkuje\u0161 Dan Gospodnji!<\/strong><br \/>\nNedolazak na Svetu misu u nedjelje i zapovijedane blagdane (Bo\u017ei\u0107, Tijelovo, Veliku Gospu i Svi svete) je grijeh. Rad nedjeljom ili zapovijedanim blagdanom, obavljanje na Dan Gospodnji onih poslova koje radimo svakodnevno tako\u0111er. Dan Gospodnji se mora razlikovati po djelatnostima od ostalih dana i treba vi\u0161e biti posve\u0107en Bogu. Jesam li u adventu i korizmi bio na javnim zabavama? Zaka\u0161njenje na Sv. misu, rastresenost i nedovoljna pa\u017enja na Sv. misi. Jesam li izvr\u0161io svoju uskrsnu du\u017enost (Sv. Ispovijed i Pri\u010dest o Uskrsu)? Minimalizam u vjeri (kad \u010dinimo samo ono \u0161to je propisano i ni\u0161ta vi\u0161e od toga). Dolazak na Sv. misu samo iz obi\u010daja i nevjerovanje u vrijednost, veli\u010dinu i duhovnu korist Sv. mise. Nedavanje priloga za potrebe Crkve i siroma\u0161nih. Jesti meso petkom i neodr\u017eavati post na \u010cistu srijedu i Veliki petak.<\/p>\n<p><strong>4. Po\u0161tuj oca i majku da dugo \u017eivi\u0161 i dobro ti bude na zemlji!<\/strong><br \/>\nNeslu\u0161anje, preziranje i nepo\u0161tovanje roditelja, starijih, u\u010ditelja&#8230; Nepo\u0161tovanje roditeljskog autoriteta. Neposje\u0107ivanje roditelja, nepomaganje u potrebi i nezahvalnost prema njima. Lo\u0161e mi\u0161ljenje ili govorenje o njima. Roditelji se trebaju pitati: daju li dobar primjer djeci u vjerskome \u017eivotu, brinu li se materijalno i duhovno za djecu, pou\u010davaju li djecu o molitvi, vjerskim istinama i kr\u0161\u0107anskom moralu, prate li \u0161to im djeca \u010ditaju (\u010dasopise koji su ispod razine kr\u0161\u0107anskog morala) i gdje sve izlaze? Jesu li prema djeci bili previ\u0161e grubi, ili previ\u0161e popustljivi, nepravedni, navodili ih na grijeh ili davali lo\u0161 primjer, napustili obitelj ili nanosili obitelji trpljenje lo\u0161im \u017eivotom, kockanjem, pijanstvom, lo\u0161im dru\u0161tvom.<\/p>\n<p>&nbsp;<\/p>\n<p><strong>5. Ne ubij!<\/strong><br \/>\nUbojstvo, poba\u010daj, tu\u010dnjave, uvrede, sva\u0111e, prepirke, neumjerenost u jelu i pi\u0107u, davanje lo\u0161eg primjera, droga, nano\u0161enje \u0161tete vlastitom i tu\u0111em zdravlju, prijetnje i mu\u010denje drugih ljudi, vrije\u0111anja, poni\u017eavanja drugih, optu\u017eivanje, samoubojstvo, \u017eeljeti sebi ili drugima zlo ili smrt, osveta, mr\u017enja, nepra\u0161tanje, mrzovolja, pesimizam. Nagovaranje ili sudjelovanje kod poba\u010daja ili ubojstva (jednak grijeh kod poba\u010daja imaju majka i otac: svi koji sudjeluju, poma\u017eu ili nagovaraju kod poba\u010daja), \u010dedomorstvo, srditost, gnjev, ljutnja&#8230; Oholost, egoizam, \u0161krtost, sebi\u010dnost i pretjerana obuzetost sobom&#8230; Pretjerana izbirljivost i gurmanstvo u jelima, \u0161koditi zdravlju pretjeranim dijetama i postovima radi vanjskog izgleda. Nepo\u0161tivanje prirodnog dnevnog ritma: prekasno odla\u017eenje na spavanje nave\u010der ili predugo spavanje po danu. Odlasci u previ\u0161e mra\u010dne, zadimljene i bu\u010dne disco-clubove ili kafi\u0107e i ostajanje u njima do dugo u no\u0107, raskala\u0161ene zabave bilo koje vrste&#8230;<br \/>\nPretjerano izbivanje i zapostavljanje obitelji zbog hodanja po gostionicama i drugdje, kockanje za novac&#8230; Op\u0107enito nepa\u017enja na disciplinu i urednost u \u017eivotu, lijenost i neurednost bilo koje vrste, pretjerano gledanje TV-a, pretjerano pu\u0161enje&#8230; Bespotrebno izostajanje iz \u0161kole ili fakulteta, neu\u010denje i op\u0107enito neizvr\u0161avanje svojih obveza u \u0161koli i na poslu. Lijenost u pomaganju roditeljima u ku\u0107i.<\/p>\n<p><strong>6. Ne sagrije\u0161i bludno!<\/strong><br \/>\nBesramne i bludne misli, rije\u010di i djela, po\u017eudni pogledi, \u010ditanje i gledanje nepristojnih i pornografskih filmova, knjiga i \u010dasopisa. Preslobodno ma\u017eenje i pona\u0161anje prema mladi\u0107u ili djevojci, tzv. &#8220;filmski poljupci prije braka&#8221;. U braku \u2013 \u010duvanje od za\u010de\u0107a bilo kakvim kemijskim ili mehani\u010dkim sredstvima (spirala \u2013 koja je abortivno sredstvo, kondom, pilula \u2013 tako\u0111er ponekad abortivno djeluje, dijafragma, te sterilizacija i umjetna oplodnja&#8230;). Izbjegavanje potomstva i strah od djece &#8211; egoizam udvoje, (za planiranje obitelji dopu\u0161tena je samo metoda plodnih i neplodnih dana, koja je i najzdravija i najbolje izgra\u0111uje bra\u010dnu ljubav). Nedoli\u010dno i ne\u010dedno pona\u0161anje. Seksualni odnosi prije braka, preljub, samozadovoljavanje, homoseksualni odnosi, pretjerana tjelesnost i obuzetost seksom i drugim spolom. Perverzije u braku. Nedoli\u010dno i previ\u0161e izazovno odijevanje, previ\u0161e kratka ili previ\u0161e uska odje\u0107a&#8230; \u017divljenje u nesakramentalnom braku (osobe koje \u017eive u nesakramentalnom braku ne mogu primiti sv. Ispovijed ni bilo koji drugi sakramenat, osim u slu\u010daju smrtne opasnosti ). Odla\u017eenje na nudisti\u010dku pla\u017eu&#8230;<\/p>\n<p><strong>7. Ne ukradi<\/strong><br \/>\nKra\u0111a, uzimanje stvari iz poduze\u0107a ili s javnih mjesta, uni\u0161tavanje javne dru\u0161tvene imovine, prijevara, previ\u0161e laka i nedopu\u0161tena zarada, sumnjivi poslovi, o\u0161te\u0107ivanje drugih, nevra\u0107anje duga (ukradeno smo du\u017eni vratiti ili nadoknaditi ako je mogu\u0107e ili istu vrijednost dati za siroma\u0161ne), gramzljivost za novcem i materijalnim, primanje mita, nedovoljno cijenjenje truda i napora drugih. \u0160vercanje u tramvaju i autobusu ako imamo mogu\u0107nost pla\u0107anja. Nedovoljan trud i neodgovornost u radu, lijenost. Uskra\u0107ivanje pla\u0107e radniku je te\u0161ki, u nebo vapiju\u0107i grijeh.<\/p>\n<p><strong>8. Ne reci la\u017ena svjedo<\/strong><strong>\u010danstva!<\/strong><br \/>\nSitne i krupne la\u017ei, neiskrenost, hvalisanje, suvi\u0161ne i bespotrebne rije\u010di, neozbiljnost, ogovaranje tj. izno\u0161enje tu\u0111ih pogre\u0161aka, klevete tj. izmi\u0161ljanje ili uveli\u010davanje tu\u0111ih mana ili pogre\u0161aka, la\u017ena obe\u0107anja, uznositost, ta\u0161tina, oholost, sebi\u010dnost, kritiziranje, prigovaranje, su\u0111enje i osu\u0111ivanje drugih, neodgovornost, ravnodu\u0161nost, tvrdo\u0107a srca na tu\u0111e nevolje.<\/p>\n<p><strong>9. Ne po\u017eeli tu<\/strong><strong>\u0111eg \u017eenidbenog druga!<\/strong><br \/>\n\u017deljeti tu\u0111eg \u017eenidbenog druga ili u\u010diniti s njime preljub. U\u010diniti brakolomstvo. Biti previ\u0161e prisan i previ\u0161e se vi\u0111ati s tu\u0111im \u017eenidbenim drugom.<\/p>\n<p><strong>10. Ne po\u017eeli nikakve tu<\/strong><strong>\u0111e stvari!<\/strong><br \/>\nZavist i natjecanje s drugima u stjecanju materijalnih dobara, \u0161krtost. Materijalizam i obuzetost novcem i stjecanjem materijalnih dobara, a zanemarivanje duhovne dimenzije \u010dovjeka od koje se zapravo \u017eivi. &#8220;Ne \u017eivi \u010dovjek samo o kruhu, nego i o svakoj rije\u010di koja izlazi iz usta Bo\u017ejih&#8221;, re\u010de Isus i &#8220;Tra\u017eite najprije Bo\u017eje Kraljevstvo, a sve \u0107e vam se ostalo nadodati.&#8221;<\/p>\n<p>Ima\u0161 li osim ovoga koji drugi te\u0161ki grijeh? \u0160to misli\u0161, koja je tvoja najve\u0107a mana ili pogre\u0161ka?<\/p>\n<p><em>Isus nikada ne\u0107e odbiti ni najve\u0107eg grje\u0161nika, ako ovaj moli njegovo milosr\u0111e. Ono \u0161to Bog jedino od nas o\u010dekuje jest na\u0161a ljubav. Ako iskreno ljubimo Boga, onda nema tako velikog grijeha kojeg nam On ne bi oprostio. Pristupimo zato k ispovijedi iskreno, ponizno i skru\u0161eno.<\/em><\/p>\n","protected":false},"excerpt":{"rendered":"<p>Ispit savjesti \u2013 priprava za dobru ispovijed Prije svega trebamo se pitati: kad sam se zadnji put ispovijedio-la? Je li moja zadnja ispovijed bila valjana? Jesam li izvr\u0161io-la zadanu pokoru? Jesam li zlo koje sam po\u010dinio-la bli\u017enjemu ispravio-la? Ispovijedam li se suvi\u0161e rijetko? \u017divim li dulje vrijeme u te\u0161kom grijehu i zato sam optere\u0107en-a i &hellip; <a href=\"https:\/\/vjeronauk.net\/?page_id=366\" class=\"more-link\">Nastavi \u010ditati <span class=\"screen-reader-text\">Ispit savjesti &#8211; odrasli<\/span><\/a><\/p>\n","protected":false},"author":5,"featured_media":0,"parent":355,"menu_order":3,"comment_status":"closed","ping_status":"closed","template":"","meta":{"footnotes":""},"class_list":["post-366","page","type-page","status-publish","hentry"],"_links":{"self":[{"href":"https:\/\/vjeronauk.net\/index.php?rest_route=\/wp\/v2\/pages\/366","targetHints":{"allow":["GET"]}}],"collection":[{"href":"https:\/\/vjeronauk.net\/index.php?rest_route=\/wp\/v2\/pages"}],"about":[{"href":"https:\/\/vjeronauk.net\/index.php?rest_route=\/wp\/v2\/types\/page"}],"author":[{"embeddable":true,"href":"https:\/\/vjeronauk.net\/index.php?rest_route=\/wp\/v2\/users\/5"}],"replies":[{"embeddable":true,"href":"https:\/\/vjeronauk.net\/index.php?rest_route=%2Fwp%2Fv2%2Fcomments&post=366"}],"version-history":[{"count":4,"href":"https:\/\/vjeronauk.net\/index.php?rest_route=\/wp\/v2\/pages\/366\/revisions"}],"predecessor-version":[{"id":1023,"href":"https:\/\/vjeronauk.net\/index.php?rest_route=\/wp\/v2\/pages\/366\/revisions\/1023"}],"up":[{"embeddable":true,"href":"https:\/\/vjeronauk.net\/index.php?rest_route=\/wp\/v2\/pages\/355"}],"wp:attachment":[{"href":"https:\/\/vjeronauk.net\/index.php?rest_route=%2Fwp%2Fv2%2Fmedia&parent=366"}],"curies":[{"name":"wp","href":"https:\/\/api.w.org\/{rel}","templated":true}]}}