{"id":383,"date":"2011-04-29T14:43:27","date_gmt":"2011-04-29T12:43:27","guid":{"rendered":"http:\/\/vjeronauk.net\/?page_id=383"},"modified":"2023-12-07T00:10:59","modified_gmt":"2023-12-06T23:10:59","slug":"molitva","status":"publish","type":"page","link":"https:\/\/vjeronauk.net\/?page_id=383","title":{"rendered":"Molitva"},"content":{"rendered":"<figure id=\"attachment_106\" aria-describedby=\"caption-attachment-106\" style=\"width: 300px\" class=\"wp-caption alignright\"><a href=\"http:\/\/vjeronauk.net\/wp-content\/uploads\/2011\/02\/time_for_prayer_by_enko97-d3agci1.jpg\"><img loading=\"lazy\" decoding=\"async\" class=\"size-medium wp-image-106 \" title=\"time_for_prayer_by_enko97\" src=\"http:\/\/vjeronauk.net\/wp-content\/uploads\/2011\/02\/time_for_prayer_by_enko97-d3agci1-300x199.jpg\" alt=\"\" width=\"300\" height=\"199\" srcset=\"https:\/\/vjeronauk.net\/wp-content\/uploads\/2011\/02\/time_for_prayer_by_enko97-d3agci1-300x199.jpg 300w, https:\/\/vjeronauk.net\/wp-content\/uploads\/2011\/02\/time_for_prayer_by_enko97-d3agci1.jpg 800w\" sizes=\"auto, (max-width: 300px) 100vw, 300px\" \/><\/a><figcaption id=\"caption-attachment-106\" class=\"wp-caption-text\">Foto: Tanja Laki\u0107<\/figcaption><\/figure>\n<p>Molitvom izra\u017eavamo ono \u0161to nam je veoma va\u017eno i dragocjeno u na\u0161em ljudskom i vjerni\u010dkom \u017eivotu. Njome izri\u010demo svoja duboka osje\u0107anja, svoja razmi\u0161ljanja i svoje gledanje na \u017eivot, na Boga, na ljude koje susre\u0107emo i one koje nismo upoznali ali znamo da s njima dijelimo istu ljudsku i vjerni\u010dku sudbinu. Molitvom izra\u017eavamo svoju ljubav i svoju vjeru prema Bogu i prema ljudima. Va\u017eno je stoga da nam molitva bude u srcu i na usnama tijekom cijelog na\u0161eg \u017eivota, osobito u trenucima koji imaju posebno zna\u010denje u na\u0161em danu, u na\u0161em tjednu, mjesecu i godini.<br \/>\nMolitva je kao disanje cijeloga na\u0161eg duhovno-tjelesnog bi\u0107a, pa je potrebno da u svakodnevnom \u017eivotu po\u0161tujemo njezin \u00bbritam\u00ab, da sve va\u017enije trenutke svoga \u017eivota<br \/>\n\u00bbprodahnemo\u00ab molitvom. Molitva nam mo\u017ee biti raznolika i bogata kao \u0161to nam je i \u017eivot raznolik i bogat razli\u010ditim iskustvima. Molitvu mo\u017eemo izricati vlastitim rije\u010dima koje nam spontano izviru iz srca, u molitvi se mo\u017eemo poslu\u017eiti rije\u010dima koje pronalazimo u Svetome pismu, \u010dasoslovu ili kojoj drugoj liturgijskoj knjizi, a mo\u017eemo tako\u0111er posegnuti za molitvenikom ili nekom drugom knjigom gdje \u0107emo izabrati molitve koje \u0107emo najradije moliti u odre\u0111enom trenutku. U svakom slu\u010daju, potrebno je da uvijek nastojimo da nam molitva bude osoban i iskren govor Bogu kome se obra\u0107amo da bismo mu izrekli svoju radost, svoju zahvalnost i svoje \u017eelje, i da bismo \u0161to dublje naslutili i razumjeli<br \/>\n\u0161to on tra\u017ei od nas. Kao nadahnu\u0107e za na\u0161u molitvu u va\u017enijim trenucima na\u0161ega \u017eivota, donosim izbor molitava iz molitvenika, Svetoga pisma, \u010dasoslova i drugih knjiga.<\/p>\n<p><span style=\"color: #003366;\"><em>Stoga budni budite i u svako doba molite da uzmognete uma\u0107i svemu tomu \u0161to se ima <\/em><\/span><br \/>\n<em><span style=\"color: #003366;\">zbiti i stati pred Sina \u010covje\u010djega.<\/span>(Lk 21,36)<\/em><\/p>\n\n\n<p class=\"has-text-color has-link-color has-medium-font-size wp-elements-81017beb5f899918257c6bf709d7a772\" style=\"color:#063085\"><strong>Osnovne molitve<\/strong>:<\/p>\n\n\n<p><span style=\"color: #000080;\">VJEROVANJE APOSTOLSKO<\/span><\/p>\n<p>Vjerujem u Boga, Oca svemogu\u0107ega,<br \/>Stvoritelja neba i zemlje.<br \/>I u Isusa Krista, Sina njegova jedinoga,<br \/>Gospodina na\u0161ega,<br \/>koji je za\u010det po Duhu Svetom,<br \/>ro\u0111en od Marije Djevice,<br \/>mu\u010den pod Poncijem Pilatom,<br \/>raspet, umro i pokopan;<br \/>sa\u0161ao nad pakao;<br \/>tre\u0107i dan uskrsnuo od mrtvih;<br \/>uza\u0161ao na nebesa,<br \/>sjedi o desnu Boga Oca svemogu\u0107ega;<br \/>odonud \u0107e do\u0107i suditi \u017eive i mrtve.<br \/>Vjerujem u Duha Svetoga,<br \/>svetu Crkvu katoli\u010dku, op\u0107instvo svetih,<br \/>opro\u0161tenje grijeha,<br \/>uskrsnu\u0107e tijela, i \u017eivot vje\u010dni. -Amen.<\/p>\n<p><span style=\"color: #000080;\">NICEJSKO-CARIGRADSKO VJEROVANJE<\/span><\/p>\n<p>Vjerujem u jednoga Boga, Oca svemogu\u0107ega, stvoritelja neba i zemlja, svega vidljivoga i nevidljivoga. I u jednoga Gospodina Isusa Krista, jedinoro\u0111enoga Sina Bo\u017ejega. Ro\u0111enog od Oca prije svih vjekova. Boga od Boga, svjetlo od svjetla, pravoga Boga od pravoga Boga. Ro\u0111ena, ne stvorena, istobitna s Ocem, po kome je sve stvoreno. Koji je radi nas ljudi i radi na\u0161ega spasenja si\u0161ao s nebesa. I utjelovio se po Duhu Svetom od Marije Djevice: i postao \u010dovjekom. Raspet tako\u0111er za nas: pod Poncijem Pilatom mu\u010den i pokopan. I uskrsnuo tre\u0107i dan, po Svetom Pismu. I uza\u0161ao na nebo: sjedi s desne Ocu. I opet \u0107e do\u0107i u slavi suditi \u017eive i mrtve, i njegovu kraljevstvu ne\u0107e biti kraja. I u Duha Svetoga, Gospodina i \u017eivotvorca; koji izlazi od Oca i Sina. Koji se s Ocem i Sinom skupa \u010dasti i zajedno slavi; koji je govorio po prorocima. I u jednu svetu katoli\u010dku i apostolsku Crkvu. Ispovijedam jedno kr\u0161tenje za opro\u0161tenje grijeha. I i\u0161\u010dekujem uskrsnu\u0107e mrtvih. I \u017eivot budu\u0107ega vijeka. Amen.<\/p>\n<p><span style=\"color: #000080;\">O\u010cE NA\u0160<\/span><\/p>\n<p>O\u010de na\u0161, koji jesi na nebesima,<br \/>sveti se ime tvoje,<br \/>do\u0111i kraljevstvo tvoje,<br \/>budi volja tvoja,<br \/>kako na nebu tako i na zemlji.<br \/>Kruh na\u0161 svagdanji daj nam danas.<br \/>I otpusti nam duge na\u0161e<br \/>kako i mi otpu\u0161tamo du\u017enicima na\u0161im.<br \/>I ne uvedi nas u napast,<br \/>nego izbavi nas od zla. Amen.<\/p>\n<p><span style=\"color: #000080;\">ZDRAVO MARIJO<\/span><\/p>\n<p>Zdravo Marijo, milosti puna,<br \/>Gospodin s tobom!<br \/>Blagoslovljena ti me\u0111u \u017eenama,<br \/>i blagoslovljen plod utrobe tvoje Isus.<br \/>Sveta Marijo, Majko Bo\u017eja,<br \/>moli za nas gre\u0161nike<br \/>sada i na \u010das smrti na\u0161e. Amen.<\/p>\n<p><span style=\"color: #000080;\">SLAVA OCU<\/span><\/p>\n<p>Slava Ocu i Sinu i Duhu Svetomu.<br \/>Kako bija\u0161e na po\u010detku,<br \/>tako i sada i vazda,<br \/>i u vijeke vjekova. Amen.<\/p>\n<p><span style=\"color: #000080;\">AN\u0110EO GOSPODNJI<\/span><\/p>\n<p>An\u0111eo Gospodnji navijestio Mariji,<br \/>i ona je za\u010dela po Duhu Svetom.<br \/>Zdravo Marijo&#8230;<br \/>Evo slu\u017ebenice Gospodnje.<br \/>Neka mi bude po rije\u010di tvojoj.<br \/>Zdravo Marijo&#8230;<br \/>I Rije\u010d je tijelom postala.<br \/>i prebivala me\u0111u nama.<br \/>Zdravo Marijo&#8230;<br \/>Moli za nas, sveta Bogorodice!<br \/>Da dostojni postanemo obe\u0107anja Kristovih.<br \/>Pomolimo se.<br \/>Milost svoju, molimo Te, Gospodine, ulij u du\u0161e na\u0161e,<br \/>da mi, koji smo po an\u0111elovu navje\u0161tenju spoznali utjelovljenje Krista, Sina Tvoga, po muci njegovoj i kri\u017eu k slavi uskrsnu\u0107a privedeni budemo. Po istom Kristu Gospodinu na\u0161em. Amen.<br \/>Slava Ocu\u2026<\/p>\n<p><span style=\"color: #000080;\">KRALJICE NEBA<\/span><\/p>\n<p>Kraljice neba, raduj se, Aleluja.<br \/>Jer koga si bila dostojna nositi, Aleluja.<br \/>Uskrsnu, kako je rekao, Aleluja.<br \/>Moli za nas Boga, Aleluja.<br \/>Veseli se i raduj, Djevice Marijo, Aleluja.<br \/>Jer je uskrsnuo Gospodin uistinu, Aleluja.<br \/>Pomolimo se. Bo\u017ee, koji si se udostojao razveseliti svijet<br \/>uskrsnu\u0107em svoga Sina, Gospodina na\u0161ega Isusa Krista, daj,<br \/>molimo te, da po njegovoj Majci, Djevici Mariji, postignemo<br \/>radosti vje\u010dnoga \u017eivota. Po istom Kristu Gospodinu na\u0161em.<br \/>Amen.<\/p>\n<p><span style=\"color: #000080;\">ZDRAVO, KRALJICE<\/span><\/p>\n<p>Zdravo, Kraljice, Majko milosr\u0111a, \u017eivote, slasti i ufanje<br \/>na\u0161e, zdravo! K tebi vapijemo prognani sinovi Evini. K tebi<br \/>uzdi\u0161emo, tuguju\u0107i i pla\u010du\u0107i u ovoj suznoj dolini. Svrni,<br \/>dakle, zagovornice na\u0161a, one svoje milostive o\u010di na nas te<br \/>nam poslije ovoga progona poka\u017ei Isusa, blagoslovljeni plod<br \/>utrobe svoje.<br \/>O blaga, o mila, o slatka djevice Marijo!<\/p>\n\n\n<p class=\"has-text-color has-link-color wp-elements-5f07bdcb7c573170abc0f72ded739da3\" style=\"color:#040d84\">MOLITVA AN\u0110ELU \u010cUVARU<\/p>\n\n\n\n<p>An\u0111ele \u010duvaru mili<br>svojom snagom me zakrili.<br>Prema Bo\u017ejem obe\u0107anju<br>\u010duvaj mene no\u0107u, danju.<br>Osobito pak me brani<br>da mi du\u0161u grijeh ne rani.<br>A&nbsp;kad s ovog svijeta po\u0111em<br>sretno da u nebo do\u0111em,<br>da se ondje s Tobom mogu<br>vijekom klanjat dragom Bogu.<\/p>\n","protected":false},"excerpt":{"rendered":"<p>Molitvom izra\u017eavamo ono \u0161to nam je veoma va\u017eno i dragocjeno u na\u0161em ljudskom i vjerni\u010dkom \u017eivotu. Njome izri\u010demo svoja duboka osje\u0107anja, svoja razmi\u0161ljanja i svoje gledanje na \u017eivot, na Boga, na ljude koje susre\u0107emo i one koje nismo upoznali ali znamo da s njima dijelimo istu ljudsku i vjerni\u010dku sudbinu. Molitvom izra\u017eavamo svoju ljubav i &hellip; <a href=\"https:\/\/vjeronauk.net\/?page_id=383\" class=\"more-link\">Nastavi \u010ditati <span class=\"screen-reader-text\">Molitva<\/span><\/a><\/p>\n","protected":false},"author":5,"featured_media":0,"parent":0,"menu_order":0,"comment_status":"closed","ping_status":"closed","template":"","meta":{"footnotes":""},"class_list":["post-383","page","type-page","status-publish","hentry"],"_links":{"self":[{"href":"https:\/\/vjeronauk.net\/index.php?rest_route=\/wp\/v2\/pages\/383","targetHints":{"allow":["GET"]}}],"collection":[{"href":"https:\/\/vjeronauk.net\/index.php?rest_route=\/wp\/v2\/pages"}],"about":[{"href":"https:\/\/vjeronauk.net\/index.php?rest_route=\/wp\/v2\/types\/page"}],"author":[{"embeddable":true,"href":"https:\/\/vjeronauk.net\/index.php?rest_route=\/wp\/v2\/users\/5"}],"replies":[{"embeddable":true,"href":"https:\/\/vjeronauk.net\/index.php?rest_route=%2Fwp%2Fv2%2Fcomments&post=383"}],"version-history":[{"count":8,"href":"https:\/\/vjeronauk.net\/index.php?rest_route=\/wp\/v2\/pages\/383\/revisions"}],"predecessor-version":[{"id":2823,"href":"https:\/\/vjeronauk.net\/index.php?rest_route=\/wp\/v2\/pages\/383\/revisions\/2823"}],"wp:attachment":[{"href":"https:\/\/vjeronauk.net\/index.php?rest_route=%2Fwp%2Fv2%2Fmedia&parent=383"}],"curies":[{"name":"wp","href":"https:\/\/api.w.org\/{rel}","templated":true}]}}