{"id":447,"date":"2011-05-06T00:22:52","date_gmt":"2011-05-05T22:22:52","guid":{"rendered":"http:\/\/vjeronauk.net\/?page_id=447"},"modified":"2025-12-16T16:13:01","modified_gmt":"2025-12-16T15:13:01","slug":"sveti-red","status":"publish","type":"page","link":"https:\/\/vjeronauk.net\/?page_id=447","title":{"rendered":"Sveti red"},"content":{"rendered":"\n<p>Sav je Bo\u017eji narod <em>sve\u0107eni\u010dki narod<\/em> jer svi njegovi \u010dlanovi vjerom i kr\u0161tenjem postaju dionici sve\u0107eni\u0161tva Isusa Krista koji je na\u0161 jedini Sve\u0107enik u potpunom smislu (Isus Krist je jedini <em>Posrednik<\/em> izme\u0111u Boga i ljudi, on jedini ostvaruje puno zajedni\u0161tvo izme\u0111u nas i Boga). Snagom tog <em>op\u0107eg sve\u0107eni\u0161tva<\/em> &#8211; zajedni\u010dkog svim i \u010dlanovima Kristove zajednice &#8211; svi su kr\u0161\u0107ani pozvani da rije\u010dju i \u017eivotom navije\u0161taju <em>silna Bo\u017eja djela<\/em> (osobito Radosnu novost koja je zapo\u010dela s Isusom Kristom), svi su pozvani da sebe neprestano prinose kao <em>duhovnu \u017ertvu<\/em> Bogu te da aktivno sudjeluju u liturgijskim slavljima Crkve (bogoslu\u017eju). Snagom tog op\u0107eg (zajedni\u010dkog) sve\u0107eni\u0161tva svi su \u010dlanovi Crkve pridru\u017eeni Kristovoj \u017ertvi (njegovoj smrti i uskrsnu\u0107u) kojom se ostvaruje potpuno darivanje Bogu i puno zajedni\u0161tvo s njime. Stoga su svi Kristovi vjernici <em>mostovi<\/em>, <em>posrednici<\/em> izme\u0111u Boga i ljudi. No osim tog op\u0107eg sve\u0107eni\u0161tva u Crkvi od njezina po\u010detka postoji i posebna slu\u017eba, posebno sve\u0107eni\u0161tvo koje nazivamo<span style=\"color: #003366;\"> <em>ministerijalno sve\u0107eni\u0161tvo<\/em><\/span> (naziv <em>ministerijalni<\/em> dolazi od latinske rije\u010di koja zna\u010di <em>slu\u017eenje, slu\u017eba<\/em>). Ta se posebna slu\u017eba u Crkvi povjerava sakramentom svetoga reda. Taj sakramenat primaju biskupi, sve\u0107enici i \u0111akoni, tj. oni \u010dlanovi Bo\u017ejega naroda koji mu slu\u017ee kao predvodnici i u\u010ditelji. Oni koji su sakramentom svetoga reda posve\u0107eni za predvodnike i u\u010ditelje Kristove zajednice, na poseban su na\u010din znak prisutnosti Isusa Krista koji je u punom smislu jedini Sve\u0107enik i Glava Crkve. Kolegij (zbor) biskupa, na \u010delu kojega se nalazi rimski biskup (papa), i kolegij (zbor) prezbitera (sve\u0107enika), koji predvodi biskup, vidljivo ozna\u010duju Isusa Krista kao jedinog Predvodnika i Glavu Crkve. Oni su tako i znak jedinstva Crkve koju u jedno povezuje Kristov Duh. Kolegij biskupa u zajedni\u0161tvu s papom i kolegij prezbitera u zajedni\u0161tvu s biskupom tako\u0111er su znak i svjedoci <em>Apostolske Tradicije<\/em>: oni na poseban na\u010din svjedo\u010de za ono \u0161to su Apostoli primili od Isusa Krista i \u0161to su predali svojim nasljednicima da vjerno prenose svim generacijama (<em>tradicija<\/em> je rije\u010d latinskog porijekla a zna\u010di <em>predavanje<\/em>).<\/p>\n\n\n\n<p><span style=\"color: #003366;\"><strong>\u0110akon<\/strong><\/span> se sakramentom reda posve\u0107uje za pomo\u0107 biskupu i prezbiterima u <em>slu\u017ebi rije\u010di<\/em>, u <em>slu\u017ebi oltara<\/em> i <em>slu\u017ebi ljubavi<\/em>. On sve\u010dano navije\u0161ta evan\u0111elje u crkvi, poslu\u017euje kod euharistije, dijeli pri\u010dest, predvodi molitvena slavlja, krst, vjen\u010dava i blagoslivlja mladence, nosi popudbinu bolesnicima i predvodi obred sprovoda. Osim toga \u0111akonu se povjeravaju razli\u010dite slu\u017ebe u vo\u0111enju kr\u0161\u0107anske zajednice te u <em>bratskom slu\u017eenju<\/em> u njoj (\u0111akon npr. vodi karitativnu djelatnost u zajednici). Red \u0111akonata podjeljuje biskup polaganjem ruku i posvetnom molitvom.<\/p>\n\n\n\n<p><span style=\"color: #003366;\"><strong>Sve\u0107enik<\/strong><\/span> (prezbiter, <em>starje\u0161ina<\/em>) sakramentom se reda posve\u0107uje da predvodi Bo\u017eji narod u konkretnoj kr\u0161\u0107anskoj zajednici te da <em>predsjeda<\/em> slavljenju bogoslu\u017eja, osobito slavljenju euharistije. On snagom svoga reda podjeljuje sve sakramente osim sakramenta svetog reda i potvrde (no ima slu\u010dajeva kad podjeljuje i potvrdu: kod kr\u0161tenja odraslih, u smrtnoj opasnosti zajedno s popudbinom, kod sve\u010dane potvrde kao supotvrditelj s biskupom). Sve\u0107eniku na poseban na\u010din pripada dijeliti sakramenat pomirenja (ispovijed) i bolesni\u010dko pomazanje te predvoditi euharistijsku \u017ertvu &#8211; misu.<\/p>\n\n\n\n<p>Red prezbiterata (sve\u0107eni\u0161tva) podjeljuje biskup polaganjem ruku i posvetnom molitvom. U posvetnoj molitvi biskup, izme\u0111u ostaloga, moli:<br>\n<span style=\"color: #800000;\"><strong><em>Daj, molimo te, svemogu\u0107i O\u010de, ovim slu\u017ebenicima svojim dostojanstvo prezbitera. Obnovi u njihovim srcima Duha Svetoga; da vr\u0161e tu slu\u017ebu drugog reda koju im povjerava\u0161 te primjerom svoga \u017eivota postanu poticajem \u0107udorednog pona\u0161anja. Bili valjani suradnici na\u0161e slu\u017ebe da rije\u010di evan\u0111elja dopru do na kraj zemlje i da svi narodi, u Kristu sabrani, postanu jedan sveti Bo\u017eji narod.<\/em><\/strong><\/span><\/p>\n\n\n\n<p>Novom prezbiteru biskup ma\u017ee dlanove svetom krizmom uz rije\u010di:<br>\n<span style=\"color: #800000;\"><strong><em>Gospodin Isus Krist, kojega je Otac pomazao Duhom Svetim i snagom, \u010duvao te da posve\u0107uje\u0161 kr\u0161\u0107anski puk i Bogu prinosi\u0161 \u017ertvu.<\/em><\/strong><\/span><\/p>\n\n\n\n<p>Zatim im predaje pliticu s kruhom i kale\u017e s vinom i vodom za euharistijsku \u017ertvu uz rije\u010di:<br>\n<span style=\"color: #800000;\"><strong><em>Primi darove \u0161to ih sveti narod prinosi Bogu. Budi svjestan onoga \u0161to radi\u0161. U djelo provedi ono \u0161to obavlja\u0161 i \u017eivot svoj suobli\u010di otajstvu kri\u017ea Gospodnjega.<\/em><\/strong><\/span><\/p>\n\n\n\n<p><span style=\"color: #003366;\"><strong>Biskup<\/strong><\/span> posve\u0107enjem prima <strong>puninu sve\u0107eni\u0161tva<\/strong> (svetoga reda) i nasljednik je slu\u017ebe Apostola. Po biskupu, okru\u017eenom njegovim prezbiterijem (sve\u0107enicima), usred Bo\u017ejeg naroda prisutan je sam Gospodin Isus Krist. Biskup je <em>znak<\/em> prisutnosti Isusa Krista &#8211; jedinog Predvodnika i Glave Crkve &#8211; te mo\u017eemo re\u0107i da preko njega sam Isus Krist propovijeda evan\u0111elje, dijeli sakramente i upravlja Crkvom.<\/p>\n\n\n\n<p>Za biskupe ka\u017eemo da su <strong>pastiri<\/strong> Crkve jer im je Krist &#8211; jedini Pastir Crkve u punom smislu &#8211; povjerio da kao nasljednici Apostola <strong>predvode Crkvu<\/strong>: u<strong> propovijedanju evan\u0111elja<\/strong>, u <strong>posve\u0107ivanju Bo\u017ejega naroda<\/strong> predvo\u0111enjem bogoslu\u017eja te u <strong>upravljanju Crkvom<\/strong>. &#8211; Svi su \u010dlanovi Bo\u017ejega naroda dionici u Kristovoj <em>proro\u010dkoj<\/em> (u\u010diteljskoj) slu\u017ebi, u <em>sve\u0107eni\u010dkoj<\/em> slu\u017ebi i <em>kraljevskoj<\/em> slu\u017ebi (slu\u017ebi upravljanja). No biskupi &#8211; sa svojim suradnicima sve\u0107enicima i \u0111akonima &#8211; u tim trima slu\u017ebama imaju udjela kao \u201cpastiri\u201d, tj. kao predvodnici Crkve.<br> <strong>Biskupski red<\/strong> podjeljuje se <strong>polaganjem ruku<\/strong> i <strong>posvetnom molitvom<\/strong>.<br> Nakon posvetne molitve biskup posvetitelj ma\u017ee novom biskupu glavu krizmom i govori:<strong><em><br><br><span style=\"color: #800000;\">Bog, koji te u\u010dini dionikom punine Kristova sve\u0107eni\u0161tva,<\/span><br><span style=\"color: #800000;\">izlio na te otajstvenu pomast<\/span><br><span style=\"color: #800000;\"> i dao da rod donosi\u0161 duhovnog blagoslova.<\/span><\/em><\/strong><\/p>\n\n\n\n<p>Pru\u017ea mu evan\u0111elistar i govori:<br>\n<span style=\"color: #800000;\"><strong><em>Primi evan\u0111elje i propovijedaj Rije\u010d Bo\u017eju sa svom strpljivo\u0161\u0107u i naukom.<\/em><\/strong><\/span><\/p>\n\n\n\n<p>Stavlja mu prsten uz rije\u010di:<br>\n<span style=\"color: #800000;\"><strong><em>Primi prsten, znak vjernosti: ostani vjeran i Bo\u017eju zaru\u010dnicu svetu Crkvu sa\u010duvaj neokaljanom.<\/em><\/strong><\/span><\/p>\n\n\n\n<p>Daje mu \u0161tap i govori:<strong><em><br>\n<span style=\"color: #800000;\">Primi \u0161tap, znak pastirske slu\u017ebe,i pripazi na svekoliko stado u kom te Duh Sveti postavi za biskupa da ravna\u0161 Bo\u017ejom Crkvom.<\/span><\/em><\/strong><\/p>\n\n\n\n<p>Zare\u0111eni (tj. oni koji su primili sakramenat svetoga reda) obilje\u017eeni su <span style=\"color: #003366;\"><strong>neizbrisivim Kristovim biljegom<\/strong><\/span> za slu\u017ebu koja im se povjerava.<\/p>\n","protected":false},"excerpt":{"rendered":"<p>Sav je Bo\u017eji narod sve\u0107eni\u010dki narod jer svi njegovi \u010dlanovi vjerom i kr\u0161tenjem postaju dionici sve\u0107eni\u0161tva Isusa Krista koji je na\u0161 jedini Sve\u0107enik u potpunom smislu (Isus Krist je jedini Posrednik izme\u0111u Boga i ljudi, on jedini ostvaruje puno zajedni\u0161tvo izme\u0111u nas i Boga). Snagom tog op\u0107eg sve\u0107eni\u0161tva &#8211; zajedni\u010dkog svim i \u010dlanovima Kristove zajednice &hellip; <a href=\"https:\/\/vjeronauk.net\/?page_id=447\" class=\"more-link\">Nastavi \u010ditati <span class=\"screen-reader-text\">Sveti red<\/span><\/a><\/p>\n","protected":false},"author":5,"featured_media":2886,"parent":154,"menu_order":6,"comment_status":"closed","ping_status":"closed","template":"","meta":{"footnotes":""},"class_list":["post-447","page","type-page","status-publish","has-post-thumbnail","hentry"],"_links":{"self":[{"href":"https:\/\/vjeronauk.net\/index.php?rest_route=\/wp\/v2\/pages\/447","targetHints":{"allow":["GET"]}}],"collection":[{"href":"https:\/\/vjeronauk.net\/index.php?rest_route=\/wp\/v2\/pages"}],"about":[{"href":"https:\/\/vjeronauk.net\/index.php?rest_route=\/wp\/v2\/types\/page"}],"author":[{"embeddable":true,"href":"https:\/\/vjeronauk.net\/index.php?rest_route=\/wp\/v2\/users\/5"}],"replies":[{"embeddable":true,"href":"https:\/\/vjeronauk.net\/index.php?rest_route=%2Fwp%2Fv2%2Fcomments&post=447"}],"version-history":[{"count":8,"href":"https:\/\/vjeronauk.net\/index.php?rest_route=\/wp\/v2\/pages\/447\/revisions"}],"predecessor-version":[{"id":2450,"href":"https:\/\/vjeronauk.net\/index.php?rest_route=\/wp\/v2\/pages\/447\/revisions\/2450"}],"up":[{"embeddable":true,"href":"https:\/\/vjeronauk.net\/index.php?rest_route=\/wp\/v2\/pages\/154"}],"wp:featuredmedia":[{"embeddable":true,"href":"https:\/\/vjeronauk.net\/index.php?rest_route=\/wp\/v2\/media\/2886"}],"wp:attachment":[{"href":"https:\/\/vjeronauk.net\/index.php?rest_route=%2Fwp%2Fv2%2Fmedia&parent=447"}],"curies":[{"name":"wp","href":"https:\/\/api.w.org\/{rel}","templated":true}]}}