{"id":455,"date":"2011-05-06T00:57:38","date_gmt":"2011-05-05T22:57:38","guid":{"rendered":"http:\/\/vjeronauk.net\/?page_id=455"},"modified":"2024-05-28T20:06:39","modified_gmt":"2024-05-28T19:06:39","slug":"zenidba","status":"publish","type":"page","link":"https:\/\/vjeronauk.net\/?page_id=455","title":{"rendered":"\u017denidba"},"content":{"rendered":"\n<p class=\"has-medium-font-size\">Trenuci kada dvoje ljudi, koji su spoznali da se vole, definitivno odlu\u010duju zapo\u010deti novi, zajedni\u010dki \u017eivot &#8211; spadaju u najzna\u010dajnije trenutke njihova \u017eivota. Velik je i neizreciv misterij ljubavi izme\u0111u mu\u0161karca i \u017eene koji se za cio \u017eivot \u201c<em>predaju<\/em>\u201d jedno drugome da svoju ljubav \u017eive neopozivo i do kraja vjerno.<\/p>\n\n\n\n<p class=\"has-medium-font-size\">To je tolika tajna da je bra\u010dna ljubav izme\u0111u mu\u017ea i \u017eene u biblijskom govoru \u201c<em>znak<\/em>\u201d (simbol, slika) Bo\u017eje ljubavi prema njegovu narodu:<br>\n\u2013 Bog Jahve izabire sebi i ljubi svoj narod Izrael kao \u0161to mu\u017e izabire i ljubi svoju \u017eenu (u Starom zavjetu Bog sa svojim narodom Izraelom \u201c<em>sklapa<\/em>\u201d Savez prijateljstva i ljubavi);<br>\n\u2013 neopoziva ljubav i vjernost izme\u0111u mu\u0161karca i \u017eene \u201c<em>znak<\/em>\u201d je Kristove ljubavi i vjernosti prema novom Bo\u017ejem narodu<br>\n\u2013 Crkvi, Kristovoj \u201c<em>Zaru\u010dnici<\/em>\u201d (s novim Bo\u017ejim narodom Bog \u201c<em>sklapa<\/em>\u201d novi Savez ljubavi i vjernosti u Isusu Kristu).<\/p>\n\n\n\n<p class=\"has-medium-font-size\">Kr\u0161\u0107anska je \u017eenidba <strong>sakrament<\/strong>, tj. \u201c<em>vidljivi znak<\/em>\u201d \u201c<em>nevidljive<\/em>\u201d Bo\u017eje prisutnosti i ljubavi. Time veli\u010dina i ljepota ljudske ljubavi dobiva novi smisao (novo zna\u010denje):<br> \u2013 kr\u0161\u0107anska je \u017eenidba trajni \u201c<em>znak<\/em>\u201d Saveza ljubavi \u0161to ga je Bog neopozivo sklopio s \u010dovje\u010danstvom u Isusu Kristu;<br> \u2013 kr\u0161\u0107anska je \u017eenidba \u201c<em>znak<\/em>\u201d ljubavi koju Bog dariva supruzima i kojom ih povezuje sa sobom;<br> \u2013 ona je sakramenat i zato \u0161to na otajstven na\u010din izra\u017eava vjeru i nadu mu\u017ea i \u017eene da njihova ljudska ljubav mo\u017ee postati mnogo vi\u0161e nego \u0161to jest jer se temelji na Bo\u017ejoj ljubavi i vjernosti.<\/p>\n\n\n\n<p class=\"has-medium-font-size\">Kr\u0161\u0107anski je brak <strong>nerazrje\u0161iv<\/strong> i <strong>jedinstven<\/strong> osobito zato \u0161to je on sakrament, tj. \u0161to je vidljivi \u201c<em>znak<\/em>\u201d neopozive Bo\u017eje Ljubavi i vjernosti i \u0161to se na toj ljubavi i vjernosti temelji.<\/p>\n\n\n\n<p class=\"has-medium-font-size\">Svaka je ljubav <strong>stvarala\u010dka<\/strong>. To osobito vrijedi za ljubav mu\u017ea i \u017eene koji su pozvani da sudjeluju u stvaranju novih \u017eivota odgovornim <strong>ra\u0111anjem djece<\/strong> i takvim <strong>odgojem<\/strong> da im djeca mogu odrasti u slobodne i odgovorne ljude. Osim toga, supruzi su pozvani da se ne zatvaraju u svoj \u201c<em>krug<\/em>\u201d, nego da u \u017eivljenju bra\u010dne i obiteljske ljubavi postaju sve sposobniji za \u201c<strong><em>otvorenost<\/em><\/strong>\u201d drugima: anga\u017emanom u zajednici u kojoj \u017eive, radom u svojoj profesiji, prisutno\u0161\u0107u i pomaganjem onima kojima je potrebna pomo\u0107, i dr.<\/p>\n\n\n\n<p class=\"has-medium-font-size\">Ka\u017eemo da su <strong>supruzi djelitelji<\/strong> sakramenta \u017eenidbe jer se taj sakramenat sklapa <strong>privolom<\/strong> koju oni izra\u017eavaju jedno drugome pred svjedocima (kumovima) i pred predstavnikom Crkve (biskupom, sve\u0107enikom ili \u0111akonom). No isto tako mo\u017eemo re\u0107i da sakramenat \u017eenidbe podjeljuje Crkva jer je duboko zna\u010denje tog sakramenta Bo\u017eji dar koji Bog supruzima \u201c<em>badava<\/em>\u201d poklanja preko Crkve &#8211; \u201c<em>sakramenta<\/em>\u201d Bo\u017eje prisutnosti i darivanja. Po sakramentu \u017eenidbe Bog na poseban na\u010din ispunja supruge svojom ljubavlju i snagom (dariva im <strong><em>milost<\/em><\/strong>) da ne sustanu i da stalno napreduju u vjernosti i ljubavi te da mogu istinski primiti, voljeti i kr\u0161\u0107anski odgajati djecu.<\/p>\n\n\n\n<p class=\"has-medium-font-size\">Sklapanje kr\u0161\u0107anske \u017eenidbe jest doga\u0111aj koji se ti\u010de cijele kr\u0161\u0107anske zajednice. Stoga je dobro da u slavljenju sakramenta \u017eenidbe sudjeluje \u0161ira zajednica vjernika.<\/p>\n\n\n\n<p class=\"has-medium-font-size\"><strong>Sakramenat \u017eenidbe<\/strong> i <strong>sakramenat euharistije<\/strong> usko su povezani: i jedan i drugi na otajstven na\u010din \u201c<em>ozna\u010duju<\/em>\u201d Kristovo neopozivo darivanje po smrti i uskrsnu\u0107u, da bi se ostvarilo jedinstvo ljudi s Bogom i me\u0111usobno. Stoga je najbolje obred vjen\u010danja slaviti za vrijeme mise.<\/p>\n\n\n\n<p class=\"has-text-color has-link-color has-medium-font-size wp-elements-dddcdbef79f9022862659caa11aab18a\" style=\"color:#441010\"><strong>Obred vjen\u010danja<\/strong><\/p>\n\n\n\n<p class=\"has-medium-font-size\">&#8211; Sve\u0107enik do\u010deka mladence, njihove kumove, roditelje i ostale koji ih prate. Pozdravlja ih i izra\u017eava radost cijele zajednice (Crkve).<\/p>\n\n\n\n<p class=\"has-medium-font-size\">&#8211; U <strong>Slu\u017ebi rije\u010di<\/strong> svi slu\u0161aju Bo\u017eju rije\u010d i razmi\u0161ljaju o njoj. (Dobro je da u pripravi za vjen\u010danje mladenci sudjeluju u izboru \u010ditanja.)<\/p>\n\n\n\n<p class=\"has-medium-font-size\"><strong>&#8211; Privola<\/strong> &#8211; Sve\u0107enik najprije pita mladence o slobodi njihove odluke o spremnosti na do\u017eivotnu vjernost te o spremnosti da prihvate i kr\u0161\u0107anski odgajaju djecu. &#8211; Zatim mladenci pru\u017eaju jedno drugome desnu ruku i izra\u017eavaju privolu.<br><strong><em>Ja, N.N., uzimam tebe N.N. za svoju \u017eenu (za svoga mu\u017ea) i obe\u0107avam ti vjernost u dobru i u zlu, u zdravlju i bolesti. Ljubit \u0107u te i po\u0161tovati u sve dane \u017eivota svoga.<\/em><\/strong><\/p>\n\n\n\n<p class=\"has-medium-font-size\"><strong>&#8211; Blagoslov i predaja prstenja<\/strong> &#8211; Nakon blagoslova prstenja, mladenci stavljaju jedno drugome prsten na ruku govore\u0107i:<br><strong><em>N.N. primi ovaj prstenu znak moje ljubavi i vjernosti, u ime Oca i Sina i Duha Svetoga.<\/em><\/strong><\/p>\n\n\n\n<p class=\"has-medium-font-size\"><strong>&#8211; Sveop\u0107a (vjerni\u010dka) molitva i blagoslov mladenaca.<\/strong><\/p>\n\n\n\n<p class=\"has-medium-font-size\">&#8211; Obred se mo\u017ee zaklju\u010diti molitvom \u201cO\u010de na\u0161\u201d (ako se slavi izvan mise) i blagoslovom.<\/p>\n","protected":false},"excerpt":{"rendered":"<p>Trenuci kada dvoje ljudi, koji su spoznali da se vole, definitivno odlu\u010duju zapo\u010deti novi, zajedni\u010dki \u017eivot &#8211; spadaju u najzna\u010dajnije trenutke njihova \u017eivota. Velik je i neizreciv misterij ljubavi izme\u0111u mu\u0161karca i \u017eene koji se za cio \u017eivot \u201cpredaju\u201d jedno drugome da svoju ljubav \u017eive neopozivo i do kraja vjerno. To je tolika tajna da &hellip; <a href=\"https:\/\/vjeronauk.net\/?page_id=455\" class=\"more-link\">Nastavi \u010ditati <span class=\"screen-reader-text\">\u017denidba<\/span><\/a><\/p>\n","protected":false},"author":5,"featured_media":2454,"parent":154,"menu_order":7,"comment_status":"closed","ping_status":"closed","template":"","meta":{"footnotes":""},"class_list":["post-455","page","type-page","status-publish","has-post-thumbnail","hentry"],"_links":{"self":[{"href":"https:\/\/vjeronauk.net\/index.php?rest_route=\/wp\/v2\/pages\/455","targetHints":{"allow":["GET"]}}],"collection":[{"href":"https:\/\/vjeronauk.net\/index.php?rest_route=\/wp\/v2\/pages"}],"about":[{"href":"https:\/\/vjeronauk.net\/index.php?rest_route=\/wp\/v2\/types\/page"}],"author":[{"embeddable":true,"href":"https:\/\/vjeronauk.net\/index.php?rest_route=\/wp\/v2\/users\/5"}],"replies":[{"embeddable":true,"href":"https:\/\/vjeronauk.net\/index.php?rest_route=%2Fwp%2Fv2%2Fcomments&post=455"}],"version-history":[{"count":7,"href":"https:\/\/vjeronauk.net\/index.php?rest_route=\/wp\/v2\/pages\/455\/revisions"}],"predecessor-version":[{"id":2453,"href":"https:\/\/vjeronauk.net\/index.php?rest_route=\/wp\/v2\/pages\/455\/revisions\/2453"}],"up":[{"embeddable":true,"href":"https:\/\/vjeronauk.net\/index.php?rest_route=\/wp\/v2\/pages\/154"}],"wp:featuredmedia":[{"embeddable":true,"href":"https:\/\/vjeronauk.net\/index.php?rest_route=\/wp\/v2\/media\/2454"}],"wp:attachment":[{"href":"https:\/\/vjeronauk.net\/index.php?rest_route=%2Fwp%2Fv2%2Fmedia&parent=455"}],"curies":[{"name":"wp","href":"https:\/\/api.w.org\/{rel}","templated":true}]}}