{"id":458,"date":"2011-05-06T00:58:25","date_gmt":"2011-05-05T22:58:25","guid":{"rendered":"http:\/\/vjeronauk.net\/?page_id=458"},"modified":"2011-05-06T23:51:08","modified_gmt":"2011-05-06T21:51:08","slug":"obred-vjencanja","status":"publish","type":"page","link":"https:\/\/vjeronauk.net\/?page_id=458","title":{"rendered":"Obred vjen\u010danja"},"content":{"rendered":"<p>&#8211; Sve\u0107enik do\u010deka mladence, njihove kumove, roditelje i ostale koji  ih prate. Pozdravlja ih i izra\u017eava radost cijele zajednice (Crkve).<\/p>\n<p>&#8211; U <strong>Slu\u017ebi rije\u010di<\/strong> svi slu\u0161aju Bo\u017eju rije\u010d i razmi\u0161ljaju o njoj. (Dobro je da u pripravi za vjen\u010danje mladenci sudjeluju u izboru \u010ditanja.)<\/p>\n<p><strong>&#8211; Privola<\/strong> &#8211; Sve\u0107enik najprije pita mladence o  slobodi njihove odluke o spremnosti na do\u017eivotnu vjernost te o  spremnosti da prihvate i kr\u0161\u0107anski odgajaju djecu. &#8211; Zatim mladenci  pru\u017eaju jedno drugome desnu ruku i izra\u017eavaju privolu.<br \/>\n<span style=\"color: #800000;\"><strong><em>Ja, N.N., uzimam tebe N.N. za svoju \u017eenu (za svoga mu\u017ea) i  obe\u0107avam ti vjernost u dobru i u zlu, u zdravlju i bolesti. Ljubit \u0107u te  i po\u0161tovati u sve dane \u017eivota svoga.<\/em><\/strong><\/span><\/p>\n<p><strong>&#8211; Blagoslov i predaja prstenja<\/strong> &#8211; Nakon blagoslova prstenja, mladenci stavljaju jedno drugome prsten na ruku govore\u0107i:<br \/>\n<span style=\"color: #800000;\"><strong><em>N.N. primi ovaj prstenu znak moje ljubavi i vjernosti, u ime Oca i Sina i Duha Svetoga.<\/em><\/strong><\/span><\/p>\n<p><strong>&#8211; Sveop\u0107a (vjerni\u010dka) molitva i blagoslov mladenaca.<\/strong><\/p>\n<p>&#8211; Obred se mo\u017ee zaklju\u010diti molitvom \u201cO\u010de na\u0161\u201d (ako se slavi izvan mise) i blagoslovom.<\/p>\n","protected":false},"excerpt":{"rendered":"<p>&#8211; Sve\u0107enik do\u010deka mladence, njihove kumove, roditelje i ostale koji ih prate. Pozdravlja ih i izra\u017eava radost cijele zajednice (Crkve). &#8211; U Slu\u017ebi rije\u010di svi slu\u0161aju Bo\u017eju rije\u010d i razmi\u0161ljaju o njoj. (Dobro je da u pripravi za vjen\u010danje mladenci sudjeluju u izboru \u010ditanja.) &#8211; Privola &#8211; Sve\u0107enik najprije pita mladence o slobodi njihove odluke &hellip; <a href=\"https:\/\/vjeronauk.net\/?page_id=458\" class=\"more-link\">Nastavi \u010ditati <span class=\"screen-reader-text\">Obred vjen\u010danja<\/span><\/a><\/p>\n","protected":false},"author":5,"featured_media":0,"parent":455,"menu_order":0,"comment_status":"closed","ping_status":"closed","template":"","meta":{"footnotes":""},"class_list":["post-458","page","type-page","status-publish","hentry"],"_links":{"self":[{"href":"https:\/\/vjeronauk.net\/index.php?rest_route=\/wp\/v2\/pages\/458","targetHints":{"allow":["GET"]}}],"collection":[{"href":"https:\/\/vjeronauk.net\/index.php?rest_route=\/wp\/v2\/pages"}],"about":[{"href":"https:\/\/vjeronauk.net\/index.php?rest_route=\/wp\/v2\/types\/page"}],"author":[{"embeddable":true,"href":"https:\/\/vjeronauk.net\/index.php?rest_route=\/wp\/v2\/users\/5"}],"replies":[{"embeddable":true,"href":"https:\/\/vjeronauk.net\/index.php?rest_route=%2Fwp%2Fv2%2Fcomments&post=458"}],"version-history":[{"count":4,"href":"https:\/\/vjeronauk.net\/index.php?rest_route=\/wp\/v2\/pages\/458\/revisions"}],"predecessor-version":[{"id":490,"href":"https:\/\/vjeronauk.net\/index.php?rest_route=\/wp\/v2\/pages\/458\/revisions\/490"}],"up":[{"embeddable":true,"href":"https:\/\/vjeronauk.net\/index.php?rest_route=\/wp\/v2\/pages\/455"}],"wp:attachment":[{"href":"https:\/\/vjeronauk.net\/index.php?rest_route=%2Fwp%2Fv2%2Fmedia&parent=458"}],"curies":[{"name":"wp","href":"https:\/\/api.w.org\/{rel}","templated":true}]}}