{"id":859,"date":"2012-01-28T13:52:50","date_gmt":"2012-01-28T12:52:50","guid":{"rendered":"http:\/\/vjeronauk.net\/?page_id=859"},"modified":"2023-12-06T23:53:43","modified_gmt":"2023-12-06T22:53:43","slug":"krscanski-moral","status":"publish","type":"page","link":"https:\/\/vjeronauk.net\/?page_id=859","title":{"rendered":"Kr\u0161\u0107anski moral"},"content":{"rendered":"<p>\u017divjeti \u00bbmoralno\u00ab zna\u010di nastojati \u2014 u vlastitom \u017eivotu i u su\u017eivotu s drugima \u2014 ostvarivati temeljne ljudske vrednote: tra\u017eiti i \u00bb\u010diniti\u00ab istinu, boriti se za slobodu i pravdu u osobnom i dru\u0161tvenom \u017eivotu, zauzetim i solidarnim radom ostvarivati sebe i stvarati humanije odnose me\u0111u ljudima, postajati sve sposobniji za nesebi\u010dnu ljubav\u2026<br \/>\nSvi se ljudi osje\u0107aju sposobnima da \u017eive moralno: i kr\u0161\u0107ani, i ljudi drugih vjera i oni koji ne vjeruju. Svatko od nas osje\u0107a \u00bbglas\u00ab savjesti koji nam govori da moramo \u010diniti dobro te izbjegavati zlo i boriti se protiv njega. Kr\u0161\u0107ani vjeruju da ih Bog prosu\u0111uje po njihovoj savjesti.<br \/>\nKr\u0161\u0107ani se, zajedno s ostalim ljudima, zala\u017eu za moralni \u017eivot: za \u017eivot dostojan \u010dovjeka. Kr\u0161\u0107anski je moral, kao i svaki pravi moral, zalaganje za na\u0161e istinsko \u00bbo\u010dovje\u010denje\u00ab.<br \/>\nTemeljno na\u010delo po kojemu znamo \u010dinimo li dobro ili zlo jest \u00bbzakon ljubavi\u00ab. Na\u0161a su djela (i propusti) uvijek \u00bbu odnosu\u00ab prema nekome, ona se uvijek nekoga ti\u010du. Stoga se u prosu\u0111ivanju jesu li nam djela dobra ili zla uvijek treba pitati \u0161to ona zna\u010de u na\u0161em odnosu prema nekome. Ako \u010dinimo dobro, znak je da \u017eelimo \u017eivjeti po \u00bbzakonu ljubavi\u00ab, ako \u010dinimo zlo, grije\u0161imo protiv ljubavi. To vrijedi za svaki ljudski moral i za kr\u0161\u0107anski moral.<br \/>\nZa kr\u0161\u0107anski je moral najbitnije \u0161to se temelji na ljubavi prema Bogu i bli\u017enjemu. ljubav prema Bogu, prema bli\u017enjemu i prema sebi temeljna je \u00bbzapovijed\u00ab kr\u0161\u0107anskog morala. U njoj je u stvari sadr\u017ean sav ljudski i kr\u0161\u0107anski moral.<br \/>\n\u00bbZapovijed ljubavi\u00ab temeljni je \u00bbzakon\u00ab i starog i novog izabranog Bo\u017ejeg naroda. I u Starom i u Novom zavjetu Bog je sklopio \u00bbSavez\u00ab prijateljstva sa svojim narodom: u Starom zavjetu s izabranim narodom Izraelom, u Novom zavjetu s novim Bo\u017ejim narodom \u2014 Crkvom. \u00bbDeset zapovijedi\u00ab, koje je Bog dao ljudima, vrijede i za stari i za novi Bo\u017eji narod. Te zapovijedi zapravo isti\u010du \u0161to zna\u010di istinski ljubiti u pojedinim \u017eivotnim situacijama (prve tri zapovijedi osobito isti\u010du kakav treba biti na\u0161 odnos prema Bogu, a ostalih sedam zapovijedi ti\u010du se na\u0161eg odnosa prema bli\u017enjemu i sebi).<br \/>\nNovi Savez sklopljen je u Isusu Kristu. Po Isusu Kristu uspostavljeni su novi odnosi izme\u0111u Boga i nas i me\u0111u ljudima: u njemu je Sin Bo\u017eji postao \u010dovjekom da bismo i mi postali Bo\u017eji sinovi i me\u0111usobno bra\u0107a. Snagom O\u010deva i Kristova Duha ro\u0111eni smo na nov \u017eivot: \u017eivot u neizrecivom zajedni\u0161tvu ljubavi s Bogom. Stoga je \u00bbzapovijed ljubavi\u00ab po Isusu Kristu postala \u00bbnova zapovijed\u00ab: stupili smo u nove odnose s Bogom i me\u0111usobno. Isusova zapovijed ljubavi nova je i po tome \u0161to je toliko univerzalna da se odnosi i na neprijatelje.<br \/>\n\u017divjeti prema kr\u0161\u0107anskom moralu, zna\u010di \u017eivjeti po Duhu: po Duhu O\u010deve i Kristove Ljubavi koja nam je darovana da nas pokre\u0107e i vodi u na\u0161em \u017eivotu.<br \/>\nOdbijanje Bo\u017ejeg poziva da \u017eivimo po zapovijedi ljubavi zovemo grijeh. Grije\u0161iti zna\u010di svjesno i svojevoljno (slobodno) \u010diniti zlo u odnosu prema Bogu, bli\u017enjem i sebi. Zlo se mo\u017ee \u00bbu\u010diniti\u00ab mi\u0161lju, rije\u010dju, djelom i propustom.<br \/>\nU nama postoje sklonosti da \u010dinimo zlo (isto\u010dni grijeh). Takve sklonosti mogu postati i na\u0161im navikama koje onda zovemo \u00bbglavni grijesi\u00ab. Mogli bismo ih vi\u0161e nabrojiti, ali se obi\u010dno ka\u017ee da ih ima sedam. A sve se one zapravo mogu svesti i na jednu \u2014 na sebi\u010dnost. Zato \u0107e biti najva\u017enije da nastojimo \u0161to nesebi\u010dnije ljubiti Boga, bli\u017enje i samoga sebe. To \u0107e biti najuspje\u0161nija borba protiv zla i grijeha.<br \/>\nKr\u0161\u0107ansko shva\u0107anje grijeha uvijek uklju\u010duje odnos prema Bogu (Boga vrije\u0111amo i onda kada grije\u0161imo protiv ljubavi prema bli\u017enjemu i sebi). No takvo shva\u0107anje grijeha uklju\u010duje u sebi i Bo\u017eji poziv na obra\u0107enje i nadu u opro\u0161tenje i pomirenje. Time se kr\u0161\u0107ansko shva\u0107anje grijeha bitno razlikuje od obi\u010dnog osje\u0107aja krivnje.<\/p>\n\n\n<p class=\"has-text-color has-link-color has-medium-font-size wp-elements-874262934c5c808f16a1f869d20126e3\" style=\"color:#511212\"><strong>Moralne istine i obrasci vjere<\/strong><\/p>\n\n\n\n<p><strong>Deset Bo\u017ejih zapovijedi<br><\/strong>\u2022 Ja sam Gospodin Bog tvoj, nemaj drugih bogova uz mene.<br>\u2022 Ne izusti imena Gospodina Boga svoga uzalud.<br>\u2022 Spomeni se da svetkuje\u0161 dan Gospodnji.<br>\u2022 Po\u0161tuj oca i majku da dugo \u017eivi\u0161 i dobro ti bude na zemlji.<br>\u2022 Ne ubij.<br>\u2022 Ne sagrije\u0161i bludno.<br>\u2022 Ne ukradi.<br>\u2022 Ne reci la\u017ena svjedo\u010danstva.<br>\u2022 Ne po\u017eeli tu\u0111eg \u017eenidbenog druga.<br>\u2022 Ne po\u017eeli nikakve tu\u0111e stvari.<\/p>\n\n\n\n<p><strong>Zapovijedi ljubavi<br><\/strong>\u2022 Ljubi Gospodina Boga svoga svim srcem svojim, svom du\u0161om svojom, Svim umom svojim i svom snagom svojom!<br>\u2022 Ljubi bli\u017enjega svoga kao samoga sebe!<\/p>\n\n\n\n<p><strong>Isusovo zlatno pravilo<br><\/strong>Sve \u0161to \u017eelite da ljudi \u010dine vama, to \u010dinite i vi njima!<\/p>\n\n\n\n<p><strong>Tjelesna djela milosr\u0111a<\/strong><br>1. Gladna nahraniti.<br>2. \u017dedna napojiti.<br>3. Siromaha odjenuti.<br>4. Gosta (putnika) primiti.<br>5. Bolesna i utamni\u010denika pohoditi.<br>6. Zarobljenike i prognanike (izbjeglice) pomagati.<br>7. Mrtva pokopati.<\/p>\n\n\n\n<p><strong>Duhovna djela milosr\u0111a<br><\/strong>1. Dvoumna savjetovati.<br>2. Neuka pou\u010diti.<br>3. Grje\u0161nika ukoriti.<br>4. \u017dalosna i nevoljna utje\u0161iti.<br>5. Uvredu oprostiti.<br>6. Nepravdu strpljivo podnositi.<br>7. Za \u017eive i mrtve Boga moliti.<\/p>\n\n\n\n<p><strong>Bla\u017eenstva<\/strong><br>\u2022 Bla\u017eeni siroma\u0161ni u duhu, jer je njihovo kraljevstvo nebesko.<br>\u2022&nbsp;Bla\u017eeni \u017ealosni, jer \u0107e se utje\u0161iti.<br>\u2022&nbsp;Bla\u017eeni krotki, jer \u0107e ba\u0161tiniti zemlju.<br>\u2022&nbsp;Bla\u017eeni, koji gladuju i \u017ee\u0111aju pravde, jer \u0107e se nasititi.<br>\u2022&nbsp;Bla\u017eeni milosrdni, jer \u0107e milosr\u0111e posti\u0107i .<br>\u2022&nbsp;Bla\u017eeni, koji su \u010dista srca, jer \u0107e Boga gledati.<br>\u2022&nbsp;Bla\u017eeni mirotvorci, jer \u0107e se sinovima Bo\u017ejim zvati .<br>\u2022&nbsp;Bla\u017eeni progonjeni zbog pravednosti, jer je njihovo kraljevstvo nebesko.<\/p>\n\n\n\n<p><strong>Glavne istine vjere<\/strong><br>\u2022 Samo je jedan Bog, a tri su bo\u017eanske osobe: Otac, Sin i Duh Sveti.<br>\u2022 Bog je sve stvorio, sve uzdr\u017eava, svim upravlja.<br>\u2022 Du\u0161a je \u010dovje\u010dja besmrtna.<br>\u2022 Sin je Bo\u017eji postao \u010dovjekom te nas otkupio svojom mukom, smr\u0107u i uskrsnu\u0107em.<br>\u2022 Milost je Bo\u017eja potrebna za spasenje.<br>\u2022 Bog \u0107e dobro nagraditi vje\u010dnom nagradom, a zlo kazniti vje\u010dnom kaznom.<\/p>\n\n\n\n<p><strong>Pet crkvenih zapovijedi:<\/strong><br>&#8211; Svetkuj zapovjedne blagdane i slu\u0161aj pobo\u017eno svetu Misu u nedjelju i zapovjedane blagdane.<br>&#8211; Posti zapovjedane postove i u odre\u0111ene dane ne mrsi.<br>&#8211; Svake se godine najmanje jedanput ispovjedi i o Uskrsu pri\u010desti.<br>&#8211; Dr\u017ei se \u017eenidbenih zakona svete Crkve.<br>&#8211; Doprinosi za crkvene potrebe.<\/p>\n\n\n\n<p><strong>Sedam glavnih grijeha<br><\/strong>\u2022 Oholost<br>\u2022 \u0160krtost<br>\u2022 Bludnost<br>\u2022 Zavist<br>\u2022 Neumjerenost u jelu i pi\u0107u<br>\u2022 Srditost<br>\u2022 Lijenost<\/p>\n\n\n\n<p><strong>Sedam svetih sakramenata<br><\/strong>\u2022 Kr\u0161tenje<br>\u2022 Potvrda (krizma)<br>\u2022 Sveta pri\u010dest<br>\u2022 Ispovijed (pomirenje)<br>\u2022 Bolesni\u010dko pomazanje<br>\u2022 Sve\u0107eni\u010dki red<br>\u2022 \u017denidba<\/p>\n\n\n\n<p><strong>Darovi Duha Svetoga<br><\/strong>\u2022 Mudrost<br>\u2022 Razum<br>\u2022 Savjet<br>\u2022 Jakost<br>\u2022 Znanje<br>\u2022 Pobo\u017enost<br>\u2022 Strah Bo\u017eji<\/p>\n\n\n\n<p><strong>Plodovi Duha Svetoga<br><\/strong>\u2022 Ljubav<br>\u2022 Radost<br>\u2022 Mir<br>\u2022 Strpljivost<br>\u2022 Blagost<br>\u2022 Dobrota<br>\u2022 Vjernost<br>\u2022 Skromnost<br>\u2022 Uzdr\u017eljivost<\/p>\n","protected":false},"excerpt":{"rendered":"<p>\u017divjeti \u00bbmoralno\u00ab zna\u010di nastojati \u2014 u vlastitom \u017eivotu i u su\u017eivotu s drugima \u2014 ostvarivati temeljne ljudske vrednote: tra\u017eiti i \u00bb\u010diniti\u00ab istinu, boriti se za slobodu i pravdu u osobnom i dru\u0161tvenom \u017eivotu, zauzetim i solidarnim radom ostvarivati sebe i stvarati humanije odnose me\u0111u ljudima, postajati sve sposobniji za nesebi\u010dnu ljubav\u2026 Svi se ljudi osje\u0107aju &hellip; <a href=\"https:\/\/vjeronauk.net\/?page_id=859\" class=\"more-link\">Nastavi \u010ditati <span class=\"screen-reader-text\">Kr\u0161\u0107anski moral<\/span><\/a><\/p>\n","protected":false},"author":5,"featured_media":0,"parent":0,"menu_order":0,"comment_status":"closed","ping_status":"open","template":"","meta":{"footnotes":""},"class_list":["post-859","page","type-page","status-publish","hentry"],"_links":{"self":[{"href":"https:\/\/vjeronauk.net\/index.php?rest_route=\/wp\/v2\/pages\/859","targetHints":{"allow":["GET"]}}],"collection":[{"href":"https:\/\/vjeronauk.net\/index.php?rest_route=\/wp\/v2\/pages"}],"about":[{"href":"https:\/\/vjeronauk.net\/index.php?rest_route=\/wp\/v2\/types\/page"}],"author":[{"embeddable":true,"href":"https:\/\/vjeronauk.net\/index.php?rest_route=\/wp\/v2\/users\/5"}],"replies":[{"embeddable":true,"href":"https:\/\/vjeronauk.net\/index.php?rest_route=%2Fwp%2Fv2%2Fcomments&post=859"}],"version-history":[{"count":6,"href":"https:\/\/vjeronauk.net\/index.php?rest_route=\/wp\/v2\/pages\/859\/revisions"}],"predecessor-version":[{"id":2180,"href":"https:\/\/vjeronauk.net\/index.php?rest_route=\/wp\/v2\/pages\/859\/revisions\/2180"}],"wp:attachment":[{"href":"https:\/\/vjeronauk.net\/index.php?rest_route=%2Fwp%2Fv2%2Fmedia&parent=859"}],"curies":[{"name":"wp","href":"https:\/\/api.w.org\/{rel}","templated":true}]}}