{"id":920,"date":"2012-02-22T17:49:51","date_gmt":"2012-02-22T16:49:51","guid":{"rendered":"http:\/\/vjeronauk.net\/?page_id=920"},"modified":"2012-12-31T18:48:30","modified_gmt":"2012-12-31T17:48:30","slug":"dodi-duse-presveti","status":"publish","type":"page","link":"https:\/\/vjeronauk.net\/?page_id=920","title":{"rendered":"Do\u0111i, Du\u0161e Presveti"},"content":{"rendered":"<p>Do\u0111i, Du\u0161e Presveti,<br \/>\nsa neba nas posjeti<br \/>\nzrakom svoje milosti.<br \/>\nDo\u0111i, O\u010de ubogih,<br \/>\ndjelitelju dara svih,<br \/>\ndo\u0111i, srca svjetlosti.<br \/>\nTje\u0161itelju tako blag,<br \/>\nti nebeski goste drag,<br \/>\npun miline, hlade tih.<br \/>\nUmornima odmore,<br \/>\nu vru\u0107ini lahore,<br \/>\nrazgovore \u017ealosnih.<br \/>\nSjaju svjetla bla\u017eenog,<br \/>\nsjaj u srcu puka svog,<br \/>\nnapuni nam du\u0161u svu.<br \/>\nBez bo\u017eanstva tvojega<br \/>\n\u010dovjek je bez i\u010dega,<br \/>\ntone sav u crnom zlu.<br \/>\nNe\u010diste nas umivaj,<br \/>\nsuha srca zalivaj,<br \/>\nvidaj rane ranjenim.<br \/>\nMek\u0161aj \u0107udi kamene,<br \/>\nzagrij grudi ledene,<br \/>\nne daj nama putem zlim.<br \/>\nSvim \u0161to vjeru imaju,<br \/>\n\u0161to se u te ufaju,<br \/>\nsedam svojih dara daj.<br \/>\nDaj nam krepost zaslu\u017enu<br \/>\ni smrt lijepu, bla\u017eenu,<br \/>\ndaj vjekovit svima raj.<\/p>\n","protected":false},"excerpt":{"rendered":"<p>Do\u0111i, Du\u0161e Presveti, sa neba nas posjeti zrakom svoje milosti. Do\u0111i, O\u010de ubogih, djelitelju dara svih, do\u0111i, srca svjetlosti. Tje\u0161itelju tako blag, ti nebeski goste drag, pun miline, hlade tih. Umornima odmore, u vru\u0107ini lahore, razgovore \u017ealosnih. Sjaju svjetla bla\u017eenog, sjaj u srcu puka svog, napuni nam du\u0161u svu. Bez bo\u017eanstva tvojega \u010dovjek je bez &hellip; <a href=\"https:\/\/vjeronauk.net\/?page_id=920\" class=\"more-link\">Nastavi \u010ditati <span class=\"screen-reader-text\">Do\u0111i, Du\u0161e Presveti<\/span><\/a><\/p>\n","protected":false},"author":5,"featured_media":0,"parent":383,"menu_order":0,"comment_status":"closed","ping_status":"closed","template":"","meta":{"footnotes":""},"class_list":["post-920","page","type-page","status-publish","hentry"],"_links":{"self":[{"href":"https:\/\/vjeronauk.net\/index.php?rest_route=\/wp\/v2\/pages\/920","targetHints":{"allow":["GET"]}}],"collection":[{"href":"https:\/\/vjeronauk.net\/index.php?rest_route=\/wp\/v2\/pages"}],"about":[{"href":"https:\/\/vjeronauk.net\/index.php?rest_route=\/wp\/v2\/types\/page"}],"author":[{"embeddable":true,"href":"https:\/\/vjeronauk.net\/index.php?rest_route=\/wp\/v2\/users\/5"}],"replies":[{"embeddable":true,"href":"https:\/\/vjeronauk.net\/index.php?rest_route=%2Fwp%2Fv2%2Fcomments&post=920"}],"version-history":[{"count":2,"href":"https:\/\/vjeronauk.net\/index.php?rest_route=\/wp\/v2\/pages\/920\/revisions"}],"predecessor-version":[{"id":1416,"href":"https:\/\/vjeronauk.net\/index.php?rest_route=\/wp\/v2\/pages\/920\/revisions\/1416"}],"up":[{"embeddable":true,"href":"https:\/\/vjeronauk.net\/index.php?rest_route=\/wp\/v2\/pages\/383"}],"wp:attachment":[{"href":"https:\/\/vjeronauk.net\/index.php?rest_route=%2Fwp%2Fv2%2Fmedia&parent=920"}],"curies":[{"name":"wp","href":"https:\/\/api.w.org\/{rel}","templated":true}]}}