{"id":930,"date":"2012-02-22T18:30:20","date_gmt":"2012-02-22T17:30:20","guid":{"rendered":"http:\/\/vjeronauk.net\/?page_id=930"},"modified":"2026-02-20T23:08:27","modified_gmt":"2026-02-20T22:08:27","slug":"stovanje-blazene-djevice-marije-i-svetih","status":"publish","type":"page","link":"https:\/\/vjeronauk.net\/?page_id=930","title":{"rendered":"\u0160tovanje Bla\u017eene Djevice Marije i svetih"},"content":{"rendered":"\n<p class=\"has-medium-font-size\">Tijekom crkvene godine slavimo i blagdane Bla\u017eene Djevice Marije i svetih. U njima tako\u0111er slavimo spasiteljsko Kristovo otajstvo, kako se ono ostvarilo na odabranim \u010dlanovima Bo\u017ejega naroda.<br>\n\u2022 <span style=\"color: #800000;\">Bla\u017eena Djevica Marija<\/span> bila je po Bo\u017ejem naumu nerazdru\u017eiva suradnica svome Sinu Isusu Kristu u njegovu djelu spasenja. Zato je bila uklju\u010dena u slavljenje otajstva Kristova spasiteljskog djela: u bo\u017ei\u0107nom otajstvu kao Bogorodica, u vazmenom kao supatnica s Kristom ali i dionica slave po uznesenju na nebo. Zbog ove posebne zada\u0107e u Bo\u017ejem djelu spasenja pripada Mariji i posebno \u0161tovanje, koje joj Crkva od po\u010detka iskazuje. Tijekom povijesti nastali su mnogi blagdani posve\u0107eni Mariji. Danas se u kalendaru Crkve nalaze ovi:<br>\n<span style=\"color: #000080;\">Svetkovina<\/span> Svete Bogorodice Marije (1. sije\u010dnja, Nova godina),<br>\nUznesenje Bla\u017eene Djevice Marije ili Velika Gospa (15. kolovoza).<br>\nBezgre\u0161no za\u010de\u0107e Bla\u017eene Djevice Marije (8. prosinca).<br>\n<span style=\"color: #000080;\">Blagdani<\/span>: Navje\u0161tenje Bla\u017eene Djevice Marije ili Blagovijest (25. o\u017eujka).<br>\nPoho\u0111enje Bla\u017eene Djevice Marije (31. svibnja).<br>\n<span style=\"font-size: revert;\">Ro\u0111enje Bla\u017eene Djevice Marije ili Mala Gospa (8. rujna).<br>\n<\/span>\u010cetiri \u00bb<span style=\"color: #000080;\">obavezna spomendana<\/span>\u00ab: Spomen Bla\u017eene Djevice Marije Kraljice (22. kolovoza), Spomen Bla\u017eene Djevice Marije \u017dalosne (15. rujna), Spomen Bla\u017eene Djevice Marije od svete Krunice (7. listopada) i Prikazanje Bla\u017eene Djevice Marije (1. studenoga).<br>\n\u010cetiri \u00bbneobavezna spomendana\u00ab: Spomen Majke Bo\u017eje Lurdske (11. velja\u010de), Bezgre\u0161no Srce Marijino (subota nakon svetkovine Presvetog Srca Isusova), Spomen Majke Bo\u017eje Karmelske (16. srpnja) i Posveta bazilike Majke Bo\u017eje Velike (5. kolovoza).<br>\n\u2022 <span style=\"color: #800000;\">Sveci<\/span> su oni kr\u0161\u0107ani koji su, vo\u0111eni vjerom, nasljedovali Isusa Krista i tako dali herojsko svjedo\u010danstvo za Boga. To svjedo\u010danstvo ima razli\u010dite oblike:<br>\n\u2014 <span style=\"color: #000080;\">Mu\u010denici<\/span> su zasvjedo\u010dili svoju vjeru time \u0161to su herojski podnijeli smrt radi Boga.<br>\n\u2014 <span style=\"color: #000080;\">Djevice<\/span> su svjedo\u010dile dragovoljnim djevi\u010danstvom radi boljeg slu\u017eenja Bogu i bra\u0107i.<br>\n\u2014 <span style=\"color: #000080;\">Pastiri<\/span> (pape, biskupi, sve\u0107enici) su svjedo\u010dili herojskim zalaganjem za \u0161irenje, rast i obranu Crkve.<br>\n\u2014 <span style=\"color: #000080;\">Redovnici i redovnice<\/span> svoju su vjeru i ljubav svjedo\u010dili \u017eivotom u poslu\u0161nosti, \u010disto\u0107i i siroma\u0161tvu radi slu\u017eenja Bo\u017ejem narodu.<br>\n\u2014 <span style=\"color: #000080;\">Sveti mu\u017eevi i \u017eene<\/span> svjedo\u010dili su herojskim krepostima u ostvarivanju evan\u0111eoske pravde i ljubavi na svim podru\u010djima ljudskog \u017eivota.<br>\n\u0160tovanje se svetih sastoji u tome da Crkva navije\u0161ta velika djela koja je Bog u njima izveo, hvali Boga za ta velika djela, predla\u017ee ih Bo\u017ejem narodu kao uzore kr\u0161\u0107anskog \u017eivota te po njihovu zagovoru, jer su naju\u017ee sjedinjeni s Kristom u slavi, moli Bo\u017eje darove za vjernike na zemlji. Crkva osim toga vjeruje da su sveci naju\u017ee povezani s Bo\u017ejim narodom na zemlji te da svojom neprestanom hvalom u nebu oplemenjuju i usavr\u0161uju onu hvalu \u0161to je Crkva na zemlji iskazuje Bogu. Od sveta\u010dkih blagdana posebno spominjemo ove: Sveti Josip (19. o\u017eujka), Sveti Petar i Pavao (29. lipnja), i Svi sveti (1. studenoga).<\/p>\n","protected":false},"excerpt":{"rendered":"<p>Tijekom crkvene godine slavimo i blagdane Bla\u017eene Djevice Marije i svetih. U njima tako\u0111er slavimo spasiteljsko Kristovo otajstvo, kako se ono ostvarilo na odabranim \u010dlanovima Bo\u017ejega naroda. \u2022 Bla\u017eena Djevica Marija bila je po Bo\u017ejem naumu nerazdru\u017eiva suradnica svome Sinu Isusu Kristu u njegovu djelu spasenja. Zato je bila uklju\u010dena u slavljenje otajstva Kristova spasiteljskog &hellip; <a href=\"https:\/\/vjeronauk.net\/?page_id=930\" class=\"more-link\">Nastavi \u010ditati <span class=\"screen-reader-text\">\u0160tovanje Bla\u017eene Djevice Marije i svetih<\/span><\/a><\/p>\n","protected":false},"author":5,"featured_media":0,"parent":325,"menu_order":0,"comment_status":"closed","ping_status":"closed","template":"","meta":{"footnotes":""},"class_list":["post-930","page","type-page","status-publish","hentry"],"_links":{"self":[{"href":"https:\/\/vjeronauk.net\/index.php?rest_route=\/wp\/v2\/pages\/930","targetHints":{"allow":["GET"]}}],"collection":[{"href":"https:\/\/vjeronauk.net\/index.php?rest_route=\/wp\/v2\/pages"}],"about":[{"href":"https:\/\/vjeronauk.net\/index.php?rest_route=\/wp\/v2\/types\/page"}],"author":[{"embeddable":true,"href":"https:\/\/vjeronauk.net\/index.php?rest_route=\/wp\/v2\/users\/5"}],"replies":[{"embeddable":true,"href":"https:\/\/vjeronauk.net\/index.php?rest_route=%2Fwp%2Fv2%2Fcomments&post=930"}],"version-history":[{"count":8,"href":"https:\/\/vjeronauk.net\/index.php?rest_route=\/wp\/v2\/pages\/930\/revisions"}],"predecessor-version":[{"id":3075,"href":"https:\/\/vjeronauk.net\/index.php?rest_route=\/wp\/v2\/pages\/930\/revisions\/3075"}],"up":[{"embeddable":true,"href":"https:\/\/vjeronauk.net\/index.php?rest_route=\/wp\/v2\/pages\/325"}],"wp:attachment":[{"href":"https:\/\/vjeronauk.net\/index.php?rest_route=%2Fwp%2Fv2%2Fmedia&parent=930"}],"curies":[{"name":"wp","href":"https:\/\/api.w.org\/{rel}","templated":true}]}}